{"id":6241,"date":"2026-02-04T14:10:46","date_gmt":"2026-02-04T06:10:46","guid":{"rendered":"https:\/\/www.bestwyll.com\/product\/bestwyll-wholesale-suppliers-roll-top-pick-up-truck-rear-roller-lid-shutter-bed-electric-tonneau-cover-for-2023-vw-amarok-e-k81\/"},"modified":"2026-02-04T14:16:19","modified_gmt":"2026-02-04T06:16:19","slug":"bestwyll-wholesale-suppliers-roll-top-pick-up-truck-rear-roller-lid-shutter-bed-electric-tonneau-cover-for-2023-vw-amarok-e-k81","status":"publish","type":"product","link":"https:\/\/www.bestwyll.com\/tr\/urun\/bestwyll-wholesale-suppliers-roll-top-pick-up-truck-rear-roller-lid-shutter-bed-electric-tonneau-cover-for-2023-vw-amarok-e-k81\/","title":{"rendered":"BESTWYLL Wholesale Suppliers Roll Top Pick up Truck Rear Roller Lid Shutter Bed Electric Tonneau Cover for 2023 Vw Amarok E-K81"},"content":{"rendered":"<div data-magic-global=\"%7B%22bizId%22%3A2212677814337%2C%22pageId%22%3A21345818713%2C%22siteId%22%3A10002951017%7D\" id=\"detail_decorate_root\">\n<style>#detail_decorate_root .magic-0{width:750px}#detail_decorate_root .magic-1{overflow:hidden;width:750px;height:843.75px;margin-top:0;margin-bottom:0;margin-left:0;margin-right:0}#detail_decorate_root .magic-2{margin-top:0;margin-left:0;width:750px;height:843.75px}#detail_decorate_root .magic-3{overflow:hidden;width:750px;height:1700px;margin-top:0;margin-bottom:0;margin-left:0;margin-right:0}#detail_decorate_root .magic-4{margin-top:0;margin-left:0;width:750.0000000000001px;height:3115.822784810127px}#detail_decorate_root .magic-5{overflow:hidden;width:750px;height:1350px;margin-top:0;margin-bottom:0;margin-left:0;margin-right:0}#detail_decorate_root .magic-6{margin-top:-1745px;margin-left:0;width:750px;height:3115.8227848101264px}#detail_decorate_root .magic-7{border-bottom-style:solid;border-bottom-color:#53647a;font-family:Roboto;font-size:24px;color:#53647a;font-style:normal;border-bottom-width:2px;padding-top:8px;padding-bottom:4px}#detail_decorate_root .magic-8{width:750px;border-collapse:collapse}#detail_decorate_root .magic-9{min-height:28px;padding:5px 10px;width:227px;min-height:28px;box-sizing:content-box}#detail_decorate_root .magic-10{text-align:center}#detail_decorate_root .magic-11{font-size:14px}#detail_decorate_root .magic-12{min-height:28px;padding:5px 10px;width:479px;min-height:28px;box-sizing:content-box}#detail_decorate_root .magic-13{text-align:justify}#detail_decorate_root .magic-14{margin-bottom:10px;line-height:0}#detail_decorate_root .magic-15{margin-bottom:10px}#detail_decorate_root .magic-16{position:relative;width:100%}#detail_decorate_root .magic-17{overflow:hidden;width:373px;height:373px;margin-top:0;margin-bottom:0;margin-left:0;margin-right:0}#detail_decorate_root .magic-18{margin-top:0;margin-left:0;width:373px;height:373px}#detail_decorate_root .magic-19{overflow:hidden;width:373px;height:373px;margin-top:0;margin-bottom:0;margin-left:4px;margin-right:0}#detail_decorate_root .magic-20{overflow:hidden;width:750px;height:750px;margin-top:0;margin-bottom:0;margin-left:0;margin-right:0}#detail_decorate_root .magic-21{margin-top:0;margin-left:0;width:750px;height:750px}#detail_decorate_root .magic-22{margin-bottom:10px;overflow:hidden}#detail_decorate_root .magic-23{overflow:hidden;width:750px;height:345.5696202531646px;margin-top:0;margin-bottom:0;margin-left:0;margin-right:0}#detail_decorate_root .magic-24{margin-top:0;margin-left:0;width:750.0000000000001px;height:345.5696202531646px}#detail_decorate_root .magic-25{overflow:hidden;width:750px;height:1010.1265822784811px;margin-top:0;margin-bottom:0;margin-left:0;margin-right:0}#detail_decorate_root .magic-26{margin-top:0;margin-left:0;width:750.0000000000001px;height:1010.1265822784811px}#detail_decorate_root .magic-27{overflow:hidden;width:750px;height:610.4430379746836px;margin-top:0;margin-bottom:0;margin-left:0;margin-right:0}#detail_decorate_root .magic-28{margin-top:0;margin-left:0;width:750.0000000000001px;height:610.4430379746836px}#detail_decorate_root .magic-29{vertical-align:top}#detail_decorate_root .magic-30{vertical-align:top;display:block;padding-right:4px;box-sizing:border-box;padding-left:4px}#detail_decorate_root .magic-31{vertical-align:top;padding-bottom:4px;box-sizing:border-box;padding-top:4px}#detail_decorate_root .magic-32{padding:0;margin:0;white-space:pre-wrap;font-size:14px}#detail_decorate_root .magic-33{overflow:hidden;width:750px;height:1087.0253164556964px;margin-top:0;margin-bottom:0;margin-left:0;margin-right:0}#detail_decorate_root .magic-34{margin-top:0;margin-left:0;width:750.0000000000001px;height:1087.0253164556964px}#detail_decorate_root .magic-35{overflow:hidden;width:750px;height:2103.7974683544307px;margin-top:0;margin-bottom:0;margin-left:0;margin-right:0}#detail_decorate_root .magic-36{margin-top:0;margin-left:0;width:750.0000000000001px;height:2103.7974683544307px}<\/style>\n<div module-id=\"36884481829\" module-title=\"detailSingleImage\" render=\"true\" class=\"J_module\">\n<div class=\"icbu-pc-images magic-0\">\n<div>\n<div class=\"flex-layout-v\">\n<div class=\"flex-layout-h magic-0\">\n<div class=\"magic-1\"><img decoding=\"async\" src=\"https:\/\/sc04.alicdn.com\/kf\/Hf81e5b5935f7468c8add0114568807ceP\/254772214\/Hf81e5b5935f7468c8add0114568807ceP.jpg\" data-src=\"\/\/sc04.alicdn.com\/kf\/Hf81e5b5935f7468c8add0114568807ceP\/254772214\/Hf81e5b5935f7468c8add0114568807ceP.jpg\" class=\"magic-2\"><\/div>\n<\/div>\n<\/div>\n<\/div>\n<\/div>\n<\/div>\n<div module-id=\"36884481835\" module-title=\"detailSingleImage\" render=\"true\" class=\"J_module\">\n<div class=\"icbu-pc-images magic-0\">\n<div>\n<div class=\"flex-layout-v\">\n<div class=\"flex-layout-h magic-0\">\n<div class=\"magic-3\"><img decoding=\"async\" src=\"https:\/\/sc04.alicdn.com\/kf\/H2c800614b72249098bea6a506017cee3B\/254772214\/H2c800614b72249098bea6a506017cee3B.jpg\" data-src=\"\/\/sc04.alicdn.com\/kf\/H2c800614b72249098bea6a506017cee3B\/254772214\/H2c800614b72249098bea6a506017cee3B.jpg\" class=\"magic-4\"><\/div>\n<\/div>\n<\/div>\n<\/div>\n<\/div>\n<\/div>\n<div module-id=\"47429718765\" module-title=\"detailSingleImage\" render=\"true\" class=\"J_module\">\n<div class=\"icbu-pc-images magic-0\">\n<div>\n<div class=\"flex-layout-v\">\n<div class=\"flex-layout-h magic-0\">\n<div class=\"magic-5\"><img decoding=\"async\" src=\"https:\/\/sc04.alicdn.com\/kf\/H2c800614b72249098bea6a506017cee3B\/254772214\/H2c800614b72249098bea6a506017cee3B.jpg\" data-src=\"\/\/sc04.alicdn.com\/kf\/H2c800614b72249098bea6a506017cee3B\/254772214\/H2c800614b72249098bea6a506017cee3B.jpg\" class=\"magic-6\"><\/div>\n<\/div>\n<\/div>\n<\/div>\n<\/div>\n<\/div>\n<div module-id=\"36884481830\" module-title=\"detailProductNavigation\" render=\"true\" class=\"J_module\">\n<div id=\"ali-anchor-AliMagic-jp37fi\" data-section=\"AliMagic-jp37fi\" data-section-title=\"Products Description\" class=\"magic-7\">\u00dcr\u00fcn A\u00e7\u0131klamas\u0131<\/div>\n<\/div>\n<div module-id=\"36884481831\" module-title=\"detailTableNoTitle\" render=\"true\" class=\"J_module\">\n<div class=\"ife-detail-decorate-table\">\n<table class=\"has-title hight-light-first-column all magic-8\">\n<tbody>\n<tr>\n<td colspan=\"1\" rowspan=\"1\">\n<div class=\"magic-9\">\n<div data-spm-anchor-id=\"a2700.custom-template.0.i28.79423333oXQkDE\" class=\"magic-10\"><b><font class=\"magic-11\">\u00dcr\u00fcn Ad\u0131<\/font><\/b><\/div>\n<\/div>\n<\/td>\n<td colspan=\"1\" rowspan=\"1\">\n<div class=\"magic-12\">BESTWYLL Wholesale Suppliers Roll Top Pick Up Truck Rear Roller Lid Shutter Bed Electric Tonneau Cover For 2023 Vw Amarok E-K81<\/div>\n<\/td>\n<\/tr>\n<tr>\n<td colspan=\"1\" rowspan=\"1\">\n<div class=\"magic-9\">\n<div data-spm-anchor-id=\"a2700.custom-template.0.i25.79423333oXQkDE\" class=\"magic-10\"><b><font class=\"magic-11\">Mod<\/font><\/b><\/div>\n<\/div>\n<\/td>\n<td colspan=\"1\" rowspan=\"1\">\n<div class=\"magic-12\">\n<div data-spm-anchor-id=\"a2700.custom-template.0.i52.79423333oXQkDE\" class=\"magic-13\"><font class=\"magic-11\">Elektrik<\/font><\/div>\n<\/div>\n<\/td>\n<\/tr>\n<tr>\n<td colspan=\"1\" rowspan=\"1\">\n<div class=\"magic-9\">\n<div data-spm-anchor-id=\"a2700.custom-template.0.i22.79423333oXQkDE\" class=\"magic-10\"><b><font class=\"magic-11\">Malzeme<\/font><\/b><\/div>\n<\/div>\n<\/td>\n<td colspan=\"1\" rowspan=\"1\">\n<div class=\"magic-12\">\n<div data-spm-anchor-id=\"a2700.custom-template.0.i23.79423333oXQkDE\" class=\"magic-13\"><font class=\"magic-11\">Al\u00fcminyum Ala\u015f\u0131m\u0131<\/font><\/div>\n<\/div>\n<\/td>\n<\/tr>\n<tr>\n<td colspan=\"1\" rowspan=\"1\">\n<div class=\"magic-9\">\n<div data-spm-anchor-id=\"a2700.custom-template.0.i27.79423333oXQkDE\" class=\"magic-10\"><b><font class=\"magic-11\">IP Derecelendirmesi<\/font><\/b><\/div>\n<\/div>\n<\/td>\n<td colspan=\"1\" rowspan=\"1\">\n<div class=\"magic-12\">\n<div data-spm-anchor-id=\"a2700.custom-template.0.i40.79423333oXQkDE\" class=\"magic-13\">\n<font class=\"magic-11\">IP56<\/font>\n<\/div>\n<\/div>\n<\/td>\n<\/tr>\n<tr>\n<td colspan=\"1\" rowspan=\"1\">\n<div class=\"magic-9\">\n<div data-spm-anchor-id=\"a2700.custom-template.0.i31.79423333oXQkDE\" class=\"magic-10\"><b data-spm-anchor-id=\"a2700.custom-template.0.i38.79423333oXQkDE\"><font class=\"magic-11\">Teslimat s\u00fcresi<\/font><\/b><\/div>\n<\/div>\n<\/td>\n<td colspan=\"1\" rowspan=\"1\">\n<div class=\"magic-12\">\n<div data-spm-anchor-id=\"a2700.custom-template.0.i34.79423333oXQkDE\" class=\"magic-13\">\n<font class=\"magic-11\">\u00d6demeden Sonra 7-15 G\u00fcn \u0130\u00e7inde<\/font>\n<\/div>\n<\/div>\n<\/td>\n<\/tr>\n<tr>\n<td colspan=\"1\" rowspan=\"1\">\n<div class=\"magic-9\">\n<div class=\"magic-10\"><b><font class=\"magic-11\">OEM<\/font><\/b><\/div>\n<\/div>\n<\/td>\n<td colspan=\"1\" rowspan=\"1\">\n<div class=\"magic-12\"><font class=\"magic-11\">\u00d6zelle\u015ftirilmi\u015f Mevcut<\/font><\/div>\n<\/td>\n<\/tr>\n<\/tbody>\n<\/table>\n<\/div>\n<\/div>\n<div module-id=\"36884481832\" module-title=\"detailManyImage\" render=\"true\" class=\"J_module\">\n<div class=\"icbu-pc-detailManyImage magic-14\">\n<div class=\"magic-15\"><img decoding=\"async\" src=\"https:\/\/sc04.alicdn.com\/kf\/Hc9dc28888ef447da9e5d0db241feb1a6V\/254772214\/Hc9dc28888ef447da9e5d0db241feb1a6V.png\" data-src=\"\/\/sc04.alicdn.com\/kf\/Hc9dc28888ef447da9e5d0db241feb1a6V\/254772214\/Hc9dc28888ef447da9e5d0db241feb1a6V.png\" class=\"magic-16\"><\/div>\n<div class=\"magic-15\"><img decoding=\"async\" src=\"https:\/\/sc04.alicdn.com\/kf\/H8d897f0d6719406c9de1fd071fed74daJ\/254772214\/H8d897f0d6719406c9de1fd071fed74daJ.png\" data-src=\"\/\/sc04.alicdn.com\/kf\/H8d897f0d6719406c9de1fd071fed74daJ\/254772214\/H8d897f0d6719406c9de1fd071fed74daJ.png\" class=\"magic-16\"><\/div>\n<div class=\"magic-15\"><img decoding=\"async\" src=\"https:\/\/sc04.alicdn.com\/kf\/H4c116716f03f479191db1a7cf0e3c704z\/254772214\/H4c116716f03f479191db1a7cf0e3c704z.png\" data-src=\"\/\/sc04.alicdn.com\/kf\/H4c116716f03f479191db1a7cf0e3c704z\/254772214\/H4c116716f03f479191db1a7cf0e3c704z.png\" class=\"magic-16\"><\/div>\n<div class=\"magic-15\"><img decoding=\"async\" src=\"https:\/\/sc04.alicdn.com\/kf\/H8b57d40f0a2f4aab9cdba5cdce131b5fA\/254772214\/H8b57d40f0a2f4aab9cdba5cdce131b5fA.png\" data-src=\"\/\/sc04.alicdn.com\/kf\/H8b57d40f0a2f4aab9cdba5cdce131b5fA\/254772214\/H8b57d40f0a2f4aab9cdba5cdce131b5fA.png\" class=\"magic-16\"><\/div>\n<div class=\"magic-15\"><img decoding=\"async\" src=\"https:\/\/sc04.alicdn.com\/kf\/H44be3e63f69b43bbb48fe103b491d512D\/254772214\/H44be3e63f69b43bbb48fe103b491d512D.png\" data-src=\"\/\/sc04.alicdn.com\/kf\/H44be3e63f69b43bbb48fe103b491d512D\/254772214\/H44be3e63f69b43bbb48fe103b491d512D.png\" class=\"magic-16\"><\/div>\n<div class=\"magic-15\"><img decoding=\"async\" src=\"https:\/\/sc04.alicdn.com\/kf\/Hb5f2be34aee340b9a3b4985bd9306f0ds\/254772214\/Hb5f2be34aee340b9a3b4985bd9306f0ds.png\" data-src=\"\/\/sc04.alicdn.com\/kf\/Hb5f2be34aee340b9a3b4985bd9306f0ds\/254772214\/Hb5f2be34aee340b9a3b4985bd9306f0ds.png\" class=\"magic-16\"><\/div>\n<\/div>\n<\/div>\n<div module-id=\"40470776348\" module-title=\"detailTwoImages\" render=\"true\" class=\"J_module\">\n<div class=\"icbu-pc-images magic-0\">\n<div>\n<div class=\"flex-layout-v\">\n<div class=\"flex-layout-h magic-0\">\n<div class=\"magic-17\"><img decoding=\"async\" src=\"https:\/\/sc04.alicdn.com\/kf\/H2c3df4a115754a668ab58eebe97622c5H\/254772214\/H2c3df4a115754a668ab58eebe97622c5H.jpg\" data-src=\"\/\/sc04.alicdn.com\/kf\/H2c3df4a115754a668ab58eebe97622c5H\/254772214\/H2c3df4a115754a668ab58eebe97622c5H.jpg\" class=\"magic-18\"><\/div>\n<div class=\"magic-19\"><img decoding=\"async\" src=\"https:\/\/sc04.alicdn.com\/kf\/H096082eea71343c4834f36b8dd76b7f1M\/254772214\/H096082eea71343c4834f36b8dd76b7f1M.jpg\" data-src=\"\/\/sc04.alicdn.com\/kf\/H096082eea71343c4834f36b8dd76b7f1M\/254772214\/H096082eea71343c4834f36b8dd76b7f1M.jpg\" class=\"magic-18\"><\/div>\n<\/div>\n<\/div>\n<\/div>\n<\/div>\n<\/div>\n<div module-id=\"40470776349\" module-title=\"detailSingleImage\" render=\"true\" class=\"J_module\">\n<div class=\"icbu-pc-images magic-0\">\n<div>\n<div class=\"flex-layout-v\">\n<div class=\"flex-layout-h magic-0\">\n<div class=\"magic-20\"><img decoding=\"async\" src=\"https:\/\/sc04.alicdn.com\/kf\/H00f720b1abde4e928e6657c1a34608ed5\/254772214\/H00f720b1abde4e928e6657c1a34608ed5.jpg\" data-src=\"\/\/sc04.alicdn.com\/kf\/H00f720b1abde4e928e6657c1a34608ed5\/254772214\/H00f720b1abde4e928e6657c1a34608ed5.jpg\" class=\"magic-21\"><\/div>\n<\/div>\n<\/div>\n<\/div>\n<\/div>\n<\/div>\n<div module-id=\"40470776350\" module-title=\"detailProductNavigation\" render=\"true\" class=\"J_module\">\n<div id=\"ali-anchor-AliMagic-9k9q9l\" data-section=\"AliMagic-9k9q9l\" data-section-title=\"Recommend Products\" class=\"magic-7\">\u00dcr\u00fcnleri \u00d6nerin<\/div>\n<\/div>\n<div module-id=\"36884481828\" module-title=\"detailSellerRecommend\" render=\"true\" class=\"J_module\">\n<div data-magic='{\"mds\":{\"assetsVersion\":\"0.0.16\",\"assetsPackageName\":\"icbumod\",\"moduleNameAlias\":\"icbu-pc-detailSellerRecommend\",\"moduleData\":{\"config\":{\"miniSiteUrl\":\"https:\/\/alisite-mobile.alibaba.com\/minisite\/261921644\/productlist.html\",\"columnCount\":4,\"titleKey\":6,\"url\":\"https:\/\/bestwyll.en.alibaba.com\/productlist.html\",\"products\":[1600622758013,1601634448281,1601589577964,1601589820412,1601081704591,1601029307539,1601562493261,1600580455091]}}},\"version\":1}' class=\"icbu-pc-detailSellerRecommend magic-22\"><\/div>\n<\/div>\n<div module-id=\"36884481834\" module-title=\"detailSingleImage\" render=\"true\" class=\"J_module\">\n<div class=\"icbu-pc-images magic-0\">\n<div>\n<div class=\"flex-layout-v\">\n<div class=\"flex-layout-h magic-0\">\n<div class=\"magic-23\"><img decoding=\"async\" src=\"https:\/\/sc04.alicdn.com\/kf\/H73977efe49884cb299b8bf63fea7fae0b\/254772214\/H73977efe49884cb299b8bf63fea7fae0b.jpg\" data-src=\"\/\/sc04.alicdn.com\/kf\/H73977efe49884cb299b8bf63fea7fae0b\/254772214\/H73977efe49884cb299b8bf63fea7fae0b.jpg\" class=\"magic-24\"><\/div>\n<\/div>\n<\/div>\n<\/div>\n<\/div>\n<\/div>\n<div module-id=\"36884481836\" module-title=\"detailSingleImage\" render=\"true\" class=\"J_module\">\n<div class=\"icbu-pc-images magic-0\">\n<div>\n<div class=\"flex-layout-v\">\n<div class=\"flex-layout-h magic-0\">\n<div class=\"magic-25\">\n<img decoding=\"async\" src=\"https:\/\/sc04.alicdn.com\/kf\/H7ad1e943d6b34867b3ddccb562b0a7e9M\/254772214\/H7ad1e943d6b34867b3ddccb562b0a7e9M.jpg\" data-src=\"\/\/sc04.alicdn.com\/kf\/H7ad1e943d6b34867b3ddccb562b0a7e9M\/254772214\/H7ad1e943d6b34867b3ddccb562b0a7e9M.jpg\" usemap=\"#6-93-0ea-121f\" class=\"magic-26\"><\/p>\n<map name=\"6-93-0ea-121f\">\n<area shape=\"rect\" coords=\"248,289,499,444\" href=\"https:\/\/bestwyll.en.alibaba.com\/productgrouplist-917102491\/For_Ford.html\" target=\"_blank\">\n<area shape=\"rect\" coords=\"264,130,488,267\" href=\"https:\/\/bestwyll.en.alibaba.com\/productgrouplist-917102490\/For_Toyota.html\" target=\"_blank\">\n<area shape=\"rect\" coords=\"495,130,717,268\" href=\"https:\/\/bestwyll.en.alibaba.com\/productgrouplist-916233813\/For_Nissan.html\" target=\"_blank\">\n<area shape=\"rect\" coords=\"31,299,240,431\" href=\"https:\/\/bestwyll.en.alibaba.com\/productgrouplist-916805214\/For_Mitsubishi.html\" target=\"_blank\">\n<area shape=\"rect\" coords=\"30,128,254,267\" href=\"https:\/\/bestwyll.en.alibaba.com\/productgrouplist-916233815\/For_Chevrolet_GMC.html\" target=\"_blank\">\n<area shape=\"rect\" coords=\"508,299,720,430\" href=\"https:\/\/bestwyll.en.alibaba.com\/productgrouplist-916474106\/For_Dodge.html\" target=\"_blank\">\n<area shape=\"rect\" coords=\"263,466,487,605\" href=\"https:\/\/bestwyll.en.alibaba.com\/productgrouplist-916209862\/For_SsangYong.html\" target=\"_blank\">\n<area shape=\"rect\" coords=\"31,809,717,951\" href=\"https:\/\/bestwyll.en.alibaba.com\/productlist.html\" target=\"_blank\"><\/map>\n<\/div>\n<\/div>\n<\/div>\n<\/div>\n<\/div>\n<\/div>\n<div module-id=\"36884481837\" module-title=\"detailSingleImage\" render=\"true\" class=\"J_module\">\n<div class=\"icbu-pc-images magic-0\">\n<div>\n<div class=\"flex-layout-v\">\n<div class=\"flex-layout-h magic-0\">\n<div class=\"magic-27\"><img decoding=\"async\" src=\"https:\/\/sc04.alicdn.com\/kf\/H43de1079ab784874b4ad2a39be4a3935w\/254772214\/H43de1079ab784874b4ad2a39be4a3935w.jpg\" data-src=\"\/\/sc04.alicdn.com\/kf\/H43de1079ab784874b4ad2a39be4a3935w\/254772214\/H43de1079ab784874b4ad2a39be4a3935w.jpg\" class=\"magic-28\"><\/div>\n<\/div>\n<\/div>\n<\/div>\n<\/div>\n<\/div>\n<div module-id=\"36884481838\" module-title=\"detailTextContent\" render=\"true\" class=\"J_module\">\n<div class=\"detail-decorate-json-renderer-container\">\n<div class=\"magic-29\">\n<div class=\"magic-30\">\n<div class=\"magic-31\">\n<div class=\"magic-32\"><span>2014 y\u0131l\u0131nda oto aksesuarlar\u0131 \u00fcreticisi ve ihracat\u00e7\u0131s\u0131 olarak kurulan Bestwyll, \u015fu anda Pickup Geri \u00c7ekilebilir Tonneau Kapa\u011f\u0131 ve ilgili aksesuarlar\u0131, ELC Yan Basamak, Spor Bar vb. \u00fcr\u00fcnlerin \u00f6nde gelen uzmanla\u015fm\u0131\u015f geli\u015ftiricisi ve \u00fcreticisidir.<br \/>\nFoshan Geely End\u00fcstri Park\u0131&#039;nda 15.000 metrekarelik ofis ve \u00fcretim alan\u0131na sahip olan Bestwyll, bu alanda 20 y\u0131l\u0131 a\u015fk\u0131n s\u00fcredir \u00e7al\u0131\u015fan, hevesli bir ekip taraf\u0131ndan organize edilmi\u015ftir. Bestwyll, yaln\u0131zca IATF16949 sertifikal\u0131 bir kurulu\u015f de\u011fil, ayn\u0131 zamanda EMARK sertifikal\u0131 ilk ve TEK \u00c7inli Pickup Geri \u00c7ekilebilir Tonneau Kapa\u011f\u0131 \u00fcreticisidir.<br \/>\n\u00c7in, ABD, Avrupa ve G\u00fcneydo\u011fu Asya&#039;da tescilli onlarca patenti bulunan Bestwyll&#039;in ayr\u0131ca \u00c7in, Avrupa, ABD, Kambo\u00e7ya, Vietnam, Malezya vb. \u00fclkelerde tescilli &quot;BESTWYLL&quot; ticari markas\u0131 da bulunmaktad\u0131r. \u00c7in anakaras\u0131nda en y\u00fcksek standartlarda OEM Geri \u00c7ekilebilir Tonneau Kapa\u011f\u0131 i\u00e7in TEK kalifiye \u00fcretici olmaktan gurur duyuyoruz.<br \/>\nBa\u015far\u0131l\u0131 OEM, ODM, toptan Marka Etiketi ve \u00d6zel Etiket deneyimiyle, sat\u0131\u015f kanallar\u0131m\u0131z yaln\u0131zca \u00c7in i\u00e7 pazar\u0131n\u0131 de\u011fil ayn\u0131 zamanda Kuzey Amerika, G\u00fcney Amerika, G\u00fcneydo\u011fu Asya, Avrupa ve Orta Do\u011fu vb. b\u00f6lgeleri de kapsamaktad\u0131r. G\u00fcvenilir orta\u011f\u0131n\u0131z olmay\u0131 ve d\u00fcnya \u00e7ap\u0131nda daha fazla kazan-kazan distrib\u00fct\u00f6r\u00fc aramay\u0131 d\u00f6rt g\u00f6zle bekliyoruz.<\/span><\/div>\n<\/div>\n<\/div>\n<\/div>\n<\/div>\n<\/div>\n<div module-id=\"36884481839\" module-title=\"detailSingleImage\" render=\"true\" class=\"J_module\">\n<div class=\"icbu-pc-images magic-0\">\n<div>\n<div class=\"flex-layout-v\">\n<div class=\"flex-layout-h magic-0\">\n<div class=\"magic-33\"><img decoding=\"async\" src=\"https:\/\/sc04.alicdn.com\/kf\/Hfe07a2e120524b5ea67a87b064805d15v\/254772214\/Hfe07a2e120524b5ea67a87b064805d15v.jpg\" data-src=\"\/\/sc04.alicdn.com\/kf\/Hfe07a2e120524b5ea67a87b064805d15v\/254772214\/Hfe07a2e120524b5ea67a87b064805d15v.jpg\" class=\"magic-34\"><\/div>\n<\/div>\n<\/div>\n<\/div>\n<\/div>\n<\/div>\n<div module-id=\"36884481840\" module-title=\"detailSingleImage\" render=\"true\" class=\"J_module\">\n<div class=\"icbu-pc-images magic-0\">\n<div>\n<div class=\"flex-layout-v\">\n<div class=\"flex-layout-h magic-0\">\n<div class=\"magic-35\"><img decoding=\"async\" src=\"https:\/\/sc04.alicdn.com\/kf\/He12e59147e7c4ee5b8fd3906a512fef0D\/254772214\/He12e59147e7c4ee5b8fd3906a512fef0D.jpg\" data-src=\"\/\/sc04.alicdn.com\/kf\/He12e59147e7c4ee5b8fd3906a512fef0D\/254772214\/He12e59147e7c4ee5b8fd3906a512fef0D.jpg\" class=\"magic-36\"><\/div>\n<\/div>\n<\/div>\n<\/div>\n<\/div>\n<\/div><\/div>","protected":false},"excerpt":{"rendered":"<p>Products Description Product Name BESTWYLL Wholesale Suppliers Roll Top Pick Up Truck Rear Roller Lid Shutter Bed Electric Tonneau Cover<\/p>","protected":false},"featured_media":6242,"template":"","meta":[],"product_brand":[],"product_cat":[30,83,114],"product_tag":[],"class_list":{"0":"post-6241","1":"product","2":"type-product","3":"status-publish","4":"has-post-thumbnail","6":"product_cat-for-volkswagen","7":"product_cat-tonneau-cover","8":"product_cat-volkswagen","10":"first","11":"instock","12":"shipping-taxable","13":"purchasable","14":"product-type-simple"},"_links":{"self":[{"href":"https:\/\/www.bestwyll.com\/tr\/wp-json\/wp\/v2\/product\/6241","targetHints":{"allow":["GET"]}}],"collection":[{"href":"https:\/\/www.bestwyll.com\/tr\/wp-json\/wp\/v2\/product"}],"about":[{"href":"https:\/\/www.bestwyll.com\/tr\/wp-json\/wp\/v2\/types\/product"}],"version-history":[{"count":1,"href":"https:\/\/www.bestwyll.com\/tr\/wp-json\/wp\/v2\/product\/6241\/revisions"}],"predecessor-version":[{"id":6248,"href":"https:\/\/www.bestwyll.com\/tr\/wp-json\/wp\/v2\/product\/6241\/revisions\/6248"}],"wp:featuredmedia":[{"embeddable":true,"href":"https:\/\/www.bestwyll.com\/tr\/wp-json\/wp\/v2\/media\/6242"}],"wp:attachment":[{"href":"https:\/\/www.bestwyll.com\/tr\/wp-json\/wp\/v2\/media?parent=6241"}],"wp:term":[{"taxonomy":"product_brand","embeddable":true,"href":"https:\/\/www.bestwyll.com\/tr\/wp-json\/wp\/v2\/product_brand?post=6241"},{"taxonomy":"product_cat","embeddable":true,"href":"https:\/\/www.bestwyll.com\/tr\/wp-json\/wp\/v2\/product_cat?post=6241"},{"taxonomy":"product_tag","embeddable":true,"href":"https:\/\/www.bestwyll.com\/tr\/wp-json\/wp\/v2\/product_tag?post=6241"}],"curies":[{"name":"wp","href":"https:\/\/api.w.org\/{rel}","templated":true}]}}