{"id":579,"date":"2025-04-22T09:23:22","date_gmt":"2025-04-22T01:23:22","guid":{"rendered":"https:\/\/www.bestwyll.com\/?post_type=product&#038;p=579"},"modified":"2025-04-25T11:02:04","modified_gmt":"2025-04-25T03:02:04","slug":"sport-bar-adapter","status":"publish","type":"product","link":"https:\/\/www.bestwyll.com\/tr\/urun\/sport-bar-adapter\/","title":{"rendered":"Spor Bar Adapt\u00f6r\u00fc"},"content":{"rendered":"<p>Spor Bar Adapt\u00f6r\u00fc<\/p>","protected":false},"excerpt":{"rendered":"<p>Spor Bar Adapt\u00f6r\u00fc<\/p>","protected":false},"featured_media":159,"template":"","meta":[],"product_brand":[],"product_cat":[23],"product_tag":[],"class_list":{"0":"post-579","1":"product","2":"type-product","3":"status-publish","4":"has-post-thumbnail","6":"product_cat-sport-bar-adapter","8":"first","9":"instock","10":"shipping-taxable","11":"product-type-simple"},"_links":{"self":[{"href":"https:\/\/www.bestwyll.com\/tr\/wp-json\/wp\/v2\/product\/579","targetHints":{"allow":["GET"]}}],"collection":[{"href":"https:\/\/www.bestwyll.com\/tr\/wp-json\/wp\/v2\/product"}],"about":[{"href":"https:\/\/www.bestwyll.com\/tr\/wp-json\/wp\/v2\/types\/product"}],"version-history":[{"count":2,"href":"https:\/\/www.bestwyll.com\/tr\/wp-json\/wp\/v2\/product\/579\/revisions"}],"predecessor-version":[{"id":582,"href":"https:\/\/www.bestwyll.com\/tr\/wp-json\/wp\/v2\/product\/579\/revisions\/582"}],"wp:featuredmedia":[{"embeddable":true,"href":"https:\/\/www.bestwyll.com\/tr\/wp-json\/wp\/v2\/media\/159"}],"wp:attachment":[{"href":"https:\/\/www.bestwyll.com\/tr\/wp-json\/wp\/v2\/media?parent=579"}],"wp:term":[{"taxonomy":"product_brand","embeddable":true,"href":"https:\/\/www.bestwyll.com\/tr\/wp-json\/wp\/v2\/product_brand?post=579"},{"taxonomy":"product_cat","embeddable":true,"href":"https:\/\/www.bestwyll.com\/tr\/wp-json\/wp\/v2\/product_cat?post=579"},{"taxonomy":"product_tag","embeddable":true,"href":"https:\/\/www.bestwyll.com\/tr\/wp-json\/wp\/v2\/product_tag?post=579"}],"curies":[{"name":"wp","href":"https:\/\/api.w.org\/{rel}","templated":true}]}}