{"id":5582,"date":"2025-09-23T14:05:32","date_gmt":"2025-09-23T06:05:32","guid":{"rendered":"https:\/\/www.bestwyll.com\/product\/bestwyll-off-road-4x4-hardtop-camper-truck-bed-topper-canopy-waterproof-for-chevrolet-silverado\/"},"modified":"2026-04-07T14:40:26","modified_gmt":"2026-04-07T06:40:26","slug":"bestwyll-off-road-4x4-hardtop-camper-truck-bed-topper-canopy-waterproof","status":"publish","type":"product","link":"https:\/\/www.bestwyll.com\/tr\/urun\/bestwyll-off-road-4x4-hardtop-camper-truck-bed-topper-canopy-waterproof\/","title":{"rendered":"BESTWYLL Off Road 4&#215;4 Hardtop Camper Truck Bed Topper Canopy Waterproof"},"content":{"rendered":"<div id=\"detail_decorate_root\" data-magic-global=\"%7B%22bizId%22%3A2212677814337%2C%22pageId%22%3A21705156419%2C%22siteId%22%3A10002951017%7D\">\n<style>#detail_decorate_root .magic-0{width:750px}#detail_decorate_root .magic-1{overflow:hidden;width:750px;height:843.75px;margin-top:0;margin-bottom:0;margin-left:0;margin-right:0}#detail_decorate_root .magic-2{margin-top:0;margin-left:0;width:750px;height:843.75px}#detail_decorate_root .magic-3{border-bottom-style:solid;border-bottom-color:#53647a;font-family:Roboto;font-size:24px;color:#53647a;font-style:normal;border-bottom-width:2px;padding-top:8px;padding-bottom:4px}#detail_decorate_root .magic-4{width:750px;border-collapse:collapse}#detail_decorate_root .magic-5{min-height:28px;padding:5px 10px;width:274px;min-height:28px;box-sizing:content-box}#detail_decorate_root .magic-6{text-align:center}#detail_decorate_root .magic-7{font-size:14px}#detail_decorate_root .magic-8{min-height:28px;padding:5px 10px;width:432px;min-height:28px;box-sizing:content-box}#detail_decorate_root .magic-9{text-align:justify}#detail_decorate_root .magic-10{margin-bottom:10px;line-height:0}#detail_decorate_root .magic-11{width:750px;height:1770px;overflow:hidden;margin-bottom:0}#detail_decorate_root .magic-12{position:relative;left:0;top:16px;width:750px;height:1757.2916666666665px}#detail_decorate_root .magic-13{margin-bottom:0}#detail_decorate_root .magic-14{position:relative;width:100%}#detail_decorate_root .magic-15{margin-bottom:10px;overflow:hidden}#detail_decorate_root .magic-16{overflow:hidden;width:750px;height:610.4430379746836px;margin-top:0;margin-bottom:0;margin-left:0;margin-right:0}#detail_decorate_root .magic-17{margin-top:0;margin-left:0;width:750.0000000000001px;height:610.4430379746836px}#detail_decorate_root .magic-18{vertical-align:top}#detail_decorate_root .magic-19{vertical-align:top;display:block;padding-right:4px;box-sizing:border-box;padding-left:4px}#detail_decorate_root .magic-20{vertical-align:top;padding-bottom:4px;box-sizing:border-box;padding-top:4px}#detail_decorate_root .magic-21{padding:0;margin:0;white-space:pre-wrap;font-size:14px}#detail_decorate_root .magic-22{overflow:hidden;width:750px;height:1087.0253164556964px;margin-top:0;margin-bottom:0;margin-left:0;margin-right:0}#detail_decorate_root .magic-23{margin-top:0;margin-left:0;width:750.0000000000001px;height:1087.0253164556964px}#detail_decorate_root .magic-24{overflow:hidden;width:750px;height:2103.7974683544307px;margin-top:0;margin-bottom:0;margin-left:0;margin-right:0}#detail_decorate_root .magic-25{margin-top:0;margin-left:0;width:750.0000000000001px;height:2103.7974683544307px}<\/style>\n<div class=\"J_module\">\n<div class=\"icbu-pc-images magic-0\">\n<div>\n<div class=\"flex-layout-v\">\n<div class=\"flex-layout-h magic-0\">\n<div class=\"magic-1\"><img decoding=\"async\" class=\"magic-2\" src=\"https:\/\/sc04.alicdn.com\/kf\/Hf81e5b5935f7468c8add0114568807ceP\/254772214\/Hf81e5b5935f7468c8add0114568807ceP.jpg\" data-src=\"\/\/sc04.alicdn.com\/kf\/Hf81e5b5935f7468c8add0114568807ceP\/254772214\/Hf81e5b5935f7468c8add0114568807ceP.jpg\" \/><\/div>\n<\/div>\n<\/div>\n<\/div>\n<\/div>\n<\/div>\n<div class=\"J_module\">\n<div id=\"ali-anchor-AliMagic-uwtun4\" class=\"magic-3\" data-section=\"AliMagic-uwtun4\" data-section-title=\"Products Description\">\u00dcr\u00fcn A\u00e7\u0131klamas\u0131<\/div>\n<\/div>\n<div class=\"J_module\">\n<div class=\"ife-detail-decorate-table\">\n<table class=\"has-title hight-light-first-column all magic-4\">\n<tbody>\n<tr>\n<td colspan=\"1\" rowspan=\"1\">\n<div class=\"magic-5\">\n<div class=\"magic-6\" data-spm-anchor-id=\"a2700.custom-template.0.i28.79423333oXQkDE\"><b><span class=\"magic-7\">\u00dcr\u00fcn Ad\u0131<\/span><\/b><\/div>\n<\/div>\n<\/td>\n<td colspan=\"1\" rowspan=\"1\">\n<div class=\"magic-8\">\n<div class=\"magic-9\" data-spm-anchor-id=\"a2700.custom-template.0.i51.79423333oXQkDE\">BESTWYLL Off Road 4\u00d74 Hardtop Kamp Kamyonu Kasa \u00dcst\u00fc Tente Su Ge\u00e7irmez Chevrolet Silverado i\u00e7in<\/div>\n<\/div>\n<\/td>\n<\/tr>\n<tr>\n<td colspan=\"1\" rowspan=\"1\">\n<div class=\"magic-5\">\n<div class=\"magic-6\" data-spm-anchor-id=\"a2700.custom-template.0.i25.79423333oXQkDE\"><b><span class=\"magic-7\">Mod<\/span><\/b><\/div>\n<\/div>\n<\/td>\n<td colspan=\"1\" rowspan=\"1\">\n<div class=\"magic-8\">\n<div class=\"magic-9\" data-spm-anchor-id=\"a2700.custom-template.0.i52.79423333oXQkDE\">Manuel<\/div>\n<\/div>\n<\/td>\n<\/tr>\n<tr>\n<td colspan=\"1\" rowspan=\"1\">\n<div class=\"magic-5\">\n<div class=\"magic-6\" data-spm-anchor-id=\"a2700.custom-template.0.i22.79423333oXQkDE\"><b><span class=\"magic-7\">Malzeme<\/span><\/b><\/div>\n<\/div>\n<\/td>\n<td colspan=\"1\" rowspan=\"1\">\n<div class=\"magic-8\">\n<div class=\"magic-9\" data-spm-anchor-id=\"a2700.custom-template.0.i23.79423333oXQkDE\"><span class=\"magic-7\">Al\u00fcminyum Ala\u015f\u0131m\u0131<\/span><\/div>\n<\/div>\n<\/td>\n<\/tr>\n<tr>\n<td colspan=\"1\" rowspan=\"1\">\n<div class=\"magic-5\">\n<div class=\"magic-6\" data-spm-anchor-id=\"a2700.custom-template.0.i31.79423333oXQkDE\"><b data-spm-anchor-id=\"a2700.custom-template.0.i38.79423333oXQkDE\"><span class=\"magic-7\">Teslimat s\u00fcresi<\/span><\/b><\/div>\n<\/div>\n<\/td>\n<td colspan=\"1\" rowspan=\"1\">\n<div class=\"magic-8\">\n<div class=\"magic-9\" data-spm-anchor-id=\"a2700.custom-template.0.i34.79423333oXQkDE\"><span class=\"magic-7\">\u00d6demeden Sonra 7-15 G\u00fcn \u0130\u00e7inde<\/span><\/div>\n<\/div>\n<\/td>\n<\/tr>\n<tr>\n<td colspan=\"1\" rowspan=\"1\">\n<div class=\"magic-5\">\n<div class=\"magic-6\"><b><span class=\"magic-7\">OEM<\/span><\/b><\/div>\n<\/div>\n<\/td>\n<td colspan=\"1\" rowspan=\"1\">\n<div class=\"magic-8\">\n<div class=\"magic-9\">\u00d6zelle\u015ftirilmi\u015f Mevcut<\/div>\n<\/div>\n<\/td>\n<\/tr>\n<\/tbody>\n<\/table>\n<\/div>\n<\/div>\n<div class=\"J_module\">\n<div class=\"icbu-pc-detailManyImage magic-10\">\n<div class=\"magic-11\"><img decoding=\"async\" class=\"magic-12\" src=\"https:\/\/sc04.alicdn.com\/kf\/Hf6b5bd86a0924d64a6f8937f20b61136K\/254772214\/Hf6b5bd86a0924d64a6f8937f20b61136K.jpg\" data-src=\"\/\/sc04.alicdn.com\/kf\/Hf6b5bd86a0924d64a6f8937f20b61136K\/254772214\/Hf6b5bd86a0924d64a6f8937f20b61136K.jpg\" \/><\/div>\n<div class=\"magic-13\"><img decoding=\"async\" class=\"magic-14\" src=\"https:\/\/sc04.alicdn.com\/kf\/H76099798a16b4f0abd6fdac05aba32e3s\/254772214\/H76099798a16b4f0abd6fdac05aba32e3s.jpg\" data-src=\"\/\/sc04.alicdn.com\/kf\/H76099798a16b4f0abd6fdac05aba32e3s\/254772214\/H76099798a16b4f0abd6fdac05aba32e3s.jpg\" \/><\/div>\n<div class=\"magic-13\"><img decoding=\"async\" class=\"magic-14\" src=\"https:\/\/sc04.alicdn.com\/kf\/H90f742038af846ce98cdc1a261a91ad2f\/254772214\/H90f742038af846ce98cdc1a261a91ad2f.jpg\" data-src=\"\/\/sc04.alicdn.com\/kf\/H90f742038af846ce98cdc1a261a91ad2f\/254772214\/H90f742038af846ce98cdc1a261a91ad2f.jpg\" \/><\/div>\n<\/div>\n<\/div>\n<div class=\"J_module\">\n<div class=\"icbu-pc-images magic-0\">\n<div>\n<div class=\"flex-layout-v\">\n<div class=\"flex-layout-h magic-0\">\n<div class=\"magic-16\"><img decoding=\"async\" class=\"magic-17\" src=\"https:\/\/sc04.alicdn.com\/kf\/H43de1079ab784874b4ad2a39be4a3935w\/254772214\/H43de1079ab784874b4ad2a39be4a3935w.jpg\" data-src=\"\/\/sc04.alicdn.com\/kf\/H43de1079ab784874b4ad2a39be4a3935w\/254772214\/H43de1079ab784874b4ad2a39be4a3935w.jpg\" \/><\/div>\n<\/div>\n<\/div>\n<\/div>\n<\/div>\n<\/div>\n<div class=\"J_module\">\n<div class=\"detail-decorate-json-renderer-container\">\n<div class=\"magic-18\">\n<div class=\"magic-19\">\n<div class=\"magic-20\">\n<div class=\"magic-21\">\n<p>2014 y\u0131l\u0131nda oto aksesuarlar\u0131 \u00fcreticisi ve ihracat\u00e7\u0131s\u0131 olarak kurulan Bestwyll, \u015fu anda Pickup Geri \u00c7ekilebilir Tonneau Kapa\u011f\u0131 ve ilgili aksesuarlar\u0131, ELC Yan Basamak, Spor Bar vb. \u00fcr\u00fcnlerin \u00f6nde gelen uzmanla\u015fm\u0131\u015f geli\u015ftiricisi ve \u00fcreticisidir.<\/p>\n<div>Foshan Geely End\u00fcstri Park\u0131&#039;nda 15.000 metrekarelik ofis ve \u00fcretim alan\u0131na sahip olan Bestwyll, bu alanda 20 y\u0131l\u0131 a\u015fk\u0131n s\u00fcredir \u00e7al\u0131\u015fan, hevesli bir ekip taraf\u0131ndan organize edilmi\u015ftir. Bestwyll, yaln\u0131zca IATF16949 sertifikal\u0131 bir kurulu\u015f de\u011fil, ayn\u0131 zamanda EMARK sertifikal\u0131 ilk ve TEK \u00c7inli Pickup Geri \u00c7ekilebilir Tonneau Kapa\u011f\u0131 \u00fcreticisidir.<\/div>\n<div>\u00c7in, ABD, Avrupa ve G\u00fcneydo\u011fu Asya&#039;da tescilli onlarca patenti bulunan Bestwyll&#039;in ayr\u0131ca \u00c7in, Avrupa, ABD, Kambo\u00e7ya, Vietnam, Malezya vb. \u00fclkelerde tescilli &quot;BESTWYLL&quot; ticari markas\u0131 da bulunmaktad\u0131r. \u00c7in anakaras\u0131nda en y\u00fcksek standartlarda OEM Geri \u00c7ekilebilir Tonneau Kapa\u011f\u0131 i\u00e7in TEK kalifiye \u00fcretici olmaktan gurur duyuyoruz.<\/div>\n<div>Ba\u015far\u0131l\u0131 OEM, ODM, toptan Marka Etiketi ve \u00d6zel Etiket deneyimiyle, sat\u0131\u015f kanallar\u0131m\u0131z yaln\u0131zca \u00c7in i\u00e7 pazar\u0131n\u0131 de\u011fil ayn\u0131 zamanda Kuzey Amerika, G\u00fcney Amerika, G\u00fcneydo\u011fu Asya, Avrupa ve Orta Do\u011fu vb. b\u00f6lgeleri de kapsamaktad\u0131r. G\u00fcvenilir orta\u011f\u0131n\u0131z olmay\u0131 ve d\u00fcnya \u00e7ap\u0131nda daha fazla kazan-kazan distrib\u00fct\u00f6r\u00fc aramay\u0131 d\u00f6rt g\u00f6zle bekliyoruz.<\/div>\n<\/div>\n<\/div>\n<\/div>\n<\/div>\n<\/div>\n<\/div>\n<div class=\"J_module\">\n<div class=\"icbu-pc-images magic-0\">\n<div>\n<div class=\"flex-layout-v\">\n<div class=\"flex-layout-h magic-0\">\n<div class=\"magic-22\"><img decoding=\"async\" class=\"magic-23\" src=\"https:\/\/sc04.alicdn.com\/kf\/Hfe07a2e120524b5ea67a87b064805d15v\/254772214\/Hfe07a2e120524b5ea67a87b064805d15v.jpg\" data-src=\"\/\/sc04.alicdn.com\/kf\/Hfe07a2e120524b5ea67a87b064805d15v\/254772214\/Hfe07a2e120524b5ea67a87b064805d15v.jpg\" \/><\/div>\n<\/div>\n<\/div>\n<\/div>\n<\/div>\n<\/div>\n<div class=\"J_module\">\n<div class=\"icbu-pc-images magic-0\">\n<div>\n<div class=\"flex-layout-v\">\n<div class=\"flex-layout-h magic-0\">\n<div class=\"magic-24\"><img decoding=\"async\" class=\"magic-25\" src=\"https:\/\/sc04.alicdn.com\/kf\/He12e59147e7c4ee5b8fd3906a512fef0D\/254772214\/He12e59147e7c4ee5b8fd3906a512fef0D.jpg\" data-src=\"\/\/sc04.alicdn.com\/kf\/He12e59147e7c4ee5b8fd3906a512fef0D\/254772214\/He12e59147e7c4ee5b8fd3906a512fef0D.jpg\" \/><\/div>\n<\/div>\n<\/div>\n<\/div>\n<\/div>\n<\/div>\n<\/div>","protected":false},"excerpt":{"rendered":"<p>\u00dcr\u00fcn A\u00e7\u0131klamas\u0131 \u00dcr\u00fcn Ad\u0131 BESTWYLL Off Road 4\u00d74 Hardtop Kamp Kamyonu Kasa \u00dcst\u00fc G\u00f6lgelik Su Ge\u00e7irmez Chevrolet Silverado Mode Manuel<\/p>","protected":false},"featured_media":5583,"template":"","meta":[],"product_brand":[],"product_cat":[134,21,114],"product_tag":[],"class_list":{"0":"post-5582","1":"product","2":"type-product","3":"status-publish","4":"has-post-thumbnail","6":"product_cat-for-volkswagen-canopy","7":"product_cat-canopy","8":"product_cat-volkswagen","10":"first","11":"instock","12":"shipping-taxable","13":"purchasable","14":"product-type-simple"},"_links":{"self":[{"href":"https:\/\/www.bestwyll.com\/tr\/wp-json\/wp\/v2\/product\/5582","targetHints":{"allow":["GET"]}}],"collection":[{"href":"https:\/\/www.bestwyll.com\/tr\/wp-json\/wp\/v2\/product"}],"about":[{"href":"https:\/\/www.bestwyll.com\/tr\/wp-json\/wp\/v2\/types\/product"}],"version-history":[{"count":4,"href":"https:\/\/www.bestwyll.com\/tr\/wp-json\/wp\/v2\/product\/5582\/revisions"}],"predecessor-version":[{"id":6439,"href":"https:\/\/www.bestwyll.com\/tr\/wp-json\/wp\/v2\/product\/5582\/revisions\/6439"}],"wp:featuredmedia":[{"embeddable":true,"href":"https:\/\/www.bestwyll.com\/tr\/wp-json\/wp\/v2\/media\/5583"}],"wp:attachment":[{"href":"https:\/\/www.bestwyll.com\/tr\/wp-json\/wp\/v2\/media?parent=5582"}],"wp:term":[{"taxonomy":"product_brand","embeddable":true,"href":"https:\/\/www.bestwyll.com\/tr\/wp-json\/wp\/v2\/product_brand?post=5582"},{"taxonomy":"product_cat","embeddable":true,"href":"https:\/\/www.bestwyll.com\/tr\/wp-json\/wp\/v2\/product_cat?post=5582"},{"taxonomy":"product_tag","embeddable":true,"href":"https:\/\/www.bestwyll.com\/tr\/wp-json\/wp\/v2\/product_tag?post=5582"}],"curies":[{"name":"wp","href":"https:\/\/api.w.org\/{rel}","templated":true}]}}