{"id":4996,"date":"2023-05-08T13:58:32","date_gmt":"2023-05-08T05:58:32","guid":{"rendered":"https:\/\/www.bestwyll.com\/product\/sport-bar-adapter-for-nissan-navara-chevrolet-colorado-2015-2020-rb-zj8\/"},"modified":"2025-05-28T18:00:35","modified_gmt":"2025-05-28T10:00:35","slug":"sport-bar-adapter-for-nissan-navara-chevrolet-colorado-2015-2020-rb-zj8","status":"publish","type":"product","link":"https:\/\/www.bestwyll.com\/tr\/urun\/sport-bar-adapter-for-nissan-navara-chevrolet-colorado-2015-2020-rb-zj8\/","title":{"rendered":"Nissan Navara Chevrolet Colorado 2015-2020 RB-ZJ8 \u0130\u00e7in Spor Bar Adapt\u00f6r\u00fc"},"content":{"rendered":"<div id=\"shopify-section-product-content\" class=\"shopify-section\">\n<section class=\"container\">\n<div id=\"product-47327003-content\" class=\"product-content anchor\">\n<div id=\"product-47327003-tabs\" class=\"product-content__tabs anchor\">\n<div class=\"product-tabs\">\n<div class=\"product-tabs__content\">\n<div id=\"block-product-content-description-662-1667466984685\" class=\"product-tabs__tab-item-wrapper\"><button class=\"collapsible-toggle heading heading--small hidden-lap-and-up\" aria-controls=\"block-product-content-description-662-1667466984685-content\" aria-expanded=\"true\">Tan\u0131m<br \/>\n<\/button><\/p>\n<div class=\"product-tabs__tab-item-content rte\">\n<div>\n<div class=\"do-entry do-entry-separate\" data-e2e-name=\"quickDetail\">\n<div class=\"do-entry-title\">\n<div class=\"do-entry do-entry-separate\" data-e2e-name=\"quickDetail\">\n<div class=\"do-entry-title\">\n<div class=\"do-entry do-entry-separate\" data-e2e-name=\"quickDetail\">\n<div class=\"do-entry-title\">\n<div class=\"do-entry do-entry-separate\" data-e2e-name=\"quickDetail\">\n<div class=\"do-entry-title\">\n<div class=\"do-entry do-entry-separate\" data-e2e-name=\"quickDetail\">\n<div class=\"do-entry-title\">\n<div class=\"do-entry do-entry-separate\" data-e2e-name=\"quickDetail\"><\/div>\n<div class=\"do-entry do-entry-full\" data-e2e-name=\"productPackaging\">\n<div class=\"do-entry-list\">\n<dl class=\"leadtime-table\">\n<dt class=\"leadtime-table__key\" title=\"Kur\u015fun zaman\u0131\"><\/dt>\n<dt class=\"leadtime-table__key\" title=\"Kur\u015fun zaman\u0131\">\n<table style=\"border-collapse: collapse; width: 100.042%;\" border=\"1\">\n<tbody>\n<tr>\n<td style=\"width: 21.1889%;\" width=\"98\"><span data-spm-anchor-id=\"a2700.details.0.i9.c116647e4iCCTd\">\u0130\u015flev:<\/span><\/td>\n<td style=\"width: 23.8375%;\" width=\"111\">\n<p data-spm-anchor-id=\"a2700.details.0.i10.310378e1ymz5Cp\">\n<\/td>\n<td style=\"width: 27.9429%;\" width=\"130\">Marka Ad\u0131:<\/td>\n<td style=\"width: 27.0158%;\" width=\"69\">EN \u0130Y\u0130 \u015eEK\u0130LDE<\/td>\n<\/tr>\n<tr>\n<td style=\"width: 21.1889%;\"><span data-spm-anchor-id=\"a2700.details.0.i12.c116647e4iCCTd\">Yan \u015eut Tipi:<\/span><\/td>\n<td style=\"width: 23.8375%;\">\n<p data-spm-anchor-id=\"a2700.details.0.i11.310378e1ymz5Cp\">\n<\/td>\n<td style=\"width: 27.9429%;\"><span data-spm-anchor-id=\"a2700.details.0.i22.37183f4eli4pRQ\">Ara\u00e7 Tipi:<\/span><\/td>\n<td style=\"width: 27.0158%;\">\n<p data-spm-anchor-id=\"a2700.details.0.i24.55b86d626q2qJO\">\n<\/td>\n<\/tr>\n<tr>\n<td style=\"width: 21.1889%;\"><span data-spm-anchor-id=\"a2700.details.0.i16.c116647e4iCCTd\">Garanti:<\/span><\/td>\n<td style=\"width: 23.8375%;\">1 y\u0131l<\/td>\n<td style=\"width: 27.9429%;\">OEM\/ODM:<\/td>\n<td style=\"width: 27.0158%;\">Mevcut<\/td>\n<\/tr>\n<tr>\n<td style=\"width: 21.1889%;\">Minimum Sipari\u015f Miktar\u0131:<\/td>\n<td style=\"width: 23.8375%;\">30 Set<\/td>\n<td style=\"width: 27.9429%;\">TESL\u0130MAT S\u00dcRES\u0130:<\/td>\n<td style=\"width: 27.0158%;\">7-15 G\u00fcn<\/td>\n<\/tr>\n<\/tbody>\n<\/table>\n<table style=\"border-collapse: collapse; width: 100.042%;\" border=\"1\">\n<tbody>\n<tr>\n<td style=\"width: 20.1295%;\">\n<div class=\"magic-6\" data-spm-anchor-id=\"a2700.details.0.i8.5e844a3dBoGd4F\">\n<div class=\"magic-7\" data-spm-anchor-id=\"a2700.custom-template.0.i28.79423333oXQkDE\"><strong><span class=\"magic-8\">\u00dcr\u00fcn Ad\u0131<\/span><\/strong><\/div>\n<\/div>\n<\/td>\n<td style=\"width: 79.8557%;\">\n<div class=\"magic-9\">\n<div class=\"magic-10\" data-spm-anchor-id=\"a2700.custom-template.0.i51.79423333oXQkDE\">BESTWYLL Sport Bar Adapter For Nissan Navara Chevrolet Colorado 2015-2020 RB-ZJ8<\/div>\n<\/div>\n<\/td>\n<\/tr>\n<tr>\n<td style=\"width: 20.1295%;\">\n<div class=\"magic-6\">\n<div class=\"magic-7\" data-spm-anchor-id=\"a2700.custom-template.0.i25.79423333oXQkDE\"><strong><span class=\"magic-8\">Mod<\/span><\/strong><\/div>\n<\/div>\n<\/td>\n<td style=\"width: 79.8557%;\">\n<div class=\"magic-9\">\n<div class=\"magic-10\" data-spm-anchor-id=\"a2700.custom-template.0.i52.79423333oXQkDE\">Manuel<\/div>\n<\/div>\n<\/td>\n<\/tr>\n<tr>\n<td style=\"width: 20.1295%;\">\n<div class=\"magic-6\">\n<div class=\"magic-7\" data-spm-anchor-id=\"a2700.custom-template.0.i22.79423333oXQkDE\"><strong><span class=\"magic-8\">Malzeme<\/span><\/strong><\/div>\n<\/div>\n<\/td>\n<td style=\"width: 79.8557%;\">\n<div class=\"magic-9\">\n<div class=\"magic-10\" data-spm-anchor-id=\"a2700.custom-template.0.i23.79423333oXQkDE\">\u00dct\u00fc<\/div>\n<\/div>\n<\/td>\n<\/tr>\n<tr>\n<td style=\"width: 20.1295%;\">\n<div class=\"magic-6\">\n<div class=\"magic-7\" data-spm-anchor-id=\"a2700.custom-template.0.i27.79423333oXQkDE\"><strong><span class=\"magic-8\">IP Derecelendirmesi<\/span><\/strong><\/div>\n<\/div>\n<\/td>\n<td style=\"width: 79.8557%;\">\n<div class=\"magic-9\">\n<div class=\"magic-10\" data-spm-anchor-id=\"a2700.custom-template.0.i40.79423333oXQkDE\"><span class=\"magic-8\">IP56<\/span><\/div>\n<\/div>\n<\/td>\n<\/tr>\n<tr>\n<td style=\"width: 20.1295%;\">\n<div class=\"magic-6\" data-spm-anchor-id=\"a2700.details.0.i7.5e844a3dBoGd4F\">\n<div class=\"magic-7\" data-spm-anchor-id=\"a2700.custom-template.0.i31.79423333oXQkDE\"><strong data-spm-anchor-id=\"a2700.custom-template.0.i38.79423333oXQkDE\"><span class=\"magic-8\">Teslimat s\u00fcresi<\/span><\/strong><\/div>\n<\/div>\n<\/td>\n<td style=\"width: 79.8557%;\">\n<div class=\"magic-9\">\n<div class=\"magic-10\" data-spm-anchor-id=\"a2700.custom-template.0.i34.79423333oXQkDE\">\u00d6demeden Sonra 7-15 G\u00fcn \u0130\u00e7inde<\/div>\n<\/div>\n<\/td>\n<\/tr>\n<tr>\n<td style=\"width: 20.1295%;\">\n<div class=\"magic-6\">\n<div class=\"magic-7\"><strong><span class=\"magic-8\">OEM<\/span><\/strong><\/div>\n<\/div>\n<\/td>\n<td style=\"width: 79.8557%;\">\n<div class=\"magic-9\">\n<div class=\"magic-10\">\u00d6zelle\u015ftirilmi\u015f Mevcut<\/div>\n<\/div>\n<\/td>\n<\/tr>\n<\/tbody>\n<\/table>\n<\/dt>\n<\/dl>\n<\/div>\n<\/div>\n<\/div>\n<\/div>\n<div class=\"do-entry do-entry-full\" data-e2e-name=\"productPackaging\">\n<div class=\"do-entry-list\"><\/div>\n<\/div>\n<\/div>\n<\/div>\n<div class=\"do-entry do-entry-full\" data-e2e-name=\"productPackaging\">\n<div class=\"do-entry-list\"><\/div>\n<\/div>\n<\/div>\n<\/div>\n<div class=\"do-entry do-entry-full\" data-e2e-name=\"productPackaging\">\n<div class=\"do-entry-list\"><\/div>\n<\/div>\n<\/div>\n<\/div>\n<div class=\"do-entry do-entry-full\" data-e2e-name=\"productPackaging\">\n<div class=\"do-entry-list\"><\/div>\n<\/div>\n<\/div>\n<\/div>\n<div class=\"do-entry do-entry-full\" data-e2e-name=\"productPackaging\">\n<div class=\"do-entry-list\"><\/div>\n<\/div>\n<\/div>\n<\/div>\n<\/div>\n<\/div>\n<\/div>\n<\/div>\n<\/div>\n<\/section>\n<style>\n  .trust_icon_small img{<br \/>\n    height: 35px;<br \/>\n  }<br \/>\n<\/style>\n<\/div>","protected":false},"excerpt":{"rendered":"<p>\u00dcr\u00fcnlerimiz her t\u00fcrl\u00fc ko\u015fulda g\u00fcnl\u00fck kullan\u0131ma y\u00f6nelik \u015f\u0131k ve dayan\u0131kl\u0131d\u0131r. \u00c7in&#039;deki \u00f6zel Ar-Ge ve ekipler bunun ne kadar zorlu olabilece\u011fini biliyor. Bu y\u00fczden size iki d\u00fcnyan\u0131n en iyisini sunmaya adanm\u0131\u015f durumdalar; Birinci s\u0131n\u0131f kalite ve d\u00fcnyan\u0131n en zorlu ortamlar\u0131na dayanacak \u015fekilde \u00fcretilmi\u015f tasar\u0131m.<\/p>","protected":false},"featured_media":4997,"template":"","meta":[],"product_brand":[],"product_cat":[23,113],"product_tag":[],"class_list":{"0":"post-4996","1":"product","2":"type-product","3":"status-publish","4":"has-post-thumbnail","6":"product_cat-sport-bar-adapter","7":"product_cat-nissan","9":"first","10":"instock","11":"shipping-taxable","12":"product-type-simple"},"_links":{"self":[{"href":"https:\/\/www.bestwyll.com\/tr\/wp-json\/wp\/v2\/product\/4996","targetHints":{"allow":["GET"]}}],"collection":[{"href":"https:\/\/www.bestwyll.com\/tr\/wp-json\/wp\/v2\/product"}],"about":[{"href":"https:\/\/www.bestwyll.com\/tr\/wp-json\/wp\/v2\/types\/product"}],"version-history":[{"count":2,"href":"https:\/\/www.bestwyll.com\/tr\/wp-json\/wp\/v2\/product\/4996\/revisions"}],"predecessor-version":[{"id":5105,"href":"https:\/\/www.bestwyll.com\/tr\/wp-json\/wp\/v2\/product\/4996\/revisions\/5105"}],"wp:featuredmedia":[{"embeddable":true,"href":"https:\/\/www.bestwyll.com\/tr\/wp-json\/wp\/v2\/media\/4997"}],"wp:attachment":[{"href":"https:\/\/www.bestwyll.com\/tr\/wp-json\/wp\/v2\/media?parent=4996"}],"wp:term":[{"taxonomy":"product_brand","embeddable":true,"href":"https:\/\/www.bestwyll.com\/tr\/wp-json\/wp\/v2\/product_brand?post=4996"},{"taxonomy":"product_cat","embeddable":true,"href":"https:\/\/www.bestwyll.com\/tr\/wp-json\/wp\/v2\/product_cat?post=4996"},{"taxonomy":"product_tag","embeddable":true,"href":"https:\/\/www.bestwyll.com\/tr\/wp-json\/wp\/v2\/product_tag?post=4996"}],"curies":[{"name":"wp","href":"https:\/\/api.w.org\/{rel}","templated":true}]}}