{"id":3934,"date":"2025-05-22T11:17:19","date_gmt":"2025-05-22T03:17:19","guid":{"rendered":"https:\/\/www.bestwyll.com\/product\/electric-next-gen-roller-lid-shutter-for-ford-ranger-wildtrak-2022e-f81\/"},"modified":"2025-05-28T17:18:57","modified_gmt":"2025-05-28T09:18:57","slug":"electric-next-gen-roller-lid-shutter-for-ford-ranger-wildtrak-2022e-f81","status":"publish","type":"product","link":"https:\/\/www.bestwyll.com\/tr\/urun\/electric-next-gen-roller-lid-shutter-for-ford-ranger-wildtrak-2022e-f81\/","title":{"rendered":"Ford Ranger Wildtrak 2022+E-F81 \u0130\u00e7in Elektrikli Yeni Nesil Kepenk Kapa\u011f\u0131"},"content":{"rendered":"<div id=\"shopify-section-product-content\" class=\"shopify-section\">\n<section class=\"container\">\n<div id=\"product-48099101-content\" class=\"product-content anchor\">\n<div class=\"product-content__tabs anchor\" id=\"product-48099101-tabs\">\n<div class=\"product-tabs\">\n<div class=\"product-tabs__content\">\n<div id=\"block-product-content-description-662-1667466984685\" class=\"product-tabs__tab-item-wrapper\">\n                  <button class=\"collapsible-toggle heading heading--small hidden-lap-and-up\" aria-controls=\"block-product-content-description-662-1667466984685-content\" aria-expanded=\"true\">Tan\u0131m<svg width=\"12\" height=\"8\" class=\"icon icon--chevron\" viewbox=\"0 0 12 8\">\n        <path fill=\"none\" d=\"M1 1l5 5 5-5\" stroke=\"currentColor\" stroke-width=\"2\"><\/path>\n      <\/svg><\/button><\/p>\n<div class=\"product-tabs__tab-item-content rte\">\n<div>\n<table style=\"border-collapse: collapse;width: 100%\" border=\"1\">\n<tbody>\n<tr>\n<td style=\"width: 22.0561%\" width=\"98\"><span data-spm-anchor-id=\"a2700.details.0.i9.c116647e4iCCTd\">\u0130\u015flev:<\/span><\/td>\n<td style=\"width: 25.0467%\" width=\"111\">\n<p data-spm-anchor-id=\"a2700.details.0.i10.310378e1ymz5Cp\">Su ge\u00e7irmez<\/p>\n<\/td>\n<td style=\"width: 29.1589%\" width=\"130\">Marka Ad\u0131:<\/td>\n<td style=\"width: 23.7383%\" width=\"69\">EN \u0130Y\u0130 \u015eEK\u0130LDE<\/td>\n<\/tr>\n<tr>\n<td style=\"width: 22.0561%\"><span data-spm-anchor-id=\"a2700.details.0.i13.71005863S3ir28\">Daha Fazla Tasar\u0131m i\u00e7in:<\/span><\/td>\n<td style=\"width: 25.0467%\">Pratik<\/td>\n<td style=\"width: 29.1589%\"><span data-spm-anchor-id=\"a2700.details.0.i12.c116647e4iCCTd\">Yan \u015eut Tipi:<\/span><\/td>\n<td style=\"width: 23.7383%\">\n<p data-spm-anchor-id=\"a2700.details.0.i11.310378e1ymz5Cp\">F Type\u00a0<\/p>\n<\/td>\n<\/tr>\n<tr>\n<td style=\"width: 22.0561%\"><span data-spm-anchor-id=\"a2700.details.0.i16.c116647e4iCCTd\">Garanti:<\/span><\/td>\n<td style=\"width: 25.0467%\">1 y\u0131l<\/td>\n<td style=\"width: 29.1589%\">OEM\/ODM:<\/td>\n<td style=\"width: 23.7383%\">\u00d6zelle\u015ftirilmi\u015f mevcuttur<\/td>\n<\/tr>\n<tr>\n<td style=\"width: 22.0561%\">Minimum Sipari\u015f Miktar\u0131:<\/td>\n<td style=\"width: 25.0467%\">10 Set<\/td>\n<td style=\"width: 29.1589%\">TESL\u0130MAT S\u00dcRES\u0130:<\/td>\n<td style=\"width: 23.7383%\">7\u201315 G\u00fcn<\/td>\n<\/tr>\n<\/tbody>\n<\/table>\n<p>\u00a0<\/p>\n<table style=\"border-collapse: collapse;width: 100%\" border=\"1\">\n<tbody>\n<tr>\n<td style=\"width: 16.8224%\">\n<div class=\"magic-6\">\n<div class=\"magic-7\" data-spm-anchor-id=\"a2700.custom-template.0.i28.79423333oXQkDE\"><strong><span class=\"magic-8\">\u00dcr\u00fcn Ad\u0131<\/span><\/strong><\/div>\n<\/div>\n<\/td>\n<td style=\"width: 83.1776%\">\n<div class=\"magic-9\" data-spm-anchor-id=\"a2700.details.0.i9.31f657602OLRCM\">\n<div class=\"magic-10\" data-spm-anchor-id=\"a2700.custom-template.0.i51.79423333oXQkDE\"><span class=\"magic-8\">BESTWYLL Electric Next Gen Roller Lid Shutter For Ford Ranger Wildtrak 2022+E-F81<\/span><\/div>\n<\/div>\n<\/td>\n<\/tr>\n<tr>\n<td style=\"width: 16.8224%\">\n<div class=\"magic-6\">\n<div class=\"magic-7\" data-spm-anchor-id=\"a2700.custom-template.0.i25.79423333oXQkDE\"><strong><span class=\"magic-8\">Mod<\/span><\/strong><\/div>\n<\/div>\n<\/td>\n<td style=\"width: 83.1776%\">\n<div class=\"magic-9\">\n<div class=\"magic-10\" data-spm-anchor-id=\"a2700.custom-template.0.i52.79423333oXQkDE\"><span class=\"magic-8\">Elektrik<\/span><\/div>\n<\/div>\n<\/td>\n<\/tr>\n<tr>\n<td style=\"width: 16.8224%\">\n<div class=\"magic-6\">\n<div class=\"magic-7\" data-spm-anchor-id=\"a2700.custom-template.0.i22.79423333oXQkDE\"><strong><span class=\"magic-8\">Malzeme<\/span><\/strong><\/div>\n<\/div>\n<\/td>\n<td style=\"width: 83.1776%\">\n<div class=\"magic-9\">\n<div class=\"magic-10\" data-spm-anchor-id=\"a2700.custom-template.0.i23.79423333oXQkDE\"><span class=\"magic-8\">Al\u00fcminyum Ala\u015f\u0131m\u0131<\/span><\/div>\n<\/div>\n<\/td>\n<\/tr>\n<tr>\n<td style=\"width: 16.8224%\">\n<div class=\"magic-6\">\n<div class=\"magic-7\" data-spm-anchor-id=\"a2700.custom-template.0.i27.79423333oXQkDE\"><strong><span class=\"magic-8\">IP Derecelendirmesi<\/span><\/strong><\/div>\n<\/div>\n<\/td>\n<td style=\"width: 83.1776%\">\n<div class=\"magic-9\">\n<div class=\"magic-10\" data-spm-anchor-id=\"a2700.custom-template.0.i40.79423333oXQkDE\"><span class=\"magic-8\">IP56<\/span><\/div>\n<\/div>\n<\/td>\n<\/tr>\n<tr>\n<td style=\"width: 16.8224%\">\n<div class=\"magic-6\">\n<div class=\"magic-7\" data-spm-anchor-id=\"a2700.custom-template.0.i31.79423333oXQkDE\"><strong data-spm-anchor-id=\"a2700.custom-template.0.i38.79423333oXQkDE\"><span class=\"magic-8\">Teslimat s\u00fcresi<\/span><\/strong><\/div>\n<\/div>\n<\/td>\n<td style=\"width: 83.1776%\">\n<div class=\"magic-9\">\n<div class=\"magic-10\" data-spm-anchor-id=\"a2700.custom-template.0.i34.79423333oXQkDE\"><span class=\"magic-8\">\u00d6demeden Sonra 7-15 G\u00fcn \u0130\u00e7inde<\/span><\/div>\n<\/div>\n<\/td>\n<\/tr>\n<tr>\n<td style=\"width: 16.8224%\">\n<div class=\"magic-6\">\n<div class=\"magic-7\"><strong><span class=\"magic-8\">OEM<\/span><\/strong><\/div>\n<\/div>\n<\/td>\n<td style=\"width: 83.1776%\">\n<div class=\"magic-9\"><span class=\"magic-8\">\u00d6zelle\u015ftirilmi\u015f Mevcut<\/span><\/div>\n<\/td>\n<\/tr>\n<\/tbody>\n<\/table>\n<\/div>\n<\/div><\/div>\n<\/div>\n<\/div><\/div>\n<\/div>\n<\/section>\n<style>\n  .trust_icon_small img{\n    height: 35px;\n  }\n<\/style>\n<\/div>","protected":false},"excerpt":{"rendered":"<p>\u00dcr\u00fcnlerimiz her t\u00fcrl\u00fc ko\u015fulda g\u00fcnl\u00fck kullan\u0131ma y\u00f6nelik \u015f\u0131k ve dayan\u0131kl\u0131d\u0131r. \u00c7in&#039;deki \u00f6zel Ar-Ge ve ekipler bunun ne kadar zorlu olabilece\u011fini biliyor. Bu y\u00fczden size iki d\u00fcnyan\u0131n en iyisini sunmaya adanm\u0131\u015f durumdalar; Birinci s\u0131n\u0131f kalite ve d\u00fcnyan\u0131n en zorlu ortamlar\u0131na dayanacak \u015fekilde \u00fcretilmi\u015f tasar\u0131m.<\/p>","protected":false},"featured_media":3935,"template":"","meta":[],"product_brand":[],"product_cat":[83,24,105],"product_tag":[],"class_list":{"0":"post-3934","1":"product","2":"type-product","3":"status-publish","4":"has-post-thumbnail","6":"product_cat-tonneau-cover","7":"product_cat-for-ford","8":"product_cat-ford","10":"first","11":"instock","12":"shipping-taxable","13":"product-type-simple"},"_links":{"self":[{"href":"https:\/\/www.bestwyll.com\/tr\/wp-json\/wp\/v2\/product\/3934","targetHints":{"allow":["GET"]}}],"collection":[{"href":"https:\/\/www.bestwyll.com\/tr\/wp-json\/wp\/v2\/product"}],"about":[{"href":"https:\/\/www.bestwyll.com\/tr\/wp-json\/wp\/v2\/types\/product"}],"version-history":[{"count":1,"href":"https:\/\/www.bestwyll.com\/tr\/wp-json\/wp\/v2\/product\/3934\/revisions"}],"predecessor-version":[{"id":3950,"href":"https:\/\/www.bestwyll.com\/tr\/wp-json\/wp\/v2\/product\/3934\/revisions\/3950"}],"wp:featuredmedia":[{"embeddable":true,"href":"https:\/\/www.bestwyll.com\/tr\/wp-json\/wp\/v2\/media\/3935"}],"wp:attachment":[{"href":"https:\/\/www.bestwyll.com\/tr\/wp-json\/wp\/v2\/media?parent=3934"}],"wp:term":[{"taxonomy":"product_brand","embeddable":true,"href":"https:\/\/www.bestwyll.com\/tr\/wp-json\/wp\/v2\/product_brand?post=3934"},{"taxonomy":"product_cat","embeddable":true,"href":"https:\/\/www.bestwyll.com\/tr\/wp-json\/wp\/v2\/product_cat?post=3934"},{"taxonomy":"product_tag","embeddable":true,"href":"https:\/\/www.bestwyll.com\/tr\/wp-json\/wp\/v2\/product_tag?post=3934"}],"curies":[{"name":"wp","href":"https:\/\/api.w.org\/{rel}","templated":true}]}}