{"id":3040,"date":"2025-05-22T10:55:01","date_gmt":"2025-05-22T02:55:01","guid":{"rendered":"https:\/\/www.bestwyll.com\/product\/electric-retractable-tonneau-cover-for-ford-ranger-wildtrak-2023-e-f81\/"},"modified":"2025-05-28T17:20:56","modified_gmt":"2025-05-28T09:20:56","slug":"electric-retractable-tonneau-cover-for-ford-ranger-wildtrak-2023-e-f81","status":"publish","type":"product","link":"https:\/\/www.bestwyll.com\/tr\/urun\/electric-retractable-tonneau-cover-for-ford-ranger-wildtrak-2023-e-f81\/","title":{"rendered":"Ford Ranger Wildtrak 2023 E-F81 \u0130\u00e7in Elektrikli Geri \u00c7ekilebilir Tonneau Kapa\u011f\u0131"},"content":{"rendered":"<div id=\"shopify-section-product-content\" class=\"shopify-section\">\n<section class=\"container\">\n<div id=\"product-46714247-content\" class=\"product-content anchor\">\n<div class=\"product-content__tabs anchor\" id=\"product-46714247-tabs\">\n<div class=\"product-tabs\">\n<div class=\"product-tabs__content\">\n<div id=\"block-product-content-description-662-1667466984685\" class=\"product-tabs__tab-item-wrapper\">\n                  <button class=\"collapsible-toggle heading heading--small hidden-lap-and-up\" aria-controls=\"block-product-content-description-662-1667466984685-content\" aria-expanded=\"true\">Tan\u0131m<svg width=\"12\" height=\"8\" class=\"icon icon--chevron\" viewbox=\"0 0 12 8\">\n        <path fill=\"none\" d=\"M1 1l5 5 5-5\" stroke=\"currentColor\" stroke-width=\"2\"><\/path>\n      <\/svg><\/button><\/p>\n<div class=\"product-tabs__tab-item-content rte\">\n<div>\n<table style=\"border-collapse: collapse;width: 60%;float: left\" border=\"1\">\n<tbody>\n<tr>\n<td style=\"width: 31.4694%\">\n<div class=\"magic-6\">\n<div class=\"magic-7\" data-spm-anchor-id=\"a2700.custom-template.0.i25.79423333oXQkDE\"><strong><span class=\"magic-8\">Mod<\/span><\/strong><\/div>\n<\/div>\n<\/td>\n<td style=\"width: 68.5306%\">\n<div class=\"magic-9\">\n<div class=\"magic-10\" data-spm-anchor-id=\"a2700.custom-template.0.i52.79423333oXQkDE\"><span class=\"magic-8\">Elektrik<\/span><\/div>\n<\/div>\n<\/td>\n<\/tr>\n<tr>\n<td style=\"width: 31.4694%\">\n<div class=\"magic-6\">\n<div class=\"magic-7\" data-spm-anchor-id=\"a2700.custom-template.0.i22.79423333oXQkDE\"><strong><span class=\"magic-8\">Malzeme<\/span><\/strong><\/div>\n<\/div>\n<\/td>\n<td style=\"width: 68.5306%\">\n<div class=\"magic-9\">\n<div class=\"magic-10\" data-spm-anchor-id=\"a2700.custom-template.0.i23.79423333oXQkDE\"><span class=\"magic-8\">Al\u00fcminyum Ala\u015f\u0131m\u0131<\/span><\/div>\n<\/div>\n<\/td>\n<\/tr>\n<tr>\n<td style=\"width: 31.4694%\">\n<div class=\"magic-6\">\n<div class=\"magic-7\" data-spm-anchor-id=\"a2700.custom-template.0.i27.79423333oXQkDE\"><strong><span class=\"magic-8\">IP Derecelendirmesi<\/span><\/strong><\/div>\n<\/div>\n<\/td>\n<td style=\"width: 68.5306%\">\n<div class=\"magic-9\">\n<div class=\"magic-10\" data-spm-anchor-id=\"a2700.custom-template.0.i40.79423333oXQkDE\"><span class=\"magic-8\" data-spm-anchor-id=\"a2700.details.0.i10.83045bd2DCGtFv\">IP56<\/span><\/div>\n<\/div>\n<\/td>\n<\/tr>\n<tr>\n<td style=\"width: 31.4694%\">\n<div class=\"magic-6\">\n<div class=\"magic-7\" data-spm-anchor-id=\"a2700.custom-template.0.i31.79423333oXQkDE\"><strong data-spm-anchor-id=\"a2700.custom-template.0.i38.79423333oXQkDE\"><span class=\"magic-8\">Teslimat s\u00fcresi<\/span><\/strong><\/div>\n<\/div>\n<\/td>\n<td style=\"width: 68.5306%\">\n<div class=\"magic-9\">\n<div class=\"magic-10\" data-spm-anchor-id=\"a2700.custom-template.0.i34.79423333oXQkDE\"><span class=\"magic-8\">\u00d6demeden Sonra 7-15 G\u00fcn \u0130\u00e7inde<\/span><\/div>\n<\/div>\n<\/td>\n<\/tr>\n<tr>\n<td style=\"width: 31.4694%\">\n<div class=\"magic-6\" data-spm-anchor-id=\"a2700.details.0.i8.83045bd2DCGtFv\">\n<div class=\"magic-7\"><strong><span class=\"magic-8\">OEM<\/span><\/strong><\/div>\n<\/div>\n<\/td>\n<td style=\"width: 68.5306%\">\n<div class=\"magic-9\"><span class=\"magic-8\">\u00d6zelle\u015ftirilmi\u015f Mevcut<\/span><\/div>\n<\/td>\n<\/tr>\n<\/tbody>\n<\/table>\n<p><img decoding=\"async\" class=\"magic-17\" src=\"https:\/\/www.bestwyll.com\/wp-content\/uploads\/2025\/05\/H2c800614b72249098bea6a506017cee3B-127.jpg\" alt=\"Electric Retractable Tonneau Cover For Ford Ranger Wildtrak 2023 E-F81\"><\/p>\n<\/div>\n<\/div><\/div>\n<\/div>\n<\/div><\/div>\n<\/div>\n<\/section>\n<style>\n  .trust_icon_small img{\n    height: 35px;\n  }\n<\/style>\n<\/div>","protected":false},"excerpt":{"rendered":"<p>\u00dcr\u00fcnlerimiz her t\u00fcrl\u00fc ko\u015fulda g\u00fcnl\u00fck kullan\u0131ma y\u00f6nelik \u015f\u0131k ve dayan\u0131kl\u0131d\u0131r. \u00c7in&#039;deki \u00f6zel Ar-Ge ve ekipler bunun ne kadar zorlu olabilece\u011fini biliyor. Bu y\u00fczden size iki d\u00fcnyan\u0131n en iyisini sunmaya adanm\u0131\u015f durumdalar; Birinci s\u0131n\u0131f kalite ve d\u00fcnyan\u0131n en zorlu ortamlar\u0131na dayanacak \u015fekilde \u00fcretilmi\u015f tasar\u0131m.<\/p>","protected":false},"featured_media":3041,"template":"","meta":[],"product_brand":[],"product_cat":[24,105,83],"product_tag":[],"class_list":{"0":"post-3040","1":"product","2":"type-product","3":"status-publish","4":"has-post-thumbnail","6":"product_cat-for-ford","7":"product_cat-ford","8":"product_cat-tonneau-cover","10":"first","11":"instock","12":"shipping-taxable","13":"product-type-simple"},"_links":{"self":[{"href":"https:\/\/www.bestwyll.com\/tr\/wp-json\/wp\/v2\/product\/3040","targetHints":{"allow":["GET"]}}],"collection":[{"href":"https:\/\/www.bestwyll.com\/tr\/wp-json\/wp\/v2\/product"}],"about":[{"href":"https:\/\/www.bestwyll.com\/tr\/wp-json\/wp\/v2\/types\/product"}],"version-history":[{"count":1,"href":"https:\/\/www.bestwyll.com\/tr\/wp-json\/wp\/v2\/product\/3040\/revisions"}],"predecessor-version":[{"id":3048,"href":"https:\/\/www.bestwyll.com\/tr\/wp-json\/wp\/v2\/product\/3040\/revisions\/3048"}],"wp:featuredmedia":[{"embeddable":true,"href":"https:\/\/www.bestwyll.com\/tr\/wp-json\/wp\/v2\/media\/3041"}],"wp:attachment":[{"href":"https:\/\/www.bestwyll.com\/tr\/wp-json\/wp\/v2\/media?parent=3040"}],"wp:term":[{"taxonomy":"product_brand","embeddable":true,"href":"https:\/\/www.bestwyll.com\/tr\/wp-json\/wp\/v2\/product_brand?post=3040"},{"taxonomy":"product_cat","embeddable":true,"href":"https:\/\/www.bestwyll.com\/tr\/wp-json\/wp\/v2\/product_cat?post=3040"},{"taxonomy":"product_tag","embeddable":true,"href":"https:\/\/www.bestwyll.com\/tr\/wp-json\/wp\/v2\/product_tag?post=3040"}],"curies":[{"name":"wp","href":"https:\/\/api.w.org\/{rel}","templated":true}]}}