{"id":6241,"date":"2026-02-04T14:10:46","date_gmt":"2026-02-04T06:10:46","guid":{"rendered":"https:\/\/www.bestwyll.com\/product\/bestwyll-wholesale-suppliers-roll-top-pick-up-truck-rear-roller-lid-shutter-bed-electric-tonneau-cover-for-2023-vw-amarok-e-k81\/"},"modified":"2026-02-04T14:16:19","modified_gmt":"2026-02-04T06:16:19","slug":"bestwyll-wholesale-suppliers-roll-top-pick-up-truck-rear-roller-lid-shutter-bed-electric-tonneau-cover-for-2023-vw-amarok-e-k81","status":"publish","type":"product","link":"https:\/\/www.bestwyll.com\/fr\/produit\/bestwyll-wholesale-suppliers-roll-top-pick-up-truck-rear-roller-lid-shutter-bed-electric-tonneau-cover-for-2023-vw-amarok-e-k81\/","title":{"rendered":"BESTWYLL Wholesale Suppliers Roll Top Pick up Truck Rear Roller Lid Shutter Bed Electric Tonneau Cover for 2023 Vw Amarok E-K81"},"content":{"rendered":"<div data-magic-global=\"%7B%22bizId%22%3A2212677814337%2C%22pageId%22%3A21345818713%2C%22siteId%22%3A10002951017%7D\" id=\"detail_decorate_root\">\n<style>#detail_decorate_root .magic-0{width:750px}#detail_decorate_root .magic-1{overflow:hidden;width:750px;height:843.75px;margin-top:0;margin-bottom:0;margin-left:0;margin-right:0}#detail_decorate_root .magic-2{margin-top:0;margin-left:0;width:750px;height:843.75px}#detail_decorate_root .magic-3{overflow:hidden;width:750px;height:1700px;margin-top:0;margin-bottom:0;margin-left:0;margin-right:0}#detail_decorate_root .magic-4{margin-top:0;margin-left:0;width:750.0000000000001px;height:3115.822784810127px}#detail_decorate_root .magic-5{overflow:hidden;width:750px;height:1350px;margin-top:0;margin-bottom:0;margin-left:0;margin-right:0}#detail_decorate_root .magic-6{margin-top:-1745px;margin-left:0;width:750px;height:3115.8227848101264px}#detail_decorate_root .magic-7{border-bottom-style:solid;border-bottom-color:#53647a;font-family:Roboto;font-size:24px;color:#53647a;font-style:normal;border-bottom-width:2px;padding-top:8px;padding-bottom:4px}#detail_decorate_root .magic-8{width:750px;border-collapse:collapse}#detail_decorate_root .magic-9{min-height:28px;padding:5px 10px;width:227px;min-height:28px;box-sizing:content-box}#detail_decorate_root .magic-10{text-align:center}#detail_decorate_root .magic-11{font-size:14px}#detail_decorate_root .magic-12{min-height:28px;padding:5px 10px;width:479px;min-height:28px;box-sizing:content-box}#detail_decorate_root .magic-13{text-align:justify}#detail_decorate_root .magic-14{margin-bottom:10px;line-height:0}#detail_decorate_root .magic-15{margin-bottom:10px}#detail_decorate_root .magic-16{position:relative;width:100%}#detail_decorate_root .magic-17{overflow:hidden;width:373px;height:373px;margin-top:0;margin-bottom:0;margin-left:0;margin-right:0}#detail_decorate_root .magic-18{margin-top:0;margin-left:0;width:373px;height:373px}#detail_decorate_root .magic-19{overflow:hidden;width:373px;height:373px;margin-top:0;margin-bottom:0;margin-left:4px;margin-right:0}#detail_decorate_root .magic-20{overflow:hidden;width:750px;height:750px;margin-top:0;margin-bottom:0;margin-left:0;margin-right:0}#detail_decorate_root .magic-21{margin-top:0;margin-left:0;width:750px;height:750px}#detail_decorate_root .magic-22{margin-bottom:10px;overflow:hidden}#detail_decorate_root .magic-23{overflow:hidden;width:750px;height:345.5696202531646px;margin-top:0;margin-bottom:0;margin-left:0;margin-right:0}#detail_decorate_root .magic-24{margin-top:0;margin-left:0;width:750.0000000000001px;height:345.5696202531646px}#detail_decorate_root .magic-25{overflow:hidden;width:750px;height:1010.1265822784811px;margin-top:0;margin-bottom:0;margin-left:0;margin-right:0}#detail_decorate_root .magic-26{margin-top:0;margin-left:0;width:750.0000000000001px;height:1010.1265822784811px}#detail_decorate_root .magic-27{overflow:hidden;width:750px;height:610.4430379746836px;margin-top:0;margin-bottom:0;margin-left:0;margin-right:0}#detail_decorate_root .magic-28{margin-top:0;margin-left:0;width:750.0000000000001px;height:610.4430379746836px}#detail_decorate_root .magic-29{vertical-align:top}#detail_decorate_root .magic-30{vertical-align:top;display:block;padding-right:4px;box-sizing:border-box;padding-left:4px}#detail_decorate_root .magic-31{vertical-align:top;padding-bottom:4px;box-sizing:border-box;padding-top:4px}#detail_decorate_root .magic-32{padding:0;margin:0;white-space:pre-wrap;font-size:14px}#detail_decorate_root .magic-33{overflow:hidden;width:750px;height:1087.0253164556964px;margin-top:0;margin-bottom:0;margin-left:0;margin-right:0}#detail_decorate_root .magic-34{margin-top:0;margin-left:0;width:750.0000000000001px;height:1087.0253164556964px}#detail_decorate_root .magic-35{overflow:hidden;width:750px;height:2103.7974683544307px;margin-top:0;margin-bottom:0;margin-left:0;margin-right:0}#detail_decorate_root .magic-36{margin-top:0;margin-left:0;width:750.0000000000001px;height:2103.7974683544307px}<\/style>\n<div module-id=\"36884481829\" module-title=\"detailSingleImage\" render=\"true\" class=\"J_module\">\n<div class=\"icbu-pc-images magic-0\">\n<div>\n<div class=\"flex-layout-v\">\n<div class=\"flex-layout-h magic-0\">\n<div class=\"magic-1\"><img decoding=\"async\" src=\"https:\/\/sc04.alicdn.com\/kf\/Hf81e5b5935f7468c8add0114568807ceP\/254772214\/Hf81e5b5935f7468c8add0114568807ceP.jpg\" data-src=\"\/\/sc04.alicdn.com\/kf\/Hf81e5b5935f7468c8add0114568807ceP\/254772214\/Hf81e5b5935f7468c8add0114568807ceP.jpg\" class=\"magic-2\"><\/div>\n<\/div>\n<\/div>\n<\/div>\n<\/div>\n<\/div>\n<div module-id=\"36884481835\" module-title=\"detailSingleImage\" render=\"true\" class=\"J_module\">\n<div class=\"icbu-pc-images magic-0\">\n<div>\n<div class=\"flex-layout-v\">\n<div class=\"flex-layout-h magic-0\">\n<div class=\"magic-3\"><img decoding=\"async\" src=\"https:\/\/sc04.alicdn.com\/kf\/H2c800614b72249098bea6a506017cee3B\/254772214\/H2c800614b72249098bea6a506017cee3B.jpg\" data-src=\"\/\/sc04.alicdn.com\/kf\/H2c800614b72249098bea6a506017cee3B\/254772214\/H2c800614b72249098bea6a506017cee3B.jpg\" class=\"magic-4\"><\/div>\n<\/div>\n<\/div>\n<\/div>\n<\/div>\n<\/div>\n<div module-id=\"47429718765\" module-title=\"detailSingleImage\" render=\"true\" class=\"J_module\">\n<div class=\"icbu-pc-images magic-0\">\n<div>\n<div class=\"flex-layout-v\">\n<div class=\"flex-layout-h magic-0\">\n<div class=\"magic-5\"><img decoding=\"async\" src=\"https:\/\/sc04.alicdn.com\/kf\/H2c800614b72249098bea6a506017cee3B\/254772214\/H2c800614b72249098bea6a506017cee3B.jpg\" data-src=\"\/\/sc04.alicdn.com\/kf\/H2c800614b72249098bea6a506017cee3B\/254772214\/H2c800614b72249098bea6a506017cee3B.jpg\" class=\"magic-6\"><\/div>\n<\/div>\n<\/div>\n<\/div>\n<\/div>\n<\/div>\n<div module-id=\"36884481830\" module-title=\"detailProductNavigation\" render=\"true\" class=\"J_module\">\n<div id=\"ali-anchor-AliMagic-jp37fi\" data-section=\"AliMagic-jp37fi\" data-section-title=\"Products Description\" class=\"magic-7\">Description des produits<\/div>\n<\/div>\n<div module-id=\"36884481831\" module-title=\"detailTableNoTitle\" render=\"true\" class=\"J_module\">\n<div class=\"ife-detail-decorate-table\">\n<table class=\"has-title hight-light-first-column all magic-8\">\n<tbody>\n<tr>\n<td colspan=\"1\" rowspan=\"1\">\n<div class=\"magic-9\">\n<div data-spm-anchor-id=\"a2700.custom-template.0.i28.79423333oXQkDE\" class=\"magic-10\"><b><font class=\"magic-11\">Nom du produit<\/font><\/b><\/div>\n<\/div>\n<\/td>\n<td colspan=\"1\" rowspan=\"1\">\n<div class=\"magic-12\">BESTWYLL Wholesale Suppliers Roll Top Pick Up Truck Rear Roller Lid Shutter Bed Electric Tonneau Cover For 2023 Vw Amarok E-K81<\/div>\n<\/td>\n<\/tr>\n<tr>\n<td colspan=\"1\" rowspan=\"1\">\n<div class=\"magic-9\">\n<div data-spm-anchor-id=\"a2700.custom-template.0.i25.79423333oXQkDE\" class=\"magic-10\"><b><font class=\"magic-11\">Mode<\/font><\/b><\/div>\n<\/div>\n<\/td>\n<td colspan=\"1\" rowspan=\"1\">\n<div class=\"magic-12\">\n<div data-spm-anchor-id=\"a2700.custom-template.0.i52.79423333oXQkDE\" class=\"magic-13\"><font class=\"magic-11\">\u00c9lectrique<\/font><\/div>\n<\/div>\n<\/td>\n<\/tr>\n<tr>\n<td colspan=\"1\" rowspan=\"1\">\n<div class=\"magic-9\">\n<div data-spm-anchor-id=\"a2700.custom-template.0.i22.79423333oXQkDE\" class=\"magic-10\"><b><font class=\"magic-11\">Mat\u00e9riel<\/font><\/b><\/div>\n<\/div>\n<\/td>\n<td colspan=\"1\" rowspan=\"1\">\n<div class=\"magic-12\">\n<div data-spm-anchor-id=\"a2700.custom-template.0.i23.79423333oXQkDE\" class=\"magic-13\"><font class=\"magic-11\">alliage d&#039;aluminium<\/font><\/div>\n<\/div>\n<\/td>\n<\/tr>\n<tr>\n<td colspan=\"1\" rowspan=\"1\">\n<div class=\"magic-9\">\n<div data-spm-anchor-id=\"a2700.custom-template.0.i27.79423333oXQkDE\" class=\"magic-10\"><b><font class=\"magic-11\">Indice de protection IP<\/font><\/b><\/div>\n<\/div>\n<\/td>\n<td colspan=\"1\" rowspan=\"1\">\n<div class=\"magic-12\">\n<div data-spm-anchor-id=\"a2700.custom-template.0.i40.79423333oXQkDE\" class=\"magic-13\">\n<font class=\"magic-11\">IP56<\/font>\n<\/div>\n<\/div>\n<\/td>\n<\/tr>\n<tr>\n<td colspan=\"1\" rowspan=\"1\">\n<div class=\"magic-9\">\n<div data-spm-anchor-id=\"a2700.custom-template.0.i31.79423333oXQkDE\" class=\"magic-10\"><b data-spm-anchor-id=\"a2700.custom-template.0.i38.79423333oXQkDE\"><font class=\"magic-11\">D\u00e9lai de livraison<\/font><\/b><\/div>\n<\/div>\n<\/td>\n<td colspan=\"1\" rowspan=\"1\">\n<div class=\"magic-12\">\n<div data-spm-anchor-id=\"a2700.custom-template.0.i34.79423333oXQkDE\" class=\"magic-13\">\n<font class=\"magic-11\">Dans les 7 \u00e0 15 jours suivant le paiement<\/font>\n<\/div>\n<\/div>\n<\/td>\n<\/tr>\n<tr>\n<td colspan=\"1\" rowspan=\"1\">\n<div class=\"magic-9\">\n<div class=\"magic-10\"><b><font class=\"magic-11\">OEM<\/font><\/b><\/div>\n<\/div>\n<\/td>\n<td colspan=\"1\" rowspan=\"1\">\n<div class=\"magic-12\"><font class=\"magic-11\">Personnalis\u00e9 disponible<\/font><\/div>\n<\/td>\n<\/tr>\n<\/tbody>\n<\/table>\n<\/div>\n<\/div>\n<div module-id=\"36884481832\" module-title=\"detailManyImage\" render=\"true\" class=\"J_module\">\n<div class=\"icbu-pc-detailManyImage magic-14\">\n<div class=\"magic-15\"><img decoding=\"async\" src=\"https:\/\/sc04.alicdn.com\/kf\/Hc9dc28888ef447da9e5d0db241feb1a6V\/254772214\/Hc9dc28888ef447da9e5d0db241feb1a6V.png\" data-src=\"\/\/sc04.alicdn.com\/kf\/Hc9dc28888ef447da9e5d0db241feb1a6V\/254772214\/Hc9dc28888ef447da9e5d0db241feb1a6V.png\" class=\"magic-16\"><\/div>\n<div class=\"magic-15\"><img decoding=\"async\" src=\"https:\/\/sc04.alicdn.com\/kf\/H8d897f0d6719406c9de1fd071fed74daJ\/254772214\/H8d897f0d6719406c9de1fd071fed74daJ.png\" data-src=\"\/\/sc04.alicdn.com\/kf\/H8d897f0d6719406c9de1fd071fed74daJ\/254772214\/H8d897f0d6719406c9de1fd071fed74daJ.png\" class=\"magic-16\"><\/div>\n<div class=\"magic-15\"><img decoding=\"async\" src=\"https:\/\/sc04.alicdn.com\/kf\/H4c116716f03f479191db1a7cf0e3c704z\/254772214\/H4c116716f03f479191db1a7cf0e3c704z.png\" data-src=\"\/\/sc04.alicdn.com\/kf\/H4c116716f03f479191db1a7cf0e3c704z\/254772214\/H4c116716f03f479191db1a7cf0e3c704z.png\" class=\"magic-16\"><\/div>\n<div class=\"magic-15\"><img decoding=\"async\" src=\"https:\/\/sc04.alicdn.com\/kf\/H8b57d40f0a2f4aab9cdba5cdce131b5fA\/254772214\/H8b57d40f0a2f4aab9cdba5cdce131b5fA.png\" data-src=\"\/\/sc04.alicdn.com\/kf\/H8b57d40f0a2f4aab9cdba5cdce131b5fA\/254772214\/H8b57d40f0a2f4aab9cdba5cdce131b5fA.png\" class=\"magic-16\"><\/div>\n<div class=\"magic-15\"><img decoding=\"async\" src=\"https:\/\/sc04.alicdn.com\/kf\/H44be3e63f69b43bbb48fe103b491d512D\/254772214\/H44be3e63f69b43bbb48fe103b491d512D.png\" data-src=\"\/\/sc04.alicdn.com\/kf\/H44be3e63f69b43bbb48fe103b491d512D\/254772214\/H44be3e63f69b43bbb48fe103b491d512D.png\" class=\"magic-16\"><\/div>\n<div class=\"magic-15\"><img decoding=\"async\" src=\"https:\/\/sc04.alicdn.com\/kf\/Hb5f2be34aee340b9a3b4985bd9306f0ds\/254772214\/Hb5f2be34aee340b9a3b4985bd9306f0ds.png\" data-src=\"\/\/sc04.alicdn.com\/kf\/Hb5f2be34aee340b9a3b4985bd9306f0ds\/254772214\/Hb5f2be34aee340b9a3b4985bd9306f0ds.png\" class=\"magic-16\"><\/div>\n<\/div>\n<\/div>\n<div module-id=\"40470776348\" module-title=\"detailTwoImages\" render=\"true\" class=\"J_module\">\n<div class=\"icbu-pc-images magic-0\">\n<div>\n<div class=\"flex-layout-v\">\n<div class=\"flex-layout-h magic-0\">\n<div class=\"magic-17\"><img decoding=\"async\" src=\"https:\/\/sc04.alicdn.com\/kf\/H2c3df4a115754a668ab58eebe97622c5H\/254772214\/H2c3df4a115754a668ab58eebe97622c5H.jpg\" data-src=\"\/\/sc04.alicdn.com\/kf\/H2c3df4a115754a668ab58eebe97622c5H\/254772214\/H2c3df4a115754a668ab58eebe97622c5H.jpg\" class=\"magic-18\"><\/div>\n<div class=\"magic-19\"><img decoding=\"async\" src=\"https:\/\/sc04.alicdn.com\/kf\/H096082eea71343c4834f36b8dd76b7f1M\/254772214\/H096082eea71343c4834f36b8dd76b7f1M.jpg\" data-src=\"\/\/sc04.alicdn.com\/kf\/H096082eea71343c4834f36b8dd76b7f1M\/254772214\/H096082eea71343c4834f36b8dd76b7f1M.jpg\" class=\"magic-18\"><\/div>\n<\/div>\n<\/div>\n<\/div>\n<\/div>\n<\/div>\n<div module-id=\"40470776349\" module-title=\"detailSingleImage\" render=\"true\" class=\"J_module\">\n<div class=\"icbu-pc-images magic-0\">\n<div>\n<div class=\"flex-layout-v\">\n<div class=\"flex-layout-h magic-0\">\n<div class=\"magic-20\"><img decoding=\"async\" src=\"https:\/\/sc04.alicdn.com\/kf\/H00f720b1abde4e928e6657c1a34608ed5\/254772214\/H00f720b1abde4e928e6657c1a34608ed5.jpg\" data-src=\"\/\/sc04.alicdn.com\/kf\/H00f720b1abde4e928e6657c1a34608ed5\/254772214\/H00f720b1abde4e928e6657c1a34608ed5.jpg\" class=\"magic-21\"><\/div>\n<\/div>\n<\/div>\n<\/div>\n<\/div>\n<\/div>\n<div module-id=\"40470776350\" module-title=\"detailProductNavigation\" render=\"true\" class=\"J_module\">\n<div id=\"ali-anchor-AliMagic-9k9q9l\" data-section=\"AliMagic-9k9q9l\" data-section-title=\"Recommend Products\" class=\"magic-7\">Produits recommand\u00e9s<\/div>\n<\/div>\n<div module-id=\"36884481828\" module-title=\"detailSellerRecommend\" render=\"true\" class=\"J_module\">\n<div data-magic='{\"mds\":{\"assetsVersion\":\"0.0.16\",\"assetsPackageName\":\"icbumod\",\"moduleNameAlias\":\"icbu-pc-detailSellerRecommend\",\"moduleData\":{\"config\":{\"miniSiteUrl\":\"https:\/\/alisite-mobile.alibaba.com\/minisite\/261921644\/productlist.html\",\"columnCount\":4,\"titleKey\":6,\"url\":\"https:\/\/bestwyll.en.alibaba.com\/productlist.html\",\"products\":[1600622758013,1601634448281,1601589577964,1601589820412,1601081704591,1601029307539,1601562493261,1600580455091]}}},\"version\":1}' class=\"icbu-pc-detailSellerRecommend magic-22\"><\/div>\n<\/div>\n<div module-id=\"36884481834\" module-title=\"detailSingleImage\" render=\"true\" class=\"J_module\">\n<div class=\"icbu-pc-images magic-0\">\n<div>\n<div class=\"flex-layout-v\">\n<div class=\"flex-layout-h magic-0\">\n<div class=\"magic-23\"><img decoding=\"async\" src=\"https:\/\/sc04.alicdn.com\/kf\/H73977efe49884cb299b8bf63fea7fae0b\/254772214\/H73977efe49884cb299b8bf63fea7fae0b.jpg\" data-src=\"\/\/sc04.alicdn.com\/kf\/H73977efe49884cb299b8bf63fea7fae0b\/254772214\/H73977efe49884cb299b8bf63fea7fae0b.jpg\" class=\"magic-24\"><\/div>\n<\/div>\n<\/div>\n<\/div>\n<\/div>\n<\/div>\n<div module-id=\"36884481836\" module-title=\"detailSingleImage\" render=\"true\" class=\"J_module\">\n<div class=\"icbu-pc-images magic-0\">\n<div>\n<div class=\"flex-layout-v\">\n<div class=\"flex-layout-h magic-0\">\n<div class=\"magic-25\">\n<img decoding=\"async\" src=\"https:\/\/sc04.alicdn.com\/kf\/H7ad1e943d6b34867b3ddccb562b0a7e9M\/254772214\/H7ad1e943d6b34867b3ddccb562b0a7e9M.jpg\" data-src=\"\/\/sc04.alicdn.com\/kf\/H7ad1e943d6b34867b3ddccb562b0a7e9M\/254772214\/H7ad1e943d6b34867b3ddccb562b0a7e9M.jpg\" usemap=\"#6-93-0ea-121f\" class=\"magic-26\"><\/p>\n<map name=\"6-93-0ea-121f\">\n<area shape=\"rect\" coords=\"248,289,499,444\" href=\"https:\/\/bestwyll.en.alibaba.com\/productgrouplist-917102491\/For_Ford.html\" target=\"_blank\">\n<area shape=\"rect\" coords=\"264,130,488,267\" href=\"https:\/\/bestwyll.en.alibaba.com\/productgrouplist-917102490\/For_Toyota.html\" target=\"_blank\">\n<area shape=\"rect\" coords=\"495,130,717,268\" href=\"https:\/\/bestwyll.en.alibaba.com\/productgrouplist-916233813\/For_Nissan.html\" target=\"_blank\">\n<area shape=\"rect\" coords=\"31,299,240,431\" href=\"https:\/\/bestwyll.en.alibaba.com\/productgrouplist-916805214\/For_Mitsubishi.html\" target=\"_blank\">\n<area shape=\"rect\" coords=\"30,128,254,267\" href=\"https:\/\/bestwyll.en.alibaba.com\/productgrouplist-916233815\/For_Chevrolet_GMC.html\" target=\"_blank\">\n<area shape=\"rect\" coords=\"508,299,720,430\" href=\"https:\/\/bestwyll.en.alibaba.com\/productgrouplist-916474106\/For_Dodge.html\" target=\"_blank\">\n<area shape=\"rect\" coords=\"263,466,487,605\" href=\"https:\/\/bestwyll.en.alibaba.com\/productgrouplist-916209862\/For_SsangYong.html\" target=\"_blank\">\n<area shape=\"rect\" coords=\"31,809,717,951\" href=\"https:\/\/bestwyll.en.alibaba.com\/productlist.html\" target=\"_blank\"><\/map>\n<\/div>\n<\/div>\n<\/div>\n<\/div>\n<\/div>\n<\/div>\n<div module-id=\"36884481837\" module-title=\"detailSingleImage\" render=\"true\" class=\"J_module\">\n<div class=\"icbu-pc-images magic-0\">\n<div>\n<div class=\"flex-layout-v\">\n<div class=\"flex-layout-h magic-0\">\n<div class=\"magic-27\"><img decoding=\"async\" src=\"https:\/\/sc04.alicdn.com\/kf\/H43de1079ab784874b4ad2a39be4a3935w\/254772214\/H43de1079ab784874b4ad2a39be4a3935w.jpg\" data-src=\"\/\/sc04.alicdn.com\/kf\/H43de1079ab784874b4ad2a39be4a3935w\/254772214\/H43de1079ab784874b4ad2a39be4a3935w.jpg\" class=\"magic-28\"><\/div>\n<\/div>\n<\/div>\n<\/div>\n<\/div>\n<\/div>\n<div module-id=\"36884481838\" module-title=\"detailTextContent\" render=\"true\" class=\"J_module\">\n<div class=\"detail-decorate-json-renderer-container\">\n<div class=\"magic-29\">\n<div class=\"magic-30\">\n<div class=\"magic-31\">\n<div class=\"magic-32\"><span>Fond\u00e9e en 2014 en tant que fabricant et exportateur d&#039;accessoires automobiles, Bestwyll est d\u00e9sormais un d\u00e9veloppeur et fabricant sp\u00e9cialis\u00e9 de premier plan de couvre-tonneau r\u00e9tractable pour pick-up et de ses accessoires associ\u00e9s, marchepieds lat\u00e9raux ELC, barres de sport, etc.<br \/>\nImplant\u00e9e dans le parc industriel Geely de Foshan, avec plus de 15\u00a0000 m\u00b2 de bureaux et d&#039;usines, Bestwyll est une \u00e9quipe de passionn\u00e9s qui travaillent dans ce domaine depuis plus de 20 ans. Bestwyll est non seulement certifi\u00e9e IATF16949, mais aussi le premier et unique fabricant chinois de couvre-caisses r\u00e9tractables pour pick-up \u00e0 avoir obtenu la certification EMARK \u00e0 ce jour.<br \/>\nAvec des dizaines de brevets d\u00e9pos\u00e9s en Chine, aux \u00c9tats-Unis, en Europe et en Asie du Sud-Est, Bestwyll a \u00e9galement sa marque \u00ab BESTWYLL \u00bb d\u00e9pos\u00e9e en Chine, en Europe, aux \u00c9tats-Unis, au Cambodge, au Vietnam, en Malaisie, etc. Nous sommes fiers d&#039;\u00eatre le SEUL fabricant qualifi\u00e9 pour les couvertures de tonneau r\u00e9tractables OEM aux normes les plus \u00e9lev\u00e9es en Chine continentale.<br \/>\nAvec une exp\u00e9rience r\u00e9ussie en mati\u00e8re d&#039;OEM, d&#039;ODM, de marques de vente en gros et de marques priv\u00e9es, nos canaux de vente couvrent non seulement le march\u00e9 int\u00e9rieur chinois, mais \u00e9galement les r\u00e9gions d&#039;Am\u00e9rique du Nord, d&#039;Am\u00e9rique du Sud, d&#039;Asie du Sud-Est, d&#039;Europe et du Moyen-Orient, etc. Nous sommes impatients d&#039;\u00eatre votre partenaire fiable et de rechercher davantage de distributeurs gagnant-gagnant dans le monde entier.<\/span><\/div>\n<\/div>\n<\/div>\n<\/div>\n<\/div>\n<\/div>\n<div module-id=\"36884481839\" module-title=\"detailSingleImage\" render=\"true\" class=\"J_module\">\n<div class=\"icbu-pc-images magic-0\">\n<div>\n<div class=\"flex-layout-v\">\n<div class=\"flex-layout-h magic-0\">\n<div class=\"magic-33\"><img decoding=\"async\" src=\"https:\/\/sc04.alicdn.com\/kf\/Hfe07a2e120524b5ea67a87b064805d15v\/254772214\/Hfe07a2e120524b5ea67a87b064805d15v.jpg\" data-src=\"\/\/sc04.alicdn.com\/kf\/Hfe07a2e120524b5ea67a87b064805d15v\/254772214\/Hfe07a2e120524b5ea67a87b064805d15v.jpg\" class=\"magic-34\"><\/div>\n<\/div>\n<\/div>\n<\/div>\n<\/div>\n<\/div>\n<div module-id=\"36884481840\" module-title=\"detailSingleImage\" render=\"true\" class=\"J_module\">\n<div class=\"icbu-pc-images magic-0\">\n<div>\n<div class=\"flex-layout-v\">\n<div class=\"flex-layout-h magic-0\">\n<div class=\"magic-35\"><img decoding=\"async\" src=\"https:\/\/sc04.alicdn.com\/kf\/He12e59147e7c4ee5b8fd3906a512fef0D\/254772214\/He12e59147e7c4ee5b8fd3906a512fef0D.jpg\" data-src=\"\/\/sc04.alicdn.com\/kf\/He12e59147e7c4ee5b8fd3906a512fef0D\/254772214\/He12e59147e7c4ee5b8fd3906a512fef0D.jpg\" class=\"magic-36\"><\/div>\n<\/div>\n<\/div>\n<\/div>\n<\/div>\n<\/div><\/div>","protected":false},"excerpt":{"rendered":"<p>Products Description Product Name BESTWYLL Wholesale Suppliers Roll Top Pick Up Truck Rear Roller Lid Shutter Bed Electric Tonneau Cover<\/p>","protected":false},"featured_media":6242,"template":"","meta":[],"product_brand":[],"product_cat":[83,30,114],"product_tag":[],"class_list":{"0":"post-6241","1":"product","2":"type-product","3":"status-publish","4":"has-post-thumbnail","6":"product_cat-tonneau-cover","7":"product_cat-for-volkswagen","8":"product_cat-volkswagen","10":"first","11":"instock","12":"shipping-taxable","13":"purchasable","14":"product-type-simple"},"_links":{"self":[{"href":"https:\/\/www.bestwyll.com\/fr\/wp-json\/wp\/v2\/product\/6241","targetHints":{"allow":["GET"]}}],"collection":[{"href":"https:\/\/www.bestwyll.com\/fr\/wp-json\/wp\/v2\/product"}],"about":[{"href":"https:\/\/www.bestwyll.com\/fr\/wp-json\/wp\/v2\/types\/product"}],"version-history":[{"count":1,"href":"https:\/\/www.bestwyll.com\/fr\/wp-json\/wp\/v2\/product\/6241\/revisions"}],"predecessor-version":[{"id":6248,"href":"https:\/\/www.bestwyll.com\/fr\/wp-json\/wp\/v2\/product\/6241\/revisions\/6248"}],"wp:featuredmedia":[{"embeddable":true,"href":"https:\/\/www.bestwyll.com\/fr\/wp-json\/wp\/v2\/media\/6242"}],"wp:attachment":[{"href":"https:\/\/www.bestwyll.com\/fr\/wp-json\/wp\/v2\/media?parent=6241"}],"wp:term":[{"taxonomy":"product_brand","embeddable":true,"href":"https:\/\/www.bestwyll.com\/fr\/wp-json\/wp\/v2\/product_brand?post=6241"},{"taxonomy":"product_cat","embeddable":true,"href":"https:\/\/www.bestwyll.com\/fr\/wp-json\/wp\/v2\/product_cat?post=6241"},{"taxonomy":"product_tag","embeddable":true,"href":"https:\/\/www.bestwyll.com\/fr\/wp-json\/wp\/v2\/product_tag?post=6241"}],"curies":[{"name":"wp","href":"https:\/\/api.w.org\/{rel}","templated":true}]}}