{"id":4989,"date":"2023-05-08T13:58:25","date_gmt":"2023-05-08T05:58:25","guid":{"rendered":"https:\/\/www.bestwyll.com\/product\/sport-bar-adapter-for-benz-x-toyota-hilux-revo-2015-rb-zj6\/"},"modified":"2025-05-28T18:02:30","modified_gmt":"2025-05-28T10:02:30","slug":"sport-bar-adapter-for-benz-x-toyota-hilux-revo-2015-rb-zj6","status":"publish","type":"product","link":"https:\/\/www.bestwyll.com\/fr\/produit\/sport-bar-adapter-for-benz-x-toyota-hilux-revo-2015-rb-zj6\/","title":{"rendered":"Adaptateur de barre de toit sport pour Benz X Toyota Hilux Revo 2015+ RB-ZJ6"},"content":{"rendered":"<div id=\"shopify-section-product-content\" class=\"shopify-section\">\n<section class=\"container\">\n<div id=\"product-47326951-content\" class=\"product-content anchor\">\n<div id=\"product-47326951-tabs\" class=\"product-content__tabs anchor\">\n<div class=\"product-tabs\">\n<div class=\"product-tabs__content\">\n<div id=\"block-product-content-description-662-1667466984685\" class=\"product-tabs__tab-item-wrapper\"><button class=\"collapsible-toggle heading heading--small hidden-lap-and-up\" aria-controls=\"block-product-content-description-662-1667466984685-content\" aria-expanded=\"true\">Description<br \/>\n<\/button><\/p>\n<div class=\"product-tabs__tab-item-content rte\">\n<div>\n<div class=\"do-entry do-entry-separate\" data-e2e-name=\"quickDetail\">\n<div class=\"do-entry-title\">\n<div class=\"do-entry do-entry-separate\" data-e2e-name=\"quickDetail\">\n<div class=\"do-entry-title\">\n<div class=\"do-entry do-entry-separate\" data-e2e-name=\"quickDetail\">\n<div class=\"do-entry-title\">\n<div class=\"do-entry do-entry-separate\" data-e2e-name=\"quickDetail\">\n<div class=\"do-entry-title\">\n<div class=\"do-entry do-entry-separate\" data-e2e-name=\"quickDetail\">\n<div class=\"do-entry-title\">\n<div class=\"do-entry do-entry-separate\" data-e2e-name=\"quickDetail\"><\/div>\n<div class=\"do-entry do-entry-full\" data-e2e-name=\"productPackaging\">\n<div class=\"do-entry-list\">\n<dl class=\"leadtime-table\">\n<dt class=\"leadtime-table__key\" title=\"D\u00e9lai de mise en \u0153uvre\"><\/dt>\n<dt class=\"leadtime-table__key\" title=\"D\u00e9lai de mise en \u0153uvre\">\n<table style=\"border-collapse: collapse; width: 100.042%;\" border=\"1\">\n<tbody>\n<tr>\n<td style=\"width: 21.1889%;\" width=\"98\"><span data-spm-anchor-id=\"a2700.details.0.i9.c116647e4iCCTd\">Fonction:<\/span><\/td>\n<td style=\"width: 23.8375%;\" width=\"111\">\n<p data-spm-anchor-id=\"a2700.details.0.i10.310378e1ymz5Cp\">\n<\/td>\n<td style=\"width: 27.9429%;\" width=\"130\">Nom de marque :<\/td>\n<td style=\"width: 27.0158%;\" width=\"69\">BESTWYLL<\/td>\n<\/tr>\n<tr>\n<td style=\"width: 21.1889%;\"><span data-spm-anchor-id=\"a2700.details.0.i12.c116647e4iCCTd\">Type de goulotte lat\u00e9rale :<\/span><\/td>\n<td style=\"width: 23.8375%;\">\n<p data-spm-anchor-id=\"a2700.details.0.i11.310378e1ymz5Cp\">\n<\/td>\n<td style=\"width: 27.9429%;\"><span data-spm-anchor-id=\"a2700.details.0.i22.37183f4eli4pRQ\">Type de voiture :<\/span><\/td>\n<td style=\"width: 27.0158%;\">\n<p data-spm-anchor-id=\"a2700.details.0.i24.55b86d626q2qJO\">\n<\/td>\n<\/tr>\n<tr>\n<td style=\"width: 21.1889%;\"><span data-spm-anchor-id=\"a2700.details.0.i16.c116647e4iCCTd\">Garantie:<\/span><\/td>\n<td style=\"width: 23.8375%;\">1 an<\/td>\n<td style=\"width: 27.9429%;\">OEM\/ODM :<\/td>\n<td style=\"width: 27.0158%;\">Disponible<\/td>\n<\/tr>\n<tr>\n<td style=\"width: 21.1889%;\">Quantit\u00e9 minimale de commande :<\/td>\n<td style=\"width: 23.8375%;\">30 ensembles<\/td>\n<td style=\"width: 27.9429%;\">D\u00c9LAI DE LIVRAISON:<\/td>\n<td style=\"width: 27.0158%;\">7 \u00e0 15 jours<\/td>\n<\/tr>\n<\/tbody>\n<\/table>\n<table style=\"border-collapse: collapse; width: 100.042%;\" border=\"1\">\n<tbody>\n<tr>\n<td style=\"width: 20.105%;\">\n<div class=\"magic-6\" data-spm-anchor-id=\"a2700.details.0.i8.5e844a3dBoGd4F\">\n<div class=\"magic-7\" data-spm-anchor-id=\"a2700.custom-template.0.i28.79423333oXQkDE\"><strong><span class=\"magic-8\">Nom du produit<\/span><\/strong><\/div>\n<\/div>\n<\/td>\n<td style=\"width: 79.9046%;\">\n<div class=\"magic-9\">\n<div class=\"magic-10\" data-spm-anchor-id=\"a2700.custom-template.0.i51.79423333oXQkDE\">Adaptateur de barre de toit sport BESTWYLL pour Benz X Toyota Hilux Revo 2015+ RB-ZJ6<\/div>\n<\/div>\n<\/td>\n<\/tr>\n<tr>\n<td style=\"width: 20.105%;\">\n<div class=\"magic-6\">\n<div class=\"magic-7\" data-spm-anchor-id=\"a2700.custom-template.0.i25.79423333oXQkDE\"><strong><span class=\"magic-8\">Mode<\/span><\/strong><\/div>\n<\/div>\n<\/td>\n<td style=\"width: 79.9046%;\">\n<div class=\"magic-9\">\n<div class=\"magic-10\" data-spm-anchor-id=\"a2700.custom-template.0.i52.79423333oXQkDE\">Manuel<\/div>\n<\/div>\n<\/td>\n<\/tr>\n<tr>\n<td style=\"width: 20.105%;\">\n<div class=\"magic-6\">\n<div class=\"magic-7\" data-spm-anchor-id=\"a2700.custom-template.0.i22.79423333oXQkDE\"><strong><span class=\"magic-8\">Mat\u00e9riel<\/span><\/strong><\/div>\n<\/div>\n<\/td>\n<td style=\"width: 79.9046%;\">\n<div class=\"magic-9\">\n<div class=\"magic-10\" data-spm-anchor-id=\"a2700.custom-template.0.i23.79423333oXQkDE\">Fer<\/div>\n<\/div>\n<\/td>\n<\/tr>\n<tr>\n<td style=\"width: 20.105%;\">\n<div class=\"magic-6\">\n<div class=\"magic-7\" data-spm-anchor-id=\"a2700.custom-template.0.i27.79423333oXQkDE\"><strong><span class=\"magic-8\">Indice de protection IP<\/span><\/strong><\/div>\n<\/div>\n<\/td>\n<td style=\"width: 79.9046%;\">\n<div class=\"magic-9\">\n<div class=\"magic-10\" data-spm-anchor-id=\"a2700.custom-template.0.i40.79423333oXQkDE\"><span class=\"magic-8\">IP56<\/span><\/div>\n<\/div>\n<\/td>\n<\/tr>\n<tr>\n<td style=\"width: 20.105%;\">\n<div class=\"magic-6\" data-spm-anchor-id=\"a2700.details.0.i7.5e844a3dBoGd4F\">\n<div class=\"magic-7\" data-spm-anchor-id=\"a2700.custom-template.0.i31.79423333oXQkDE\"><strong data-spm-anchor-id=\"a2700.custom-template.0.i38.79423333oXQkDE\"><span class=\"magic-8\">D\u00e9lai de livraison<\/span><\/strong><\/div>\n<\/div>\n<\/td>\n<td style=\"width: 79.9046%;\">\n<div class=\"magic-9\">\n<div class=\"magic-10\" data-spm-anchor-id=\"a2700.custom-template.0.i34.79423333oXQkDE\">Dans les 7 \u00e0 15 jours suivant le paiement<\/div>\n<\/div>\n<\/td>\n<\/tr>\n<tr>\n<td style=\"width: 20.105%;\">\n<div class=\"magic-6\">\n<div class=\"magic-7\"><strong><span class=\"magic-8\">OEM<\/span><\/strong><\/div>\n<\/div>\n<\/td>\n<td style=\"width: 79.9046%;\">\n<div class=\"magic-9\">\n<div class=\"magic-10\">Personnalis\u00e9 disponible<\/div>\n<\/div>\n<\/td>\n<\/tr>\n<\/tbody>\n<\/table>\n<\/dt>\n<\/dl>\n<\/div>\n<\/div>\n<\/div>\n<\/div>\n<div class=\"do-entry do-entry-full\" data-e2e-name=\"productPackaging\">\n<div class=\"do-entry-list\"><\/div>\n<\/div>\n<\/div>\n<\/div>\n<div class=\"do-entry do-entry-full\" data-e2e-name=\"productPackaging\">\n<div class=\"do-entry-list\"><\/div>\n<\/div>\n<\/div>\n<\/div>\n<div class=\"do-entry do-entry-full\" data-e2e-name=\"productPackaging\">\n<div class=\"do-entry-list\"><\/div>\n<\/div>\n<\/div>\n<\/div>\n<div class=\"do-entry do-entry-full\" data-e2e-name=\"productPackaging\">\n<div class=\"do-entry-list\"><\/div>\n<\/div>\n<\/div>\n<\/div>\n<div class=\"do-entry do-entry-full\" data-e2e-name=\"productPackaging\">\n<div class=\"do-entry-list\"><\/div>\n<\/div>\n<\/div>\n<\/div>\n<\/div>\n<\/div>\n<\/div>\n<\/div>\n<\/div>\n<\/section>\n<style>\n  .trust_icon_small img{<br \/>\n    height: 35px;<br \/>\n  }<br \/>\n<\/style>\n<\/div>","protected":false},"excerpt":{"rendered":"<p>Nos produits sont \u00e9l\u00e9gants et durables, con\u00e7us pour un usage quotidien en toutes circonstances. Nos \u00e9quipes R&amp;D d\u00e9di\u00e9es en Chine savent \u00e0 quel point cela peut \u00eatre exigeant. C&#039;est pourquoi elles s&#039;engagent \u00e0 vous offrir le meilleur de deux mondes\u00a0: une qualit\u00e9 premium et un design con\u00e7u pour r\u00e9sister aux environnements les plus difficiles.<\/p>","protected":false},"featured_media":4990,"template":"","meta":[],"product_brand":[],"product_cat":[23,115],"product_tag":[],"class_list":{"0":"post-4989","1":"product","2":"type-product","3":"status-publish","4":"has-post-thumbnail","6":"product_cat-sport-bar-adapter","7":"product_cat-toyota","9":"first","10":"instock","11":"shipping-taxable","12":"product-type-simple"},"_links":{"self":[{"href":"https:\/\/www.bestwyll.com\/fr\/wp-json\/wp\/v2\/product\/4989","targetHints":{"allow":["GET"]}}],"collection":[{"href":"https:\/\/www.bestwyll.com\/fr\/wp-json\/wp\/v2\/product"}],"about":[{"href":"https:\/\/www.bestwyll.com\/fr\/wp-json\/wp\/v2\/types\/product"}],"version-history":[{"count":2,"href":"https:\/\/www.bestwyll.com\/fr\/wp-json\/wp\/v2\/product\/4989\/revisions"}],"predecessor-version":[{"id":5106,"href":"https:\/\/www.bestwyll.com\/fr\/wp-json\/wp\/v2\/product\/4989\/revisions\/5106"}],"wp:featuredmedia":[{"embeddable":true,"href":"https:\/\/www.bestwyll.com\/fr\/wp-json\/wp\/v2\/media\/4990"}],"wp:attachment":[{"href":"https:\/\/www.bestwyll.com\/fr\/wp-json\/wp\/v2\/media?parent=4989"}],"wp:term":[{"taxonomy":"product_brand","embeddable":true,"href":"https:\/\/www.bestwyll.com\/fr\/wp-json\/wp\/v2\/product_brand?post=4989"},{"taxonomy":"product_cat","embeddable":true,"href":"https:\/\/www.bestwyll.com\/fr\/wp-json\/wp\/v2\/product_cat?post=4989"},{"taxonomy":"product_tag","embeddable":true,"href":"https:\/\/www.bestwyll.com\/fr\/wp-json\/wp\/v2\/product_tag?post=4989"}],"curies":[{"name":"wp","href":"https:\/\/api.w.org\/{rel}","templated":true}]}}