{"id":3268,"date":"2025-05-08T11:00:59","date_gmt":"2025-05-08T03:00:59","guid":{"rendered":"https:\/\/www.bestwyll.com\/product\/manual-pickup-tonneau-cover-for-2009-toyota-tundra-5-5-short-bed-k33\/"},"modified":"2025-05-28T16:32:48","modified_gmt":"2025-05-28T08:32:48","slug":"manual-pickup-tonneau-cover-for-2009-toyota-tundra-5-5-short-bed-k33","status":"publish","type":"product","link":"https:\/\/www.bestwyll.com\/fr\/produit\/manual-pickup-tonneau-cover-for-2009-toyota-tundra-5-5-short-bed-k33\/","title":{"rendered":"Couvre-caisse manuel pour Toyota Tundra 2009+, caisse courte de 5,5 pi K33"},"content":{"rendered":"<div id=\"shopify-section-product-content\" class=\"shopify-section\">\n<section class=\"container\">\n<div id=\"product-46717354-content\" class=\"product-content anchor\">\n<div class=\"product-content__tabs anchor\" id=\"product-46717354-tabs\">\n<div class=\"product-tabs\">\n<div class=\"product-tabs__content\">\n<div id=\"block-product-content-description-662-1667466984685\" class=\"product-tabs__tab-item-wrapper\">\n                  <button class=\"collapsible-toggle heading heading--small hidden-lap-and-up\" aria-controls=\"block-product-content-description-662-1667466984685-content\" aria-expanded=\"true\">Description<svg width=\"12\" height=\"8\" class=\"icon icon--chevron\" viewbox=\"0 0 12 8\">\n        <path fill=\"none\" d=\"M1 1l5 5 5-5\" stroke=\"currentColor\" stroke-width=\"2\"><\/path>\n      <\/svg><\/button><\/p>\n<div class=\"product-tabs__tab-item-content rte\">\n<div>\n<table style=\"border-collapse: collapse;width: 100.042%\" border=\"1\">\n<tbody>\n<tr>\n<td style=\"width: 21.3384%\" width=\"98\"><span data-spm-anchor-id=\"a2700.details.0.i9.c116647e4iCCTd\">Fonction:<\/span><\/td>\n<td style=\"width: 27.6515%\" width=\"111\">\n<p data-spm-anchor-id=\"a2700.details.0.i10.310378e1ymz5Cp\">Waterproof, Anti-theft<\/p>\n<\/td>\n<td style=\"width: 28.0303%\" width=\"130\">Nom de marque :<\/td>\n<td style=\"width: 22.9798%\" width=\"69\">BESTWYLL<\/td>\n<\/tr>\n<tr>\n<td style=\"width: 21.3384%\"><span data-spm-anchor-id=\"a2700.details.0.i12.c116647e4iCCTd\">Type de goulotte lat\u00e9rale :<\/span><\/td>\n<td style=\"width: 27.6515%\">\n<p data-spm-anchor-id=\"a2700.details.0.i11.310378e1ymz5Cp\">Type K, type Y en option<\/p>\n<\/td>\n<td style=\"width: 28.0303%\"><span data-spm-anchor-id=\"a2700.details.0.i22.37183f4eli4pRQ\">Qualit\u00e9:<\/span><\/td>\n<td style=\"width: 22.9798%\">\n<p data-spm-anchor-id=\"a2700.details.0.i24.55b86d626q2qJO\">100% Tested<\/p>\n<\/td>\n<\/tr>\n<tr>\n<td style=\"width: 21.3384%\"><span data-spm-anchor-id=\"a2700.details.0.i16.c116647e4iCCTd\">Garantie:<\/span><\/td>\n<td style=\"width: 27.6515%\">1 an<\/td>\n<td style=\"width: 28.0303%\">OEM\/ODM :<\/td>\n<td style=\"width: 22.9798%\">Personnalis\u00e9 disponible<\/td>\n<\/tr>\n<tr>\n<td style=\"width: 21.3384%\">Quantit\u00e9 minimale de commande :<\/td>\n<td style=\"width: 27.6515%\">10 ensembles<\/td>\n<td style=\"width: 28.0303%\">D\u00c9LAI DE LIVRAISON:<\/td>\n<td style=\"width: 22.9798%\">7 \u00e0 15 jours<\/td>\n<\/tr>\n<\/tbody>\n<\/table>\n<p>\u00a0<\/p>\n<table style=\"border-collapse: collapse;width: 100.042%\" border=\"1\">\n<tbody>\n<tr>\n<td style=\"width: 12.7525%\">\n<div class=\"magic-6\" data-spm-anchor-id=\"a2700.details.0.i8.480926874kWg9N\">\n<div class=\"magic-7\" data-spm-anchor-id=\"a2700.custom-template.0.i28.79423333oXQkDE\"><strong><span class=\"magic-8\">Nom du produit<\/span><\/strong><\/div>\n<\/div>\n<\/td>\n<td style=\"width: 87.2475%\">\n<div class=\"magic-9\">\n<div class=\"magic-10\" data-spm-anchor-id=\"a2700.custom-template.0.i51.79423333oXQkDE\">BESTWYLL Manual Pickup Tonneau Cover For 2009+ Toyota Tundra, 5.5&#8242; Short Bed K33<\/div>\n<\/div>\n<\/td>\n<\/tr>\n<tr>\n<td style=\"width: 12.7525%\">\n<div class=\"magic-6\">\n<div class=\"magic-7\" data-spm-anchor-id=\"a2700.custom-template.0.i25.79423333oXQkDE\"><strong><span class=\"magic-8\">Mode<\/span><\/strong><\/div>\n<\/div>\n<\/td>\n<td style=\"width: 87.2475%\">\n<div class=\"magic-9\">\n<div class=\"magic-10\" data-spm-anchor-id=\"a2700.custom-template.0.i52.79423333oXQkDE\"><span class=\"magic-8\">Manuel<\/span><\/div>\n<\/div>\n<\/td>\n<\/tr>\n<tr>\n<td style=\"width: 12.7525%\">\n<div class=\"magic-6\">\n<div class=\"magic-7\" data-spm-anchor-id=\"a2700.custom-template.0.i22.79423333oXQkDE\"><strong><span class=\"magic-8\">Mat\u00e9riel<\/span><\/strong><\/div>\n<\/div>\n<\/td>\n<td style=\"width: 87.2475%\">\n<div class=\"magic-9\">\n<div class=\"magic-10\" data-spm-anchor-id=\"a2700.custom-template.0.i23.79423333oXQkDE\"><span class=\"magic-8\">alliage d&#039;aluminium<\/span><\/div>\n<\/div>\n<\/td>\n<\/tr>\n<tr>\n<td style=\"width: 12.7525%\">\n<div class=\"magic-6\">\n<div class=\"magic-7\" data-spm-anchor-id=\"a2700.custom-template.0.i27.79423333oXQkDE\"><strong><span class=\"magic-8\">Indice de protection IP<\/span><\/strong><\/div>\n<\/div>\n<\/td>\n<td style=\"width: 87.2475%\">\n<div class=\"magic-9\">\n<div class=\"magic-10\" data-spm-anchor-id=\"a2700.custom-template.0.i40.79423333oXQkDE\"><span class=\"magic-8\">IP56<\/span><\/div>\n<\/div>\n<\/td>\n<\/tr>\n<tr>\n<td style=\"width: 12.7525%\">\n<div class=\"magic-6\">\n<div class=\"magic-7\" data-spm-anchor-id=\"a2700.custom-template.0.i31.79423333oXQkDE\"><strong data-spm-anchor-id=\"a2700.custom-template.0.i38.79423333oXQkDE\"><span class=\"magic-8\">D\u00e9lai de livraison<\/span><\/strong><\/div>\n<\/div>\n<\/td>\n<td style=\"width: 87.2475%\">\n<div class=\"magic-9\">\n<div class=\"magic-10\" data-spm-anchor-id=\"a2700.custom-template.0.i34.79423333oXQkDE\"><span class=\"magic-8\">Dans les 7 \u00e0 15 jours suivant le paiement<\/span><\/div>\n<\/div>\n<\/td>\n<\/tr>\n<tr>\n<td style=\"width: 12.7525%\">\n<div class=\"magic-6\">\n<div class=\"magic-7\"><strong><span class=\"magic-8\">OEM<\/span><\/strong><\/div>\n<\/div>\n<\/td>\n<td style=\"width: 87.2475%\">\n<div class=\"magic-9\">\n<div class=\"magic-10\">Personnalis\u00e9 disponible<\/div>\n<\/div>\n<\/td>\n<\/tr>\n<\/tbody>\n<\/table>\n<\/div>\n<\/div><\/div>\n<\/div>\n<\/div><\/div>\n<\/div>\n<\/section>\n<style>\n  .trust_icon_small img{\n    height: 35px;\n  }\n<\/style>\n<\/div>","protected":false},"excerpt":{"rendered":"<p>Nos produits sont \u00e9l\u00e9gants et durables, con\u00e7us pour un usage quotidien en toutes circonstances. Nos \u00e9quipes R&amp;D d\u00e9di\u00e9es en Chine savent \u00e0 quel point cela peut \u00eatre exigeant. C&#039;est pourquoi elles s&#039;engagent \u00e0 vous offrir le meilleur de deux mondes\u00a0: une qualit\u00e9 premium et un design con\u00e7u pour r\u00e9sister aux environnements les plus difficiles.<\/p>","protected":false},"featured_media":3269,"template":"","meta":[],"product_brand":[],"product_cat":[25,83,115],"product_tag":[],"class_list":{"0":"post-3268","1":"product","2":"type-product","3":"status-publish","4":"has-post-thumbnail","6":"product_cat-for-toyota","7":"product_cat-tonneau-cover","8":"product_cat-toyota","10":"first","11":"instock","12":"shipping-taxable","13":"product-type-simple"},"_links":{"self":[{"href":"https:\/\/www.bestwyll.com\/fr\/wp-json\/wp\/v2\/product\/3268","targetHints":{"allow":["GET"]}}],"collection":[{"href":"https:\/\/www.bestwyll.com\/fr\/wp-json\/wp\/v2\/product"}],"about":[{"href":"https:\/\/www.bestwyll.com\/fr\/wp-json\/wp\/v2\/types\/product"}],"version-history":[{"count":1,"href":"https:\/\/www.bestwyll.com\/fr\/wp-json\/wp\/v2\/product\/3268\/revisions"}],"predecessor-version":[{"id":3275,"href":"https:\/\/www.bestwyll.com\/fr\/wp-json\/wp\/v2\/product\/3268\/revisions\/3275"}],"wp:featuredmedia":[{"embeddable":true,"href":"https:\/\/www.bestwyll.com\/fr\/wp-json\/wp\/v2\/media\/3269"}],"wp:attachment":[{"href":"https:\/\/www.bestwyll.com\/fr\/wp-json\/wp\/v2\/media?parent=3268"}],"wp:term":[{"taxonomy":"product_brand","embeddable":true,"href":"https:\/\/www.bestwyll.com\/fr\/wp-json\/wp\/v2\/product_brand?post=3268"},{"taxonomy":"product_cat","embeddable":true,"href":"https:\/\/www.bestwyll.com\/fr\/wp-json\/wp\/v2\/product_cat?post=3268"},{"taxonomy":"product_tag","embeddable":true,"href":"https:\/\/www.bestwyll.com\/fr\/wp-json\/wp\/v2\/product_tag?post=3268"}],"curies":[{"name":"wp","href":"https:\/\/api.w.org\/{rel}","templated":true}]}}