{"id":3110,"date":"2025-05-22T10:56:57","date_gmt":"2025-05-22T02:56:57","guid":{"rendered":"https:\/\/www.bestwyll.com\/product\/electric-roller-lid-for-ford-ranger-wildtrak-2012-2021-e-f01\/"},"modified":"2025-05-28T17:20:32","modified_gmt":"2025-05-28T09:20:32","slug":"electric-roller-lid-for-ford-ranger-wildtrak-2012-2021-e-f01","status":"publish","type":"product","link":"https:\/\/www.bestwyll.com\/fr\/produit\/electric-roller-lid-for-ford-ranger-wildtrak-2012-2021-e-f01\/","title":{"rendered":"Couvercle \u00e0 enroulement \u00e9lectrique pour Ford Ranger Wildtrak 2012-2021 E-F01"},"content":{"rendered":"<div id=\"shopify-section-product-content\" class=\"shopify-section\">\n<section class=\"container\">\n<div id=\"product-46716498-content\" class=\"product-content anchor\">\n<div class=\"product-content__tabs anchor\" id=\"product-46716498-tabs\">\n<div class=\"product-tabs\">\n<div class=\"product-tabs__content\">\n<div id=\"block-product-content-description-662-1667466984685\" class=\"product-tabs__tab-item-wrapper\">\n                  <button class=\"collapsible-toggle heading heading--small hidden-lap-and-up\" aria-controls=\"block-product-content-description-662-1667466984685-content\" aria-expanded=\"true\">Description<svg width=\"12\" height=\"8\" class=\"icon icon--chevron\" viewbox=\"0 0 12 8\">\n        <path fill=\"none\" d=\"M1 1l5 5 5-5\" stroke=\"currentColor\" stroke-width=\"2\"><\/path>\n      <\/svg><\/button><\/p>\n<div class=\"product-tabs__tab-item-content rte\">\n<div>\n<table style=\"border-collapse: collapse;width: 100%\" border=\"1\">\n<tbody>\n<tr>\n<td style=\"width: 23.9502%\" width=\"98\"><span data-spm-anchor-id=\"a2700.details.0.i9.c116647e4iCCTd\">Fonction:<\/span><\/td>\n<td style=\"width: 26.9051%\" width=\"111\">\n<p data-spm-anchor-id=\"a2700.details.0.i10.310378e1ymz5Cp\">\u00c9tanche<\/p>\n<\/td>\n<td style=\"width: 31.4152%\" width=\"130\">Nom de marque :<\/td>\n<td style=\"width: 17.7294%\" width=\"69\">BESTWYLL<\/td>\n<\/tr>\n<tr>\n<td style=\"width: 23.9502%\"><span data-spm-anchor-id=\"a2700.details.0.i12.c116647e4iCCTd\">Type de goulotte lat\u00e9rale :<\/span><\/td>\n<td style=\"width: 26.9051%\">\n<p data-spm-anchor-id=\"a2700.details.0.i11.310378e1ymz5Cp\">F Type<\/p>\n<\/td>\n<td style=\"width: 31.4152%\">Type de voiture :<\/td>\n<td style=\"width: 17.7294%\">\n<p data-spm-anchor-id=\"a2700.details.0.i9.191d5c5fbV5X6P\">Double Cab, Single Cab, Wildtrak<\/p>\n<\/td>\n<\/tr>\n<tr>\n<td style=\"width: 23.9502%\"><span data-spm-anchor-id=\"a2700.details.0.i16.c116647e4iCCTd\">Garantie:<\/span><\/td>\n<td style=\"width: 26.9051%\">1 an<\/td>\n<td style=\"width: 31.4152%\">OEM\/ODM :<\/td>\n<td style=\"width: 17.7294%\">Accepted<\/td>\n<\/tr>\n<tr>\n<td style=\"width: 23.9502%\">Quantit\u00e9 minimale de commande :<\/td>\n<td style=\"width: 26.9051%\">10 ensembles<\/td>\n<td style=\"width: 31.4152%\">D\u00c9LAI DE LIVRAISON:<\/td>\n<td style=\"width: 17.7294%\">7 \u00e0 15 jours<\/td>\n<\/tr>\n<\/tbody>\n<\/table>\n<p>\u00a0<\/p>\n<table style=\"border-collapse: collapse;width: 100.055%\" border=\"1\">\n<tbody>\n<tr>\n<td style=\"width: 15.2824%\" data-spm-anchor-id=\"a2700.details.0.i9.521a7c89tMLtdL\">\n<div class=\"magic-6\">\n<div class=\"magic-7\" data-spm-anchor-id=\"a2700.custom-template.0.i28.79423333oXQkDE\"><strong><span class=\"magic-8\" data-spm-anchor-id=\"a2700.details.0.i8.521a7c89tMLtdL\">Nom du produit<\/span><\/strong><\/div>\n<\/div>\n<\/td>\n<td style=\"width: 84.7176%\">\n<div class=\"magic-9\">\n<div class=\"magic-10\" data-spm-anchor-id=\"a2700.custom-template.0.i51.79423333oXQkDE\">BESTWYLL Electric Roller Lid For Ford Ranger Wildtrak 2012-2021 E-F01<\/div>\n<\/div>\n<\/td>\n<\/tr>\n<tr>\n<td style=\"width: 15.2824%\">\n<div class=\"magic-6\">\n<div class=\"magic-7\" data-spm-anchor-id=\"a2700.custom-template.0.i25.79423333oXQkDE\"><strong><span class=\"magic-8\">Mode<\/span><\/strong><\/div>\n<\/div>\n<\/td>\n<td style=\"width: 84.7176%\">\n<div class=\"magic-9\">\n<div class=\"magic-10\" data-spm-anchor-id=\"a2700.custom-template.0.i52.79423333oXQkDE\"><span class=\"magic-8\">\u00c9lectrique<\/span><\/div>\n<\/div>\n<\/td>\n<\/tr>\n<tr>\n<td style=\"width: 15.2824%\">\n<div class=\"magic-6\">\n<div class=\"magic-7\" data-spm-anchor-id=\"a2700.custom-template.0.i22.79423333oXQkDE\"><strong><span class=\"magic-8\">Mat\u00e9riel<\/span><\/strong><\/div>\n<\/div>\n<\/td>\n<td style=\"width: 84.7176%\">\n<div class=\"magic-9\">\n<div class=\"magic-10\" data-spm-anchor-id=\"a2700.custom-template.0.i23.79423333oXQkDE\"><span class=\"magic-8\">alliage d&#039;aluminium<\/span><\/div>\n<\/div>\n<\/td>\n<\/tr>\n<tr>\n<td style=\"width: 15.2824%\">\n<div class=\"magic-6\">\n<div class=\"magic-7\" data-spm-anchor-id=\"a2700.custom-template.0.i27.79423333oXQkDE\"><strong><span class=\"magic-8\">Indice de protection IP<\/span><\/strong><\/div>\n<\/div>\n<\/td>\n<td style=\"width: 84.7176%\">\n<div class=\"magic-9\">\n<div class=\"magic-10\" data-spm-anchor-id=\"a2700.custom-template.0.i40.79423333oXQkDE\"><span class=\"magic-8\">IP56<\/span><\/div>\n<\/div>\n<\/td>\n<\/tr>\n<tr>\n<td style=\"width: 15.2824%\">\n<div class=\"magic-6\">\n<div class=\"magic-7\" data-spm-anchor-id=\"a2700.custom-template.0.i31.79423333oXQkDE\"><strong data-spm-anchor-id=\"a2700.custom-template.0.i38.79423333oXQkDE\"><span class=\"magic-8\">D\u00e9lai de livraison<\/span><\/strong><\/div>\n<\/div>\n<\/td>\n<td style=\"width: 84.7176%\">\n<div class=\"magic-9\">\n<div class=\"magic-10\" data-spm-anchor-id=\"a2700.custom-template.0.i34.79423333oXQkDE\"><span class=\"magic-8\">Dans les 7 \u00e0 15 jours suivant le paiement<\/span><\/div>\n<\/div>\n<\/td>\n<\/tr>\n<tr>\n<td style=\"width: 15.2824%\">\n<div class=\"magic-6\">\n<div class=\"magic-7\"><strong><span class=\"magic-8\">OEM<\/span><\/strong><\/div>\n<\/div>\n<\/td>\n<td style=\"width: 84.7176%\">\n<div class=\"magic-9\">\n<div class=\"magic-10\">Personnalis\u00e9 disponible<\/div>\n<\/div>\n<\/td>\n<\/tr>\n<\/tbody>\n<\/table>\n<\/div>\n<\/div><\/div>\n<\/div>\n<\/div><\/div>\n<\/div>\n<\/section>\n<style>\n  .trust_icon_small img{\n    height: 35px;\n  }\n<\/style>\n<\/div>","protected":false},"excerpt":{"rendered":"<p>Nos produits sont \u00e9l\u00e9gants et durables, con\u00e7us pour un usage quotidien en toutes circonstances. Nos \u00e9quipes R&amp;D d\u00e9di\u00e9es en Chine savent \u00e0 quel point cela peut \u00eatre exigeant. C&#039;est pourquoi elles s&#039;engagent \u00e0 vous offrir le meilleur de deux mondes\u00a0: une qualit\u00e9 premium et un design con\u00e7u pour r\u00e9sister aux environnements les plus difficiles.<\/p>","protected":false},"featured_media":3111,"template":"","meta":[],"product_brand":[],"product_cat":[83,24,105],"product_tag":[],"class_list":{"0":"post-3110","1":"product","2":"type-product","3":"status-publish","4":"has-post-thumbnail","6":"product_cat-tonneau-cover","7":"product_cat-for-ford","8":"product_cat-ford","10":"first","11":"instock","12":"shipping-taxable","13":"product-type-simple"},"_links":{"self":[{"href":"https:\/\/www.bestwyll.com\/fr\/wp-json\/wp\/v2\/product\/3110","targetHints":{"allow":["GET"]}}],"collection":[{"href":"https:\/\/www.bestwyll.com\/fr\/wp-json\/wp\/v2\/product"}],"about":[{"href":"https:\/\/www.bestwyll.com\/fr\/wp-json\/wp\/v2\/types\/product"}],"version-history":[{"count":1,"href":"https:\/\/www.bestwyll.com\/fr\/wp-json\/wp\/v2\/product\/3110\/revisions"}],"predecessor-version":[{"id":3118,"href":"https:\/\/www.bestwyll.com\/fr\/wp-json\/wp\/v2\/product\/3110\/revisions\/3118"}],"wp:featuredmedia":[{"embeddable":true,"href":"https:\/\/www.bestwyll.com\/fr\/wp-json\/wp\/v2\/media\/3111"}],"wp:attachment":[{"href":"https:\/\/www.bestwyll.com\/fr\/wp-json\/wp\/v2\/media?parent=3110"}],"wp:term":[{"taxonomy":"product_brand","embeddable":true,"href":"https:\/\/www.bestwyll.com\/fr\/wp-json\/wp\/v2\/product_brand?post=3110"},{"taxonomy":"product_cat","embeddable":true,"href":"https:\/\/www.bestwyll.com\/fr\/wp-json\/wp\/v2\/product_cat?post=3110"},{"taxonomy":"product_tag","embeddable":true,"href":"https:\/\/www.bestwyll.com\/fr\/wp-json\/wp\/v2\/product_tag?post=3110"}],"curies":[{"name":"wp","href":"https:\/\/api.w.org\/{rel}","templated":true}]}}