{"id":3074,"date":"2025-05-22T10:55:58","date_gmt":"2025-05-22T02:55:58","guid":{"rendered":"https:\/\/www.bestwyll.com\/product\/manual-pickup-bed-cover-for-chevrolet-colorado-5-short-bedusa-version-2015-now-k21\/"},"modified":"2025-09-27T09:48:20","modified_gmt":"2025-09-27T01:48:20","slug":"manual-pickup-bed-cover-for-chevrolet-colorado-5-short-bedusa-version-2015-now-k21","status":"publish","type":"product","link":"https:\/\/www.bestwyll.com\/fr\/produit\/manual-pickup-bed-cover-for-chevrolet-colorado-5-short-bedusa-version-2015-now-k21\/","title":{"rendered":"Housse de caisse de pick-up manuelle pour Chevrolet Colorado, caisse courte de 5 pieds (version USA) 2015-aujourd&#039;hui K21"},"content":{"rendered":"<div id=\"shopify-section-product-content\" class=\"shopify-section\">\n<section class=\"container\">\n<div id=\"product-46716483-content\" class=\"product-content anchor\">\n<div class=\"product-content__tabs anchor\" id=\"product-46716483-tabs\">\n<div class=\"product-tabs\">\n<div class=\"product-tabs__content\">\n<div id=\"block-product-content-description-662-1667466984685\" class=\"product-tabs__tab-item-wrapper\">\n                  <button class=\"collapsible-toggle heading heading--small hidden-lap-and-up\" aria-controls=\"block-product-content-description-662-1667466984685-content\" aria-expanded=\"true\">Description<svg width=\"12\" height=\"8\" class=\"icon icon--chevron\" viewbox=\"0 0 12 8\">\n        <path fill=\"none\" d=\"M1 1l5 5 5-5\" stroke=\"currentColor\" stroke-width=\"2\"><\/path>\n      <\/svg><\/button><\/p>\n<div class=\"product-tabs__tab-item-content rte\">\n<div>\n<table style=\"border-collapse: collapse;width: 100.055%\" border=\"1\">\n<tbody>\n<tr>\n<td style=\"width: 22.093%\" width=\"98\"><span data-spm-anchor-id=\"a2700.details.0.i9.c116647e4iCCTd\">Fonction:<\/span><\/td>\n<td style=\"width: 24.9169%\" width=\"111\">\n<p data-spm-anchor-id=\"a2700.details.0.i10.310378e1ymz5Cp\">\u00c9tanche<\/p>\n<\/td>\n<td style=\"width: 29.0698%\" width=\"130\">Nom de marque :<\/td>\n<td style=\"width: 23.7542%\" width=\"69\">BESTWYLL<\/td>\n<\/tr>\n<tr>\n<td style=\"width: 22.093%\"><span data-spm-anchor-id=\"a2700.details.0.i12.c116647e4iCCTd\">Type de goulotte lat\u00e9rale :<\/span><\/td>\n<td style=\"width: 24.9169%\">\n<p data-spm-anchor-id=\"a2700.details.0.i11.310378e1ymz5Cp\">K Type, Y Type, F Type Optional<\/p>\n<\/td>\n<td style=\"width: 29.0698%\">Type de voiture :<\/td>\n<td style=\"width: 23.7542%\">\n<p data-spm-anchor-id=\"a2700.details.0.i9.191d5c5fbV5X6P\">Chevrolet Colorado<\/p>\n<\/td>\n<\/tr>\n<tr>\n<td style=\"width: 22.093%\"><span data-spm-anchor-id=\"a2700.details.0.i16.c116647e4iCCTd\">Garantie:<\/span><\/td>\n<td style=\"width: 24.9169%\">1 an<\/td>\n<td style=\"width: 29.0698%\">OEM\/ODM :<\/td>\n<td style=\"width: 23.7542%\">Personnalis\u00e9 disponible<\/td>\n<\/tr>\n<tr>\n<td style=\"width: 22.093%\">Quantit\u00e9 minimale de commande :<\/td>\n<td style=\"width: 24.9169%\">10 ensembles<\/td>\n<td style=\"width: 29.0698%\">Package\uff1a<\/td>\n<td style=\"width: 23.7542%\">\n<p data-spm-anchor-id=\"a2700.details.0.i20.74746c73nBXrnk\">Carton Box<\/p>\n<\/td>\n<\/tr>\n<\/tbody>\n<\/table>\n<p>\u00a0<\/p>\n<table style=\"border-collapse: collapse;width: 100.055%\" border=\"1\">\n<tbody>\n<tr>\n<td style=\"width: 15.4485%\" data-spm-anchor-id=\"a2700.details.0.i8.74746c73nBXrnk\">\n<div class=\"magic-6\">\n<div class=\"magic-7\" data-spm-anchor-id=\"a2700.custom-template.0.i28.79423333oXQkDE\"><strong><span class=\"magic-8\">Nom du produit<\/span><\/strong><\/div>\n<\/div>\n<\/td>\n<td style=\"width: 84.5515%\">\n<div class=\"magic-9\">\n<div class=\"magic-10\" data-spm-anchor-id=\"a2700.custom-template.0.i51.79423333oXQkDE\">BESTWYLL Manual Pick Up Bed Cover For K21 2015-Now Chevrolet Colorado, 5&#8242; Short Bed (USA Version)<\/div>\n<\/div>\n<\/td>\n<\/tr>\n<tr>\n<td style=\"width: 15.4485%\">\n<div class=\"magic-6\">\n<div class=\"magic-7\" data-spm-anchor-id=\"a2700.custom-template.0.i25.79423333oXQkDE\"><strong><span class=\"magic-8\">Mode<\/span><\/strong><\/div>\n<\/div>\n<\/td>\n<td style=\"width: 84.5515%\">\n<div class=\"magic-9\">\n<div class=\"magic-10\" data-spm-anchor-id=\"a2700.custom-template.0.i52.79423333oXQkDE\"><span class=\"magic-8\">Manuel<\/span><\/div>\n<\/div>\n<\/td>\n<\/tr>\n<tr>\n<td style=\"width: 15.4485%\">\n<div class=\"magic-6\">\n<div class=\"magic-7\" data-spm-anchor-id=\"a2700.custom-template.0.i22.79423333oXQkDE\"><strong><span class=\"magic-8\">Mat\u00e9riel<\/span><\/strong><\/div>\n<\/div>\n<\/td>\n<td style=\"width: 84.5515%\">\n<div class=\"magic-9\">\n<div class=\"magic-10\" data-spm-anchor-id=\"a2700.custom-template.0.i23.79423333oXQkDE\"><span class=\"magic-8\">alliage d&#039;aluminium<\/span><\/div>\n<\/div>\n<\/td>\n<\/tr>\n<tr>\n<td style=\"width: 15.4485%\">\n<div class=\"magic-6\">\n<div class=\"magic-7\" data-spm-anchor-id=\"a2700.custom-template.0.i27.79423333oXQkDE\"><strong><span class=\"magic-8\">Indice de protection IP<\/span><\/strong><\/div>\n<\/div>\n<\/td>\n<td style=\"width: 84.5515%\">\n<div class=\"magic-9\">\n<div class=\"magic-10\" data-spm-anchor-id=\"a2700.custom-template.0.i40.79423333oXQkDE\"><span class=\"magic-8\">IP56<\/span><\/div>\n<\/div>\n<\/td>\n<\/tr>\n<tr>\n<td style=\"width: 15.4485%\">\n<div class=\"magic-6\">\n<div class=\"magic-7\" data-spm-anchor-id=\"a2700.custom-template.0.i31.79423333oXQkDE\"><strong data-spm-anchor-id=\"a2700.custom-template.0.i38.79423333oXQkDE\"><span class=\"magic-8\">D\u00e9lai de livraison<\/span><\/strong><\/div>\n<\/div>\n<\/td>\n<td style=\"width: 84.5515%\">\n<div class=\"magic-9\">\n<div class=\"magic-10\" data-spm-anchor-id=\"a2700.custom-template.0.i34.79423333oXQkDE\"><span class=\"magic-8\">Dans les 7 \u00e0 15 jours suivant le paiement<\/span><\/div>\n<\/div>\n<\/td>\n<\/tr>\n<tr>\n<td style=\"width: 15.4485%\">\n<div class=\"magic-6\">\n<div class=\"magic-7\"><strong><span class=\"magic-8\">OEM<\/span><\/strong><\/div>\n<\/div>\n<\/td>\n<td style=\"width: 84.5515%\">\n<div class=\"magic-9\">\n<div class=\"magic-10\">Personnalis\u00e9 disponible<\/div>\n<\/div>\n<\/td>\n<\/tr>\n<\/tbody>\n<\/table>\n<\/div>\n<\/div><\/div>\n<\/div>\n<\/div><\/div>\n<\/div>\n<\/section>\n<style>\n  .trust_icon_small img{\n    height: 35px;\n  }\n<\/style>\n<\/div>","protected":false},"excerpt":{"rendered":"<p>Nos produits sont \u00e9l\u00e9gants et durables, con\u00e7us pour un usage quotidien en toutes circonstances. Nos \u00e9quipes R&amp;D d\u00e9di\u00e9es en Chine savent \u00e0 quel point cela peut \u00eatre exigeant. C&#039;est pourquoi elles s&#039;engagent \u00e0 vous offrir le meilleur de deux mondes\u00a0: une qualit\u00e9 premium et un design con\u00e7u pour r\u00e9sister aux environnements les plus difficiles.<\/p>","protected":false},"featured_media":3075,"template":"","meta":[],"product_brand":[],"product_cat":[103,32,83],"product_tag":[],"class_list":{"0":"post-3074","1":"product","2":"type-product","3":"status-publish","4":"has-post-thumbnail","6":"product_cat-chevrolet","7":"product_cat-for-chevrolet","8":"product_cat-tonneau-cover","10":"first","11":"instock","12":"shipping-taxable","13":"product-type-simple"},"_links":{"self":[{"href":"https:\/\/www.bestwyll.com\/fr\/wp-json\/wp\/v2\/product\/3074","targetHints":{"allow":["GET"]}}],"collection":[{"href":"https:\/\/www.bestwyll.com\/fr\/wp-json\/wp\/v2\/product"}],"about":[{"href":"https:\/\/www.bestwyll.com\/fr\/wp-json\/wp\/v2\/types\/product"}],"version-history":[{"count":1,"href":"https:\/\/www.bestwyll.com\/fr\/wp-json\/wp\/v2\/product\/3074\/revisions"}],"predecessor-version":[{"id":3081,"href":"https:\/\/www.bestwyll.com\/fr\/wp-json\/wp\/v2\/product\/3074\/revisions\/3081"}],"wp:featuredmedia":[{"embeddable":true,"href":"https:\/\/www.bestwyll.com\/fr\/wp-json\/wp\/v2\/media\/3075"}],"wp:attachment":[{"href":"https:\/\/www.bestwyll.com\/fr\/wp-json\/wp\/v2\/media?parent=3074"}],"wp:term":[{"taxonomy":"product_brand","embeddable":true,"href":"https:\/\/www.bestwyll.com\/fr\/wp-json\/wp\/v2\/product_brand?post=3074"},{"taxonomy":"product_cat","embeddable":true,"href":"https:\/\/www.bestwyll.com\/fr\/wp-json\/wp\/v2\/product_cat?post=3074"},{"taxonomy":"product_tag","embeddable":true,"href":"https:\/\/www.bestwyll.com\/fr\/wp-json\/wp\/v2\/product_tag?post=3074"}],"curies":[{"name":"wp","href":"https:\/\/api.w.org\/{rel}","templated":true}]}}