{"id":3058,"date":"2025-05-22T10:55:42","date_gmt":"2025-05-22T02:55:42","guid":{"rendered":"https:\/\/www.bestwyll.com\/product\/electric-tonneau-cover-for-e-f03-2018-chevrolet-colorado-high-countrythailand-version\/"},"modified":"2025-09-27T10:00:15","modified_gmt":"2025-09-27T02:00:15","slug":"electric-tonneau-cover-for-e-f03-2018-chevrolet-colorado-high-countrythailand-version","status":"publish","type":"product","link":"https:\/\/www.bestwyll.com\/fr\/produit\/electric-tonneau-cover-for-e-f03-2018-chevrolet-colorado-high-countrythailand-version\/","title":{"rendered":"Couvre-caisse \u00e9lectrique pour Chevrolet Colorado High Country E-F03 2018 (version Tha\u00eflande)"},"content":{"rendered":"<div id=\"shopify-section-product-content\" class=\"shopify-section\">\n<section class=\"container\">\n<div id=\"product-46716477-content\" class=\"product-content anchor\">\n<div class=\"product-content__tabs anchor\" id=\"product-46716477-tabs\">\n<div class=\"product-tabs\">\n<div class=\"product-tabs__content\">\n<div id=\"block-product-content-description-662-1667466984685\" class=\"product-tabs__tab-item-wrapper\">\n                  <button class=\"collapsible-toggle heading heading--small hidden-lap-and-up\" aria-controls=\"block-product-content-description-662-1667466984685-content\" aria-expanded=\"true\">Description<svg width=\"12\" height=\"8\" class=\"icon icon--chevron\" viewbox=\"0 0 12 8\">\n        <path fill=\"none\" d=\"M1 1l5 5 5-5\" stroke=\"currentColor\" stroke-width=\"2\"><\/path>\n      <\/svg><\/button><\/p>\n<div class=\"product-tabs__tab-item-content rte\">\n<div>\n<table style=\"border-collapse: collapse;width: 100.055%\" border=\"1\">\n<tbody>\n<tr>\n<td style=\"height: 14pt;width: 21.9269%\" width=\"69\" height=\"19\"><span style=\"vertical-align: baseline\" title=\"Function\" data-spm-anchor-id=\"a2700.details.0.i9.c116647e4iCCTd\">Fonction:<\/span><\/td>\n<td style=\"width: 20.7641%\" width=\"69\">Warranty<\/td>\n<td style=\"width: 26.2458%\" width=\"69\"><span lang=\"EN-US\">Nom de marque :<\/span><\/td>\n<td style=\"width: 31.0631%\" width=\"69\">BESTWYLL<\/td>\n<\/tr>\n<tr>\n<td style=\"height: 14pt;width: 21.9269%\" height=\"19\"><span style=\"vertical-align: baseline\" title=\"Side Chute Type\" data-spm-anchor-id=\"a2700.details.0.i12.c116647e4iCCTd\">Type de goulotte lat\u00e9rale :<\/span><\/td>\n<td style=\"width: 20.7641%\"><span style=\"text-align: start\">F Type<\/span><\/td>\n<td style=\"width: 26.2458%\"><span lang=\"EN-US\">Type de voiture :<\/span><\/td>\n<td style=\"width: 31.0631%\"><span lang=\"EN-US\">5.8ft Bed,6.5ft Bed, 6.8ft Bed, 8ft Bed<\/span><\/td>\n<\/tr>\n<tr>\n<td style=\"height: 14pt;width: 21.9269%\" height=\"19\"><span style=\"vertical-align: baseline\" title=\"Warranty\" data-spm-anchor-id=\"a2700.details.0.i16.c116647e4iCCTd\">Garantie:<\/span><\/td>\n<td style=\"width: 20.7641%\"><span lang=\"EN-US\">1 an<\/span><\/td>\n<td style=\"width: 26.2458%\"><span lang=\"EN-US\">OEM\/ODM :<\/span><\/td>\n<td style=\"width: 31.0631%\"><span lang=\"EN-US\">Disponible sur mesure<\/span><\/td>\n<\/tr>\n<tr>\n<td style=\"height: 14pt;width: 21.9269%\" height=\"19\"><span lang=\"EN-US\">Quantit\u00e9 minimale de commande :<\/span><\/td>\n<td style=\"width: 20.7641%\"><span lang=\"EN-US\">10 ensembles<\/span><\/td>\n<td style=\"width: 26.2458%\"><span lang=\"EN-US\">D\u00c9LAI DE LIVRAISON:<\/span><\/td>\n<td style=\"width: 31.0631%\"><span lang=\"EN-US\">7 \u00e0 15 jours<\/span><\/td>\n<\/tr>\n<\/tbody>\n<\/table>\n<p>\u00a0<\/p>\n<table style=\"border-collapse: collapse;width: 100%\" border=\"1\">\n<tbody>\n<tr>\n<td style=\"width: 20.711%\">\n<div class=\"magic-6\">\n<div class=\"magic-7\" data-spm-anchor-id=\"a2700.custom-template.0.i28.79423333oXQkDE\"><strong><span class=\"magic-8\">Nom du produit<\/span><\/strong><\/div>\n<\/div>\n<\/td>\n<td style=\"width: 79.289%\">\n<div class=\"magic-9\">\n<div class=\"magic-10\" data-spm-anchor-id=\"a2700.custom-template.0.i51.79423333oXQkDE\">BESTWYLL Electric Tonneau Cover For E-F03 2018 Chevrolet Colorado High Country(Thailand Version)<\/div>\n<\/div>\n<\/td>\n<\/tr>\n<tr>\n<td style=\"width: 20.711%\">\n<div class=\"magic-6\">\n<div class=\"magic-7\" data-spm-anchor-id=\"a2700.custom-template.0.i25.79423333oXQkDE\"><strong><span class=\"magic-8\">Mode<\/span><\/strong><\/div>\n<\/div>\n<\/td>\n<td style=\"width: 79.289%\">\n<div class=\"magic-9\" data-spm-anchor-id=\"a2700.details.0.i7.c116647e4iCCTd\">\n<div class=\"magic-10\" data-spm-anchor-id=\"a2700.custom-template.0.i52.79423333oXQkDE\"><span class=\"magic-8\">\u00c9lectrique<\/span><\/div>\n<\/div>\n<\/td>\n<\/tr>\n<tr>\n<td style=\"width: 20.711%\">\n<div class=\"magic-6\">\n<div class=\"magic-7\" data-spm-anchor-id=\"a2700.custom-template.0.i22.79423333oXQkDE\"><strong><span class=\"magic-8\">Mat\u00e9riel<\/span><\/strong><\/div>\n<\/div>\n<\/td>\n<td style=\"width: 79.289%\">\n<div class=\"magic-9\">\n<div class=\"magic-10\" data-spm-anchor-id=\"a2700.custom-template.0.i23.79423333oXQkDE\"><span class=\"magic-8\">alliage d&#039;aluminium<\/span><\/div>\n<\/div>\n<\/td>\n<\/tr>\n<tr>\n<td style=\"width: 20.711%\">\n<div class=\"magic-6\">\n<div class=\"magic-7\" data-spm-anchor-id=\"a2700.custom-template.0.i27.79423333oXQkDE\"><strong><span class=\"magic-8\">Indice de protection IP<\/span><\/strong><\/div>\n<\/div>\n<\/td>\n<td style=\"width: 79.289%\">\n<div class=\"magic-9\">\n<div class=\"magic-10\" data-spm-anchor-id=\"a2700.custom-template.0.i40.79423333oXQkDE\"><span class=\"magic-8\">IP56<\/span><\/div>\n<\/div>\n<\/td>\n<\/tr>\n<tr>\n<td style=\"width: 20.711%\">\n<div class=\"magic-6\">\n<div class=\"magic-7\" data-spm-anchor-id=\"a2700.custom-template.0.i31.79423333oXQkDE\"><strong data-spm-anchor-id=\"a2700.custom-template.0.i38.79423333oXQkDE\"><span class=\"magic-8\">D\u00e9lai de livraison<\/span><\/strong><\/div>\n<\/div>\n<\/td>\n<td style=\"width: 79.289%\">\n<div class=\"magic-9\">\n<div class=\"magic-10\" data-spm-anchor-id=\"a2700.custom-template.0.i34.79423333oXQkDE\"><span class=\"magic-8\">Dans les 7 \u00e0 15 jours suivant le paiement<\/span><\/div>\n<\/div>\n<\/td>\n<\/tr>\n<tr>\n<td style=\"width: 20.711%\">\n<div class=\"magic-6\">\n<div class=\"magic-7\"><strong><span class=\"magic-8\">OEM<\/span><\/strong><\/div>\n<\/div>\n<\/td>\n<td style=\"width: 79.289%\">\n<div class=\"magic-9\">\n<div class=\"magic-10\">Personnalis\u00e9 disponible<\/div>\n<\/div>\n<\/td>\n<\/tr>\n<\/tbody>\n<\/table>\n<\/div>\n<\/div><\/div>\n<\/div>\n<\/div><\/div>\n<\/div>\n<\/section>\n<style>\n  .trust_icon_small img{\n    height: 35px;\n  }\n<\/style>\n<\/div>","protected":false},"excerpt":{"rendered":"<p>Nos produits sont \u00e9l\u00e9gants et durables, con\u00e7us pour un usage quotidien en toutes circonstances. Nos \u00e9quipes R&amp;D d\u00e9di\u00e9es en Chine savent \u00e0 quel point cela peut \u00eatre exigeant. C&#039;est pourquoi elles s&#039;engagent \u00e0 vous offrir le meilleur de deux mondes\u00a0: une qualit\u00e9 premium et un design con\u00e7u pour r\u00e9sister aux environnements les plus difficiles.<\/p>","protected":false},"featured_media":3059,"template":"","meta":[],"product_brand":[],"product_cat":[103,32,83],"product_tag":[],"class_list":{"0":"post-3058","1":"product","2":"type-product","3":"status-publish","4":"has-post-thumbnail","6":"product_cat-chevrolet","7":"product_cat-for-chevrolet","8":"product_cat-tonneau-cover","10":"first","11":"instock","12":"shipping-taxable","13":"product-type-simple"},"_links":{"self":[{"href":"https:\/\/www.bestwyll.com\/fr\/wp-json\/wp\/v2\/product\/3058","targetHints":{"allow":["GET"]}}],"collection":[{"href":"https:\/\/www.bestwyll.com\/fr\/wp-json\/wp\/v2\/product"}],"about":[{"href":"https:\/\/www.bestwyll.com\/fr\/wp-json\/wp\/v2\/types\/product"}],"version-history":[{"count":1,"href":"https:\/\/www.bestwyll.com\/fr\/wp-json\/wp\/v2\/product\/3058\/revisions"}],"predecessor-version":[{"id":3063,"href":"https:\/\/www.bestwyll.com\/fr\/wp-json\/wp\/v2\/product\/3058\/revisions\/3063"}],"wp:featuredmedia":[{"embeddable":true,"href":"https:\/\/www.bestwyll.com\/fr\/wp-json\/wp\/v2\/media\/3059"}],"wp:attachment":[{"href":"https:\/\/www.bestwyll.com\/fr\/wp-json\/wp\/v2\/media?parent=3058"}],"wp:term":[{"taxonomy":"product_brand","embeddable":true,"href":"https:\/\/www.bestwyll.com\/fr\/wp-json\/wp\/v2\/product_brand?post=3058"},{"taxonomy":"product_cat","embeddable":true,"href":"https:\/\/www.bestwyll.com\/fr\/wp-json\/wp\/v2\/product_cat?post=3058"},{"taxonomy":"product_tag","embeddable":true,"href":"https:\/\/www.bestwyll.com\/fr\/wp-json\/wp\/v2\/product_tag?post=3058"}],"curies":[{"name":"wp","href":"https:\/\/api.w.org\/{rel}","templated":true}]}}