{"id":6264,"date":"2026-02-05T15:18:59","date_gmt":"2026-02-05T07:18:59","guid":{"rendered":"https:\/\/www.bestwyll.com\/product\/bestwyll-aluminum-roller-lid-pickup-lockable-manual-retractable-tonneau-cover-truck-bed-cover-for-toyota-hilux-k110\/"},"modified":"2026-02-05T15:20:19","modified_gmt":"2026-02-05T07:20:19","slug":"bestwyll-aluminum-roller-lid-pickup-lockable-manual-retractable-tonneau-cover-truck-bed-cover-for-toyota-hilux-k110","status":"publish","type":"product","link":"https:\/\/www.bestwyll.com\/de\/produkt\/bestwyll-aluminum-roller-lid-pickup-lockable-manual-retractable-tonneau-cover-truck-bed-cover-for-toyota-hilux-k110\/","title":{"rendered":"BESTWYLL Aluminium-Rolldeckel f\u00fcr Pickup, abschlie\u00dfbar, manuell einziehbar, Ladefl\u00e4chenabdeckung f\u00fcr Toyota Hilux K110"},"content":{"rendered":"<div id=\"detail_decorate_root\" data-magic-global=\"%7B%22bizId%22%3A2212677814337%2C%22pageId%22%3A21666896389%2C%22siteId%22%3A10002951017%7D\">\n<style>#detail_decorate_root .magic-0{width:750px}#detail_decorate_root .magic-1{overflow:hidden;width:750px;height:843.75px;margin-top:0;margin-bottom:0;margin-left:0;margin-right:0}#detail_decorate_root .magic-2{margin-top:0;margin-left:0;width:750px;height:843.75px}#detail_decorate_root .magic-3{border-bottom-style:solid;border-bottom-color:#53647a;font-family:Roboto;font-size:24px;color:#53647a;font-style:normal;border-bottom-width:2px;padding-top:8px;padding-bottom:4px}#detail_decorate_root .magic-4{width:750px;border-collapse:collapse}#detail_decorate_root .magic-5{min-height:28px;padding:5px 10px;width:267px;min-height:18px;box-sizing:content-box}#detail_decorate_root .magic-6{text-align:center}#detail_decorate_root .magic-7{font-size:14px}#detail_decorate_root .magic-8{min-height:28px;padding:5px 10px;width:439px;min-height:18px;box-sizing:content-box}#detail_decorate_root .magic-9{text-align:justify}#detail_decorate_root .magic-10{margin-bottom:10px;line-height:0}#detail_decorate_root .magic-11{margin-bottom:10px}#detail_decorate_root .magic-12{position:relative;width:100%}#detail_decorate_root .magic-13{margin-bottom:10px;overflow:hidden}#detail_decorate_root .magic-14{overflow:hidden;width:750px;height:345.5696202531646px;margin-top:0;margin-bottom:0;margin-left:0;margin-right:0}#detail_decorate_root .magic-15{margin-top:0;margin-left:0;width:750.0000000000001px;height:345.5696202531646px}#detail_decorate_root .magic-16{overflow:hidden;width:750px;height:3000px;margin-top:0;margin-bottom:0;margin-left:0;margin-right:0}#detail_decorate_root .magic-17{margin-top:0;margin-left:0;width:750.0000000000001px;height:3115.822784810127px}#detail_decorate_root .magic-18{overflow:hidden;width:750px;height:1010.1265822784811px;margin-top:0;margin-bottom:0;margin-left:0;margin-right:0}#detail_decorate_root .magic-19{margin-top:0;margin-left:0;width:750.0000000000001px;height:1010.1265822784811px}#detail_decorate_root .magic-20{overflow:hidden;width:750px;height:610.4430379746836px;margin-top:0;margin-bottom:0;margin-left:0;margin-right:0}#detail_decorate_root .magic-21{margin-top:0;margin-left:0;width:750.0000000000001px;height:610.4430379746836px}#detail_decorate_root .magic-22{vertical-align:top}#detail_decorate_root .magic-23{vertical-align:top;display:block;padding-right:4px;box-sizing:border-box;padding-left:4px}#detail_decorate_root .magic-24{vertical-align:top;padding-bottom:4px;box-sizing:border-box;padding-top:4px}#detail_decorate_root .magic-25{padding:0;margin:0;white-space:pre-wrap;font-size:14px}#detail_decorate_root .magic-26{overflow:hidden;width:750px;height:1087.0253164556964px;margin-top:0;margin-bottom:0;margin-left:0;margin-right:0}#detail_decorate_root .magic-27{margin-top:0;margin-left:0;width:750.0000000000001px;height:1087.0253164556964px}#detail_decorate_root .magic-28{overflow:hidden;width:750px;height:2103.7974683544307px;margin-top:0;margin-bottom:0;margin-left:0;margin-right:0}#detail_decorate_root .magic-29{margin-top:0;margin-left:0;width:750.0000000000001px;height:2103.7974683544307px}<\/style>\n<div class=\"J_module\">\n<div class=\"icbu-pc-images magic-0\">\n<div>\n<div class=\"flex-layout-v\">\n<div class=\"flex-layout-h magic-0\">\n<div class=\"magic-1\"><img decoding=\"async\" class=\"magic-2\" src=\"https:\/\/sc04.alicdn.com\/kf\/Hf81e5b5935f7468c8add0114568807ceP\/254772214\/Hf81e5b5935f7468c8add0114568807ceP.jpg\" data-src=\"\/\/sc04.alicdn.com\/kf\/Hf81e5b5935f7468c8add0114568807ceP\/254772214\/Hf81e5b5935f7468c8add0114568807ceP.jpg\" \/><\/div>\n<\/div>\n<\/div>\n<\/div>\n<\/div>\n<\/div>\n<div class=\"J_module\">\n<div id=\"ali-anchor-AliMagic-drt4kk\" class=\"magic-3\" data-section=\"AliMagic-drt4kk\" data-section-title=\"Products Description\">Produktbeschreibung<\/div>\n<\/div>\n<div class=\"J_module\">\n<div class=\"ife-detail-decorate-table\">\n<table class=\"has-title hight-light-first-column all magic-4\">\n<tbody>\n<tr>\n<td colspan=\"1\" rowspan=\"1\">\n<div class=\"magic-5\">\n<div class=\"magic-6\" data-spm-anchor-id=\"a2700.custom-template.0.i28.79423333oXQkDE\"><b><span class=\"magic-7\">Produktname<\/span><\/b><\/div>\n<\/div>\n<\/td>\n<td colspan=\"1\" rowspan=\"1\">\n<div class=\"magic-8\">\n<div class=\"magic-9\" data-spm-anchor-id=\"a2700.custom-template.0.i51.79423333oXQkDE\">BESTWYLL Aluminum Roller Lid Pickup Lockable Manual Retractable Tonneau Cover Truck Bed Cover for Toyota Hilux K110<\/div>\n<\/div>\n<\/td>\n<\/tr>\n<tr>\n<td colspan=\"1\" rowspan=\"1\">\n<div class=\"magic-5\">\n<div class=\"magic-6\" data-spm-anchor-id=\"a2700.custom-template.0.i25.79423333oXQkDE\"><b><span class=\"magic-7\">Modus<\/span><\/b><\/div>\n<\/div>\n<\/td>\n<td colspan=\"1\" rowspan=\"1\">\n<div class=\"magic-8\">\n<div class=\"magic-9\" data-spm-anchor-id=\"a2700.custom-template.0.i52.79423333oXQkDE\"><span class=\"magic-7\">Handbuch<\/span><\/div>\n<\/div>\n<\/td>\n<\/tr>\n<tr>\n<td colspan=\"1\" rowspan=\"1\">\n<div class=\"magic-5\">\n<div class=\"magic-6\" data-spm-anchor-id=\"a2700.custom-template.0.i22.79423333oXQkDE\"><b><span class=\"magic-7\">Material<\/span><\/b><\/div>\n<\/div>\n<\/td>\n<td colspan=\"1\" rowspan=\"1\">\n<div class=\"magic-8\">\n<div class=\"magic-9\" data-spm-anchor-id=\"a2700.custom-template.0.i23.79423333oXQkDE\"><span class=\"magic-7\">Aluminiumlegierung<\/span><\/div>\n<\/div>\n<\/td>\n<\/tr>\n<tr>\n<td colspan=\"1\" rowspan=\"1\">\n<div class=\"magic-5\">\n<div class=\"magic-6\" data-spm-anchor-id=\"a2700.custom-template.0.i27.79423333oXQkDE\"><b><span class=\"magic-7\">IP-Schutzart<\/span><\/b><\/div>\n<\/div>\n<\/td>\n<td colspan=\"1\" rowspan=\"1\">\n<div class=\"magic-8\">\n<div class=\"magic-9\" data-spm-anchor-id=\"a2700.custom-template.0.i40.79423333oXQkDE\"><span class=\"magic-7\">IP56<\/span><\/div>\n<\/div>\n<\/td>\n<\/tr>\n<tr>\n<td colspan=\"1\" rowspan=\"1\">\n<div class=\"magic-5\">\n<div class=\"magic-6\" data-spm-anchor-id=\"a2700.custom-template.0.i31.79423333oXQkDE\"><b data-spm-anchor-id=\"a2700.custom-template.0.i38.79423333oXQkDE\"><span class=\"magic-7\">Lieferzeit<\/span><\/b><\/div>\n<\/div>\n<\/td>\n<td colspan=\"1\" rowspan=\"1\">\n<div class=\"magic-8\">\n<div class=\"magic-9\" data-spm-anchor-id=\"a2700.custom-template.0.i34.79423333oXQkDE\"><span class=\"magic-7\">Innerhalb von 7-15 Tagen nach Zahlung<\/span><\/div>\n<\/div>\n<\/td>\n<\/tr>\n<tr>\n<td colspan=\"1\" rowspan=\"1\">\n<div class=\"magic-5\">\n<div class=\"magic-6\"><b><span class=\"magic-7\">OEM<\/span><\/b><\/div>\n<\/div>\n<\/td>\n<td colspan=\"1\" rowspan=\"1\">\n<div class=\"magic-8\">\n<div class=\"magic-9\">Kundenspezifisch verf\u00fcgbar<\/div>\n<\/div>\n<\/td>\n<\/tr>\n<\/tbody>\n<\/table>\n<\/div>\n<\/div>\n<div class=\"J_module\">\n<div class=\"icbu-pc-detailManyImage magic-10\">\n<div class=\"magic-11\"><img decoding=\"async\" class=\"magic-12\" src=\"https:\/\/sc04.alicdn.com\/kf\/Hbaa79d35e3924f2c8229a69dbb5c5a7c7\/254772214\/Hbaa79d35e3924f2c8229a69dbb5c5a7c7.png\" data-src=\"\/\/sc04.alicdn.com\/kf\/Hbaa79d35e3924f2c8229a69dbb5c5a7c7\/254772214\/Hbaa79d35e3924f2c8229a69dbb5c5a7c7.png\" \/><\/div>\n<div class=\"magic-11\"><img decoding=\"async\" class=\"magic-12\" src=\"https:\/\/sc04.alicdn.com\/kf\/Hac59e9507111460388925e3532b11b1cf\/254772214\/Hac59e9507111460388925e3532b11b1cf.png\" data-src=\"\/\/sc04.alicdn.com\/kf\/Hac59e9507111460388925e3532b11b1cf\/254772214\/Hac59e9507111460388925e3532b11b1cf.png\" \/><\/div>\n<div class=\"magic-11\"><img decoding=\"async\" class=\"magic-12\" src=\"https:\/\/sc04.alicdn.com\/kf\/H7771d99c6402456781949153543604b0x\/254772214\/H7771d99c6402456781949153543604b0x.png\" data-src=\"\/\/sc04.alicdn.com\/kf\/H7771d99c6402456781949153543604b0x\/254772214\/H7771d99c6402456781949153543604b0x.png\" \/><\/div>\n<div class=\"magic-11\"><img decoding=\"async\" class=\"magic-12\" src=\"https:\/\/sc04.alicdn.com\/kf\/H776c1685c5fe4277892d74f1b26c9782q\/254772214\/H776c1685c5fe4277892d74f1b26c9782q.png\" data-src=\"\/\/sc04.alicdn.com\/kf\/H776c1685c5fe4277892d74f1b26c9782q\/254772214\/H776c1685c5fe4277892d74f1b26c9782q.png\" \/><\/div>\n<div class=\"magic-11\"><img decoding=\"async\" class=\"magic-12\" src=\"https:\/\/sc04.alicdn.com\/kf\/H426c70c8d3f94dc0a4ad4c98eabb530bl\/254772214\/H426c70c8d3f94dc0a4ad4c98eabb530bl.png\" data-src=\"\/\/sc04.alicdn.com\/kf\/H426c70c8d3f94dc0a4ad4c98eabb530bl\/254772214\/H426c70c8d3f94dc0a4ad4c98eabb530bl.png\" \/><\/div>\n<\/div>\n<\/div>\n<div class=\"J_module\">\n<div class=\"icbu-pc-detailSellerRecommend magic-13\" data-magic=\"{&quot;mds&quot;:{&quot;assetsVersion&quot;:&quot;0.0.16&quot;,&quot;assetsPackageName&quot;:&quot;icbumod&quot;,&quot;moduleNameAlias&quot;:&quot;icbu-pc-detailSellerRecommend&quot;,&quot;moduleData&quot;:{&quot;config&quot;:{&quot;miniSiteUrl&quot;:&quot;https:\/\/alisite-mobile.alibaba.com\/minisite\/261921644\/productlist.html&quot;,&quot;columnCount&quot;:4,&quot;titleKey&quot;:6,&quot;url&quot;:&quot;https:\/\/bestwyll.en.alibaba.com\/productlist.html&quot;,&quot;products&quot;:[1601589577964,1601589820412,1601006141548,1601634448281,1600897698019,1601081704591,1601090294291,1601599720684]}}},&quot;version&quot;:1}\"><\/div>\n<\/div>\n<div class=\"J_module\">\n<div class=\"icbu-pc-images magic-0\">\n<div>\n<div class=\"flex-layout-v\">\n<div class=\"flex-layout-h magic-0\">\n<div class=\"magic-14\"><img decoding=\"async\" class=\"magic-15\" src=\"https:\/\/sc04.alicdn.com\/kf\/H73977efe49884cb299b8bf63fea7fae0b\/254772214\/H73977efe49884cb299b8bf63fea7fae0b.jpg\" data-src=\"\/\/sc04.alicdn.com\/kf\/H73977efe49884cb299b8bf63fea7fae0b\/254772214\/H73977efe49884cb299b8bf63fea7fae0b.jpg\" \/><\/div>\n<\/div>\n<\/div>\n<\/div>\n<\/div>\n<\/div>\n<div class=\"J_module\">\n<div class=\"icbu-pc-images magic-0\">\n<div>\n<div class=\"flex-layout-v\">\n<div class=\"flex-layout-h magic-0\">\n<div class=\"magic-16\"><img decoding=\"async\" class=\"magic-17\" src=\"https:\/\/sc04.alicdn.com\/kf\/H2c800614b72249098bea6a506017cee3B\/254772214\/H2c800614b72249098bea6a506017cee3B.jpg\" data-src=\"\/\/sc04.alicdn.com\/kf\/H2c800614b72249098bea6a506017cee3B\/254772214\/H2c800614b72249098bea6a506017cee3B.jpg\" \/><\/div>\n<\/div>\n<\/div>\n<\/div>\n<\/div>\n<\/div>\n<div class=\"J_module\">\n<div class=\"icbu-pc-images magic-0\">\n<div>\n<div class=\"flex-layout-v\">\n<div class=\"flex-layout-h magic-0\">\n<div class=\"magic-18\"><img decoding=\"async\" class=\"magic-19\" src=\"https:\/\/sc04.alicdn.com\/kf\/H7ad1e943d6b34867b3ddccb562b0a7e9M\/254772214\/H7ad1e943d6b34867b3ddccb562b0a7e9M.jpg\" usemap=\"#a-46-851-1d1d\" data-src=\"\/\/sc04.alicdn.com\/kf\/H7ad1e943d6b34867b3ddccb562b0a7e9M\/254772214\/H7ad1e943d6b34867b3ddccb562b0a7e9M.jpg\" \/> <\/p>\n<map name=\"a-46-851-1d1d\">\n<area coords=\"248,289,499,444\" shape=\"rect\" href=\"https:\/\/bestwyll.en.alibaba.com\/productgrouplist-917102491\/For_Ford.html\" target=\"_blank\" \/>\n<area coords=\"264,130,488,267\" shape=\"rect\" href=\"https:\/\/bestwyll.en.alibaba.com\/productgrouplist-917102490\/For_Toyota.html\" target=\"_blank\" \/>\n<area coords=\"495,130,717,268\" shape=\"rect\" href=\"https:\/\/bestwyll.en.alibaba.com\/productgrouplist-916233813\/For_Nissan.html\" target=\"_blank\" \/>\n<area coords=\"31,299,240,431\" shape=\"rect\" href=\"https:\/\/bestwyll.en.alibaba.com\/productgrouplist-916805214\/For_Mitsubishi.html\" target=\"_blank\" \/>\n<area coords=\"30,128,254,267\" shape=\"rect\" href=\"https:\/\/bestwyll.en.alibaba.com\/productgrouplist-916233815\/For_Chevrolet_GMC.html\" target=\"_blank\" \/>\n<area coords=\"508,299,720,430\" shape=\"rect\" href=\"https:\/\/bestwyll.en.alibaba.com\/productgrouplist-916474106\/For_Dodge.html\" target=\"_blank\" \/>\n<area coords=\"263,466,487,605\" shape=\"rect\" href=\"https:\/\/bestwyll.en.alibaba.com\/productgrouplist-916209862\/For_SsangYong.html\" target=\"_blank\" \/>\n<area coords=\"31,809,717,951\" shape=\"rect\" href=\"https:\/\/bestwyll.en.alibaba.com\/productlist.html\" target=\"_blank\" \/><\/map>\n<\/div>\n<\/div>\n<\/div>\n<\/div>\n<\/div>\n<\/div>\n<div class=\"J_module\">\n<div class=\"icbu-pc-images magic-0\">\n<div>\n<div class=\"flex-layout-v\">\n<div class=\"flex-layout-h magic-0\">\n<div class=\"magic-20\"><img decoding=\"async\" class=\"magic-21\" src=\"https:\/\/sc04.alicdn.com\/kf\/H43de1079ab784874b4ad2a39be4a3935w\/254772214\/H43de1079ab784874b4ad2a39be4a3935w.jpg\" data-src=\"\/\/sc04.alicdn.com\/kf\/H43de1079ab784874b4ad2a39be4a3935w\/254772214\/H43de1079ab784874b4ad2a39be4a3935w.jpg\" \/><\/div>\n<\/div>\n<\/div>\n<\/div>\n<\/div>\n<\/div>\n<div class=\"J_module\">\n<div class=\"detail-decorate-json-renderer-container\">\n<div class=\"magic-22\">\n<div class=\"magic-23\">\n<div class=\"magic-24\">\n<div class=\"magic-25\">Bestwyll wurde 2014 als Hersteller und Exporteur von Autozubeh\u00f6r gegr\u00fcndet und ist heute ein f\u00fchrender spezialisierter Entwickler und Hersteller von einziehbaren Ladefl\u00e4chenabdeckungen f\u00fcr Pickups und dem dazugeh\u00f6rigen Zubeh\u00f6r, ELC-Trittstufen, Sportb\u00fcgeln usw.<\/p>\n<div>\nBestwyll befindet sich im Foshan Geely Industrial Park und verf\u00fcgt \u00fcber mehr als 15.000 m\u00b2 B\u00fcro- und Produktionsfl\u00e4che. Das Unternehmen wird von einem Team begeisterter Mitarbeiter gef\u00fchrt, die seit \u00fcber 20 Jahren in diesem Bereich t\u00e4tig sind. Bestwyll ist nicht nur ein nach IATF 16949 zertifiziertes Unternehmen, sondern auch der erste und bislang einzige chinesische Hersteller von Pickup-Laderaumabdeckungen mit EMARK-Zertifikat.<\/div>\n<div>\nBestwyll verf\u00fcgt \u00fcber Dutzende von Patenten, die in China, den USA, Europa und S\u00fcdostasien registriert sind. Auch die Marke \u201eBESTWYLL\u201c ist in China, Europa, den USA, Kambodscha, Vietnam, Malaysia usw. registriert. Wir sind stolz darauf, der EINZIGE qualifizierte Hersteller von OEM-Laderaumabdeckungen nach h\u00f6chsten Standards auf dem chinesischen Festland zu sein.<\/div>\n<div>\nDank unserer erfolgreichen Erfahrung in den Bereichen OEM, ODM, Gro\u00dfhandelsmarken und Eigenmarken decken unsere Vertriebskan\u00e4le nicht nur den chinesischen Inlandsmarkt ab, sondern auch die Regionen Nordamerika, S\u00fcdamerika, S\u00fcdostasien, Europa und Naher Osten usw. Wir freuen uns darauf, Ihr zuverl\u00e4ssiger Partner zu sein und suchen weltweit nach weiteren Win-Win-Distributoren.<\/div>\n<\/div>\n<\/div>\n<\/div>\n<\/div>\n<\/div>\n<\/div>\n<div class=\"J_module\">\n<div class=\"icbu-pc-images magic-0\">\n<div>\n<div class=\"flex-layout-v\">\n<div class=\"flex-layout-h magic-0\">\n<div class=\"magic-26\"><img decoding=\"async\" class=\"magic-27\" src=\"https:\/\/sc04.alicdn.com\/kf\/Hfe07a2e120524b5ea67a87b064805d15v\/254772214\/Hfe07a2e120524b5ea67a87b064805d15v.jpg\" data-src=\"\/\/sc04.alicdn.com\/kf\/Hfe07a2e120524b5ea67a87b064805d15v\/254772214\/Hfe07a2e120524b5ea67a87b064805d15v.jpg\" \/><\/div>\n<\/div>\n<\/div>\n<\/div>\n<\/div>\n<\/div>\n<div class=\"J_module\">\n<div class=\"icbu-pc-images magic-0\">\n<div>\n<div class=\"flex-layout-v\">\n<div class=\"flex-layout-h magic-0\">\n<div class=\"magic-28\"><img decoding=\"async\" class=\"magic-29\" src=\"https:\/\/sc04.alicdn.com\/kf\/He12e59147e7c4ee5b8fd3906a512fef0D\/254772214\/He12e59147e7c4ee5b8fd3906a512fef0D.jpg\" data-src=\"\/\/sc04.alicdn.com\/kf\/He12e59147e7c4ee5b8fd3906a512fef0D\/254772214\/He12e59147e7c4ee5b8fd3906a512fef0D.jpg\" \/><\/div>\n<\/div>\n<\/div>\n<\/div>\n<\/div>\n<\/div>\n<\/div>","protected":false},"excerpt":{"rendered":"<p>Produktbeschreibung: Produktname: BESTWYLL Aluminium-Rolldeckel f\u00fcr Pickup, abschlie\u00dfbar, manuell einziehbar, Ladefl\u00e4chenabdeckung f\u00fcr Toyota Hilux<\/p>","protected":false},"featured_media":6265,"template":"","meta":[],"product_brand":[],"product_cat":[25],"product_tag":[],"class_list":{"0":"post-6264","1":"product","2":"type-product","3":"status-publish","4":"has-post-thumbnail","6":"product_cat-for-toyota","8":"first","9":"instock","10":"shipping-taxable","11":"purchasable","12":"product-type-simple"},"_links":{"self":[{"href":"https:\/\/www.bestwyll.com\/de\/wp-json\/wp\/v2\/product\/6264","targetHints":{"allow":["GET"]}}],"collection":[{"href":"https:\/\/www.bestwyll.com\/de\/wp-json\/wp\/v2\/product"}],"about":[{"href":"https:\/\/www.bestwyll.com\/de\/wp-json\/wp\/v2\/types\/product"}],"version-history":[{"count":2,"href":"https:\/\/www.bestwyll.com\/de\/wp-json\/wp\/v2\/product\/6264\/revisions"}],"predecessor-version":[{"id":6271,"href":"https:\/\/www.bestwyll.com\/de\/wp-json\/wp\/v2\/product\/6264\/revisions\/6271"}],"wp:featuredmedia":[{"embeddable":true,"href":"https:\/\/www.bestwyll.com\/de\/wp-json\/wp\/v2\/media\/6265"}],"wp:attachment":[{"href":"https:\/\/www.bestwyll.com\/de\/wp-json\/wp\/v2\/media?parent=6264"}],"wp:term":[{"taxonomy":"product_brand","embeddable":true,"href":"https:\/\/www.bestwyll.com\/de\/wp-json\/wp\/v2\/product_brand?post=6264"},{"taxonomy":"product_cat","embeddable":true,"href":"https:\/\/www.bestwyll.com\/de\/wp-json\/wp\/v2\/product_cat?post=6264"},{"taxonomy":"product_tag","embeddable":true,"href":"https:\/\/www.bestwyll.com\/de\/wp-json\/wp\/v2\/product_tag?post=6264"}],"curies":[{"name":"wp","href":"https:\/\/api.w.org\/{rel}","templated":true}]}}