{"id":5873,"date":"2025-12-25T17:04:38","date_gmt":"2025-12-25T09:04:38","guid":{"rendered":"https:\/\/www.bestwyll.com\/product\/bestwyll-pickup-roller-lid-truck-topper-manual-retractable-truck-bed-tonneau-cover-for-trucks-jmc-grand-avenue-dadao-k108\/"},"modified":"2025-12-25T17:09:19","modified_gmt":"2025-12-25T09:09:19","slug":"bestwyll-pickup-roller-lid-truck-topper-manual-retractable-truck-bed-tonneau-cover-for-trucks-jmc-grand-avenue-dadao-k108","status":"publish","type":"product","link":"https:\/\/www.bestwyll.com\/de\/produkt\/bestwyll-pickup-roller-lid-truck-topper-manual-retractable-truck-bed-tonneau-cover-for-trucks-jmc-grand-avenue-dadao-k108\/","title":{"rendered":"BESTWYLL  Pickup Roller Lid Truck Topper Manual Retractable Truck Bed Tonneau Cover for Trucks JMC GRAND AVENUE DADAO K108"},"content":{"rendered":"<div data-magic-global=\"%7B%22bizId%22%3A2212677814337%2C%22pageId%22%3A21731174909%2C%22siteId%22%3A10002951017%7D\" id=\"detail_decorate_root\">\n<style>#detail_decorate_root .magic-0{width:750px}#detail_decorate_root .magic-1{overflow:hidden;width:750px;height:843.75px;margin-top:0;margin-bottom:0;margin-left:0;margin-right:0}#detail_decorate_root .magic-2{margin-top:0;margin-left:0;width:750px;height:843.75px}#detail_decorate_root .magic-3{width:750px;border-collapse:collapse}#detail_decorate_root .magic-4{min-height:28px;padding:5px 10px;width:235px;min-height:28px;box-sizing:content-box}#detail_decorate_root .magic-5{text-align:center}#detail_decorate_root .magic-6{font-size:14px}#detail_decorate_root .magic-7{min-height:28px;padding:5px 10px;width:471px;min-height:28px;box-sizing:content-box}#detail_decorate_root .magic-8{text-align:justify}#detail_decorate_root .magic-9{overflow:hidden;width:750px;height:2900px;margin-top:0;margin-bottom:0;margin-left:0;margin-right:0}#detail_decorate_root .magic-10{margin-top:-168px;margin-left:0;width:750px;height:3115.8227848101264px}#detail_decorate_root .magic-11{border-bottom-style:solid;border-bottom-color:#53647a;font-family:Roboto;font-size:24px;color:#53647a;font-style:normal;border-bottom-width:2px;padding-top:8px;padding-bottom:4px}#detail_decorate_root .magic-12{margin-bottom:10px;line-height:0}#detail_decorate_root .magic-13{margin-bottom:10px}#detail_decorate_root .magic-14{position:relative;width:100%}#detail_decorate_root .magic-15{width:750px;height:800px;overflow:hidden;margin-bottom:10px}#detail_decorate_root .magic-16{position:relative;left:0;top:-146px;width:750px;height:1000px}#detail_decorate_root .magic-17{position:relative;left:0;top:-158px;width:750px;height:1000px}#detail_decorate_root .magic-18{position:relative;left:0;top:0;width:750px;height:1000px}#detail_decorate_root .magic-19{position:relative;left:0;top:-154px;width:750px;height:1000px}#detail_decorate_root .magic-20{width:750px;height:700px;overflow:hidden;margin-bottom:10px}#detail_decorate_root .magic-21{position:relative;left:0;top:-72px;width:750px;height:1000px}#detail_decorate_root .magic-22{margin-bottom:10px;overflow:hidden}#detail_decorate_root .magic-23{overflow:hidden;width:750px;height:345.5696202531646px;margin-top:0;margin-bottom:0;margin-left:0;margin-right:0}#detail_decorate_root .magic-24{margin-top:0;margin-left:0;width:750.0000000000001px;height:345.5696202531646px}#detail_decorate_root .magic-25{overflow:hidden;width:750px;height:1010.1265822784811px;margin-top:0;margin-bottom:0;margin-left:0;margin-right:0}#detail_decorate_root .magic-26{margin-top:0;margin-left:0;width:750.0000000000001px;height:1010.1265822784811px}#detail_decorate_root .magic-27{overflow:hidden;width:750px;height:610.4430379746836px;margin-top:0;margin-bottom:0;margin-left:0;margin-right:0}#detail_decorate_root .magic-28{margin-top:0;margin-left:0;width:750.0000000000001px;height:610.4430379746836px}#detail_decorate_root .magic-29{vertical-align:top}#detail_decorate_root .magic-30{vertical-align:top;display:block;padding-right:4px;box-sizing:border-box;padding-left:4px}#detail_decorate_root .magic-31{vertical-align:top;padding-bottom:4px;box-sizing:border-box;padding-top:4px}#detail_decorate_root .magic-32{padding:0;margin:0;white-space:pre-wrap;font-size:14px}#detail_decorate_root .magic-33{overflow:hidden;width:750px;height:1087.0253164556964px;margin-top:0;margin-bottom:0;margin-left:0;margin-right:0}#detail_decorate_root .magic-34{margin-top:0;margin-left:0;width:750.0000000000001px;height:1087.0253164556964px}#detail_decorate_root .magic-35{overflow:hidden;width:750px;height:2103.7974683544307px;margin-top:0;margin-bottom:0;margin-left:0;margin-right:0}#detail_decorate_root .magic-36{margin-top:0;margin-left:0;width:750.0000000000001px;height:2103.7974683544307px}<\/style>\n<div module-id=\"47630276755\" module-title=\"detailSingleImage\" render=\"true\" class=\"J_module\">\n<div class=\"icbu-pc-images magic-0\">\n<div>\n<div class=\"flex-layout-v\">\n<div class=\"flex-layout-h magic-0\">\n<div class=\"magic-1\"><img decoding=\"async\" src=\"https:\/\/sc04.alicdn.com\/kf\/Hf81e5b5935f7468c8add0114568807ceP\/254772214\/Hf81e5b5935f7468c8add0114568807ceP.jpg\" data-src=\"\/\/sc04.alicdn.com\/kf\/Hf81e5b5935f7468c8add0114568807ceP\/254772214\/Hf81e5b5935f7468c8add0114568807ceP.jpg\" class=\"magic-2\"><\/div>\n<\/div>\n<\/div>\n<\/div>\n<\/div>\n<\/div>\n<div module-id=\"47630276756\" module-title=\"detailTableNoTitle\" render=\"true\" class=\"J_module\">\n<div class=\"ife-detail-decorate-table\">\n<table class=\"has-title hight-light-first-column all magic-3\">\n<tbody>\n<tr>\n<td colspan=\"1\" rowspan=\"1\">\n<div class=\"magic-4\">\n<div data-spm-anchor-id=\"a2700.custom-template.0.i28.79423333oXQkDE\" class=\"magic-5\"><b><font class=\"magic-6\">Produktname<\/font><\/b><\/div>\n<\/div>\n<\/td>\n<td colspan=\"1\" rowspan=\"1\">\n<div class=\"magic-7\">\n<div data-spm-anchor-id=\"a2700.custom-template.0.i51.79423333oXQkDE\" class=\"magic-8\">BESTWYLL Pickup Roller Lid Truck Topper Manual Retractable Truck Bed Tonneau Cover for Trucks JMC GRAND AVENUE DADAO K108\n<\/div>\n<\/div>\n<\/td>\n<\/tr>\n<tr>\n<td colspan=\"1\" rowspan=\"1\">\n<div class=\"magic-4\">\n<div data-spm-anchor-id=\"a2700.custom-template.0.i25.79423333oXQkDE\" class=\"magic-5\"><b><font class=\"magic-6\">Modus<\/font><\/b><\/div>\n<\/div>\n<\/td>\n<td colspan=\"1\" rowspan=\"1\">\n<div class=\"magic-7\">\n<div data-spm-anchor-id=\"a2700.custom-template.0.i52.79423333oXQkDE\" class=\"magic-8\"><font class=\"magic-6\">Handbuch<\/font><\/div>\n<\/div>\n<\/td>\n<\/tr>\n<tr>\n<td colspan=\"1\" rowspan=\"1\">\n<div class=\"magic-4\">\n<div data-spm-anchor-id=\"a2700.custom-template.0.i22.79423333oXQkDE\" class=\"magic-5\"><b><font class=\"magic-6\">Material<\/font><\/b><\/div>\n<\/div>\n<\/td>\n<td colspan=\"1\" rowspan=\"1\">\n<div class=\"magic-7\">\n<div data-spm-anchor-id=\"a2700.custom-template.0.i23.79423333oXQkDE\" class=\"magic-8\"><font class=\"magic-6\">Aluminiumlegierung<\/font><\/div>\n<\/div>\n<\/td>\n<\/tr>\n<tr>\n<td colspan=\"1\" rowspan=\"1\">\n<div class=\"magic-4\">\n<div data-spm-anchor-id=\"a2700.custom-template.0.i27.79423333oXQkDE\" class=\"magic-5\"><b><font class=\"magic-6\">IP-Schutzart<\/font><\/b><\/div>\n<\/div>\n<\/td>\n<td colspan=\"1\" rowspan=\"1\">\n<div class=\"magic-7\">\n<div data-spm-anchor-id=\"a2700.custom-template.0.i40.79423333oXQkDE\" class=\"magic-8\">\n<font class=\"magic-6\">IP56<\/font>\n<\/div>\n<\/div>\n<\/td>\n<\/tr>\n<tr>\n<td colspan=\"1\" rowspan=\"1\">\n<div class=\"magic-4\">\n<div data-spm-anchor-id=\"a2700.custom-template.0.i31.79423333oXQkDE\" class=\"magic-5\"><b data-spm-anchor-id=\"a2700.custom-template.0.i38.79423333oXQkDE\"><font class=\"magic-6\">Lieferzeit<\/font><\/b><\/div>\n<\/div>\n<\/td>\n<td colspan=\"1\" rowspan=\"1\">\n<div class=\"magic-7\">\n<div data-spm-anchor-id=\"a2700.custom-template.0.i34.79423333oXQkDE\" class=\"magic-8\">\n<font class=\"magic-6\">Innerhalb von 7-15 Tagen nach Zahlung<\/font>\n<\/div>\n<\/div>\n<\/td>\n<\/tr>\n<tr>\n<td colspan=\"1\" rowspan=\"1\">\n<div class=\"magic-4\">\n<div class=\"magic-5\"><b><font class=\"magic-6\">OEM<\/font><\/b><\/div>\n<\/div>\n<\/td>\n<td colspan=\"1\" rowspan=\"1\">\n<div class=\"magic-7\">\n<div class=\"magic-8\">Kundenspezifisch verf\u00fcgbar<\/div>\n<\/div>\n<\/td>\n<\/tr>\n<\/tbody>\n<\/table>\n<\/div>\n<\/div>\n<div module-id=\"47630276757\" module-title=\"detailSingleImage\" render=\"true\" class=\"J_module\">\n<div class=\"icbu-pc-images magic-0\">\n<div>\n<div class=\"flex-layout-v\">\n<div class=\"flex-layout-h magic-0\">\n<div class=\"magic-9\"><img decoding=\"async\" src=\"https:\/\/sc04.alicdn.com\/kf\/H2c800614b72249098bea6a506017cee3B\/254772214\/H2c800614b72249098bea6a506017cee3B.jpg\" data-src=\"\/\/sc04.alicdn.com\/kf\/H2c800614b72249098bea6a506017cee3B\/254772214\/H2c800614b72249098bea6a506017cee3B.jpg\" class=\"magic-10\"><\/div>\n<\/div>\n<\/div>\n<\/div>\n<\/div>\n<\/div>\n<div module-id=\"47630276758\" module-title=\"detailProductNavigation\" render=\"true\" class=\"J_module\">\n<div id=\"ali-anchor-AliMagic-ob9fn4\" data-section=\"AliMagic-ob9fn4\" data-section-title=\"Products Description\" class=\"magic-11\">Produktbeschreibung<\/div>\n<\/div>\n<div module-id=\"47630276759\" module-title=\"detailManyImage\" render=\"true\" class=\"J_module\">\n<div class=\"icbu-pc-detailManyImage magic-12\">\n<div class=\"magic-13\"><img decoding=\"async\" src=\"https:\/\/sc04.alicdn.com\/kf\/H447cd5e9ad8d48c08c43100ff7108b4ei\/254772214\/H447cd5e9ad8d48c08c43100ff7108b4ei.png\" data-src=\"\/\/sc04.alicdn.com\/kf\/H447cd5e9ad8d48c08c43100ff7108b4ei\/254772214\/H447cd5e9ad8d48c08c43100ff7108b4ei.png\" class=\"magic-14\"><\/div>\n<div class=\"magic-15\"><img decoding=\"async\" src=\"https:\/\/sc04.alicdn.com\/kf\/H1693ef69a9c34f3790cc04b0725c9d0ax\/254772214\/H1693ef69a9c34f3790cc04b0725c9d0ax.jpg\" data-src=\"\/\/sc04.alicdn.com\/kf\/H1693ef69a9c34f3790cc04b0725c9d0ax\/254772214\/H1693ef69a9c34f3790cc04b0725c9d0ax.jpg\" class=\"magic-16\"><\/div>\n<div class=\"magic-15\"><img decoding=\"async\" src=\"https:\/\/sc04.alicdn.com\/kf\/Hccdc68301dcf43858fa0a25540c6b6c91\/254772214\/Hccdc68301dcf43858fa0a25540c6b6c91.jpg\" data-src=\"\/\/sc04.alicdn.com\/kf\/Hccdc68301dcf43858fa0a25540c6b6c91\/254772214\/Hccdc68301dcf43858fa0a25540c6b6c91.jpg\" class=\"magic-17\"><\/div>\n<div class=\"magic-15\"><img decoding=\"async\" src=\"https:\/\/sc04.alicdn.com\/kf\/Haed82a9176ff4b46b621f096b96034acj\/254772214\/Haed82a9176ff4b46b621f096b96034acj.jpg\" data-src=\"\/\/sc04.alicdn.com\/kf\/Haed82a9176ff4b46b621f096b96034acj\/254772214\/Haed82a9176ff4b46b621f096b96034acj.jpg\" class=\"magic-18\"><\/div>\n<div class=\"magic-15\"><img decoding=\"async\" src=\"https:\/\/sc04.alicdn.com\/kf\/Hdeb5ff98a5e643349aeb23301c538bf1R\/254772214\/Hdeb5ff98a5e643349aeb23301c538bf1R.jpg\" data-src=\"\/\/sc04.alicdn.com\/kf\/Hdeb5ff98a5e643349aeb23301c538bf1R\/254772214\/Hdeb5ff98a5e643349aeb23301c538bf1R.jpg\" class=\"magic-19\"><\/div>\n<div class=\"magic-13\"><img decoding=\"async\" src=\"https:\/\/sc04.alicdn.com\/kf\/Ha1e8233445ba445a880daa9fa1443d5fT\/254772214\/Ha1e8233445ba445a880daa9fa1443d5fT.jpg\" data-src=\"\/\/sc04.alicdn.com\/kf\/Ha1e8233445ba445a880daa9fa1443d5fT\/254772214\/Ha1e8233445ba445a880daa9fa1443d5fT.jpg\" class=\"magic-14\"><\/div>\n<div class=\"magic-20\"><img decoding=\"async\" src=\"https:\/\/sc04.alicdn.com\/kf\/Had05fa10ee844d15b390bd7ca5ec4571z\/254772214\/Had05fa10ee844d15b390bd7ca5ec4571z.jpg\" data-src=\"\/\/sc04.alicdn.com\/kf\/Had05fa10ee844d15b390bd7ca5ec4571z\/254772214\/Had05fa10ee844d15b390bd7ca5ec4571z.jpg\" class=\"magic-21\"><\/div>\n<\/div>\n<\/div>\n<div module-id=\"47630276760\" module-title=\"detailProductNavigation\" render=\"true\" class=\"J_module\">\n<div id=\"ali-anchor-AliMagic-vl2hb0\" data-section=\"AliMagic-vl2hb0\" data-section-title=\"Recommend Products\" class=\"magic-11\">Produkte empfehlen<\/div>\n<\/div>\n<div module-id=\"47630276761\" module-title=\"detailSellerRecommend\" render=\"true\" class=\"J_module\">\n<div data-magic='{\"mds\":{\"assetsVersion\":\"0.0.16\",\"assetsPackageName\":\"icbumod\",\"moduleNameAlias\":\"icbu-pc-detailSellerRecommend\",\"moduleData\":{\"config\":{\"miniSiteUrl\":\"https:\/\/alisite-mobile.alibaba.com\/minisite\/261921644\/productlist.html\",\"columnCount\":4,\"titleKey\":0,\"url\":\"https:\/\/bestwyll.en.alibaba.com\/productlist.html\",\"products\":[1600622758013,1600897698019,1601216399778,1601589577964,1600588792169,1600439080596,1601219639070,1600580455091]}}},\"version\":1}' class=\"icbu-pc-detailSellerRecommend magic-22\"><\/div>\n<\/div>\n<div module-id=\"47630276762\" module-title=\"detailSingleImage\" render=\"true\" class=\"J_module\">\n<div class=\"icbu-pc-images magic-0\">\n<div>\n<div class=\"flex-layout-v\">\n<div class=\"flex-layout-h magic-0\">\n<div class=\"magic-23\"><img decoding=\"async\" src=\"https:\/\/sc04.alicdn.com\/kf\/H73977efe49884cb299b8bf63fea7fae0b\/254772214\/H73977efe49884cb299b8bf63fea7fae0b.jpg\" data-src=\"\/\/sc04.alicdn.com\/kf\/H73977efe49884cb299b8bf63fea7fae0b\/254772214\/H73977efe49884cb299b8bf63fea7fae0b.jpg\" class=\"magic-24\"><\/div>\n<\/div>\n<\/div>\n<\/div>\n<\/div>\n<\/div>\n<div module-id=\"47630276763\" module-title=\"detailSingleImage\" render=\"true\" class=\"J_module\">\n<div class=\"icbu-pc-images magic-0\">\n<div>\n<div class=\"flex-layout-v\">\n<div class=\"flex-layout-h magic-0\">\n<div class=\"magic-25\">\n<img decoding=\"async\" src=\"https:\/\/sc04.alicdn.com\/kf\/H7ad1e943d6b34867b3ddccb562b0a7e9M\/254772214\/H7ad1e943d6b34867b3ddccb562b0a7e9M.jpg\" data-src=\"\/\/sc04.alicdn.com\/kf\/H7ad1e943d6b34867b3ddccb562b0a7e9M\/254772214\/H7ad1e943d6b34867b3ddccb562b0a7e9M.jpg\" usemap=\"#b-1d-ae7-9a81\" class=\"magic-26\"><\/p>\n<map name=\"b-1d-ae7-9a81\">\n<area shape=\"rect\" coords=\"248,289,499,444\" href=\"https:\/\/bestwyll.en.alibaba.com\/productgrouplist-917102491\/For_Ford.html\" target=\"_blank\">\n<area shape=\"rect\" coords=\"264,130,488,267\" href=\"https:\/\/bestwyll.en.alibaba.com\/productgrouplist-917102490\/For_Toyota.html\" target=\"_blank\">\n<area shape=\"rect\" coords=\"495,130,717,268\" href=\"https:\/\/bestwyll.en.alibaba.com\/productgrouplist-916233813\/For_Nissan.html\" target=\"_blank\">\n<area shape=\"rect\" coords=\"31,299,240,431\" href=\"https:\/\/bestwyll.en.alibaba.com\/productgrouplist-916805214\/For_Mitsubishi.html\" target=\"_blank\">\n<area shape=\"rect\" coords=\"30,128,254,267\" href=\"https:\/\/bestwyll.en.alibaba.com\/productgrouplist-916233815\/For_Chevrolet_GMC.html\" target=\"_blank\">\n<area shape=\"rect\" coords=\"508,299,720,430\" href=\"https:\/\/bestwyll.en.alibaba.com\/productgrouplist-916474106\/For_Dodge.html\" target=\"_blank\">\n<area shape=\"rect\" coords=\"263,466,487,605\" href=\"https:\/\/bestwyll.en.alibaba.com\/productgrouplist-916209862\/For_SsangYong.html\" target=\"_blank\">\n<area shape=\"rect\" coords=\"31,809,717,951\" href=\"https:\/\/bestwyll.en.alibaba.com\/productlist.html\" target=\"_blank\"><\/map>\n<\/div>\n<\/div>\n<\/div>\n<\/div>\n<\/div>\n<\/div>\n<div module-id=\"47630276764\" module-title=\"detailSingleImage\" render=\"true\" class=\"J_module\">\n<div class=\"icbu-pc-images magic-0\">\n<div>\n<div class=\"flex-layout-v\">\n<div class=\"flex-layout-h magic-0\">\n<div class=\"magic-27\"><img decoding=\"async\" src=\"https:\/\/sc04.alicdn.com\/kf\/H43de1079ab784874b4ad2a39be4a3935w\/254772214\/H43de1079ab784874b4ad2a39be4a3935w.jpg\" data-src=\"\/\/sc04.alicdn.com\/kf\/H43de1079ab784874b4ad2a39be4a3935w\/254772214\/H43de1079ab784874b4ad2a39be4a3935w.jpg\" class=\"magic-28\"><\/div>\n<\/div>\n<\/div>\n<\/div>\n<\/div>\n<\/div>\n<div module-id=\"47630276765\" module-title=\"detailTextContent\" render=\"true\" class=\"J_module\">\n<div class=\"detail-decorate-json-renderer-container\">\n<div class=\"magic-29\">\n<div class=\"magic-30\">\n<div class=\"magic-31\">\n<div class=\"magic-32\">\n<span>Bestwyll wurde 2014 als Hersteller und Exporteur von Autozubeh\u00f6r gegr\u00fcndet und ist heute ein f\u00fchrender spezialisierter Entwickler und Hersteller von einziehbaren Ladefl\u00e4chenabdeckungen f\u00fcr Pickups und dem dazugeh\u00f6rigen Zubeh\u00f6r, ELC-Trittstufen, Sportb\u00fcgeln usw. <\/span><\/p>\n<div><span><br \/>\nBestwyll befindet sich im Foshan Geely Industrial Park und verf\u00fcgt \u00fcber mehr als 15.000 m\u00b2 B\u00fcro- und Produktionsfl\u00e4che. Das Unternehmen wird von einem Team begeisterter Mitarbeiter gef\u00fchrt, die seit \u00fcber 20 Jahren in diesem Bereich t\u00e4tig sind. Bestwyll ist nicht nur ein nach IATF 16949 zertifiziertes Unternehmen, sondern auch der erste und bislang einzige chinesische Hersteller von Pickup-Laderaumabdeckungen mit EMARK-Zertifikat. <\/span><\/div>\n<div><span><br \/>\nBestwyll verf\u00fcgt \u00fcber Dutzende von Patenten, die in China, den USA, Europa und S\u00fcdostasien registriert sind. Auch die Marke \u201eBESTWYLL\u201c ist in China, Europa, den USA, Kambodscha, Vietnam, Malaysia usw. registriert. Wir sind stolz darauf, der EINZIGE qualifizierte Hersteller von OEM-Laderaumabdeckungen nach h\u00f6chsten Standards auf dem chinesischen Festland zu sein. <\/span><\/div>\n<div><span><br \/>\nDank unserer erfolgreichen Erfahrung in den Bereichen OEM, ODM, Gro\u00dfhandelsmarken und Eigenmarken decken unsere Vertriebskan\u00e4le nicht nur den chinesischen Inlandsmarkt ab, sondern auch die Regionen Nordamerika, S\u00fcdamerika, S\u00fcdostasien, Europa und Naher Osten usw. Wir freuen uns darauf, Ihr zuverl\u00e4ssiger Partner zu sein und suchen weltweit nach weiteren Win-Win-Distributoren.<\/span><\/div>\n<\/div>\n<\/div>\n<\/div>\n<\/div>\n<\/div>\n<\/div>\n<div module-id=\"47630276766\" module-title=\"detailSingleImage\" render=\"true\" class=\"J_module\">\n<div class=\"icbu-pc-images magic-0\">\n<div>\n<div class=\"flex-layout-v\">\n<div class=\"flex-layout-h magic-0\">\n<div class=\"magic-33\"><img decoding=\"async\" src=\"https:\/\/sc04.alicdn.com\/kf\/Hfe07a2e120524b5ea67a87b064805d15v\/254772214\/Hfe07a2e120524b5ea67a87b064805d15v.jpg\" data-src=\"\/\/sc04.alicdn.com\/kf\/Hfe07a2e120524b5ea67a87b064805d15v\/254772214\/Hfe07a2e120524b5ea67a87b064805d15v.jpg\" class=\"magic-34\"><\/div>\n<\/div>\n<\/div>\n<\/div>\n<\/div>\n<\/div>\n<div module-id=\"47630276767\" module-title=\"detailSingleImage\" render=\"true\" class=\"J_module\">\n<div class=\"icbu-pc-images magic-0\">\n<div>\n<div class=\"flex-layout-v\">\n<div class=\"flex-layout-h magic-0\">\n<div class=\"magic-35\"><img decoding=\"async\" src=\"https:\/\/sc04.alicdn.com\/kf\/He12e59147e7c4ee5b8fd3906a512fef0D\/254772214\/He12e59147e7c4ee5b8fd3906a512fef0D.jpg\" data-src=\"\/\/sc04.alicdn.com\/kf\/He12e59147e7c4ee5b8fd3906a512fef0D\/254772214\/He12e59147e7c4ee5b8fd3906a512fef0D.jpg\" class=\"magic-36\"><\/div>\n<\/div>\n<\/div>\n<\/div>\n<\/div>\n<\/div><\/div>","protected":false},"excerpt":{"rendered":"<p>Product Name BESTWYLL Pickup Roller Lid Truck Topper Manual Retractable Truck Bed Tonneau Cover for Trucks JMC GRAND AVENUE DADAO<\/p>","protected":false},"featured_media":5874,"template":"","meta":[],"product_brand":[],"product_cat":[34,111,83],"product_tag":[],"class_list":{"0":"post-5873","1":"product","2":"type-product","3":"status-publish","4":"has-post-thumbnail","6":"product_cat-for-jmc","7":"product_cat-jmc","8":"product_cat-tonneau-cover","10":"first","11":"instock","12":"shipping-taxable","13":"purchasable","14":"product-type-simple"},"_links":{"self":[{"href":"https:\/\/www.bestwyll.com\/de\/wp-json\/wp\/v2\/product\/5873","targetHints":{"allow":["GET"]}}],"collection":[{"href":"https:\/\/www.bestwyll.com\/de\/wp-json\/wp\/v2\/product"}],"about":[{"href":"https:\/\/www.bestwyll.com\/de\/wp-json\/wp\/v2\/types\/product"}],"version-history":[{"count":1,"href":"https:\/\/www.bestwyll.com\/de\/wp-json\/wp\/v2\/product\/5873\/revisions"}],"predecessor-version":[{"id":5880,"href":"https:\/\/www.bestwyll.com\/de\/wp-json\/wp\/v2\/product\/5873\/revisions\/5880"}],"wp:featuredmedia":[{"embeddable":true,"href":"https:\/\/www.bestwyll.com\/de\/wp-json\/wp\/v2\/media\/5874"}],"wp:attachment":[{"href":"https:\/\/www.bestwyll.com\/de\/wp-json\/wp\/v2\/media?parent=5873"}],"wp:term":[{"taxonomy":"product_brand","embeddable":true,"href":"https:\/\/www.bestwyll.com\/de\/wp-json\/wp\/v2\/product_brand?post=5873"},{"taxonomy":"product_cat","embeddable":true,"href":"https:\/\/www.bestwyll.com\/de\/wp-json\/wp\/v2\/product_cat?post=5873"},{"taxonomy":"product_tag","embeddable":true,"href":"https:\/\/www.bestwyll.com\/de\/wp-json\/wp\/v2\/product_tag?post=5873"}],"curies":[{"name":"wp","href":"https:\/\/api.w.org\/{rel}","templated":true}]}}