{"id":5582,"date":"2025-09-23T14:05:32","date_gmt":"2025-09-23T06:05:32","guid":{"rendered":"https:\/\/www.bestwyll.com\/product\/bestwyll-off-road-4x4-hardtop-camper-truck-bed-topper-canopy-waterproof-for-chevrolet-silverado\/"},"modified":"2026-04-07T14:40:26","modified_gmt":"2026-04-07T06:40:26","slug":"bestwyll-off-road-4x4-hardtop-camper-truck-bed-topper-canopy-waterproof","status":"publish","type":"product","link":"https:\/\/www.bestwyll.com\/de\/produkt\/bestwyll-off-road-4x4-hardtop-camper-truck-bed-topper-canopy-waterproof\/","title":{"rendered":"BESTWYLL Off Road 4&#215;4 Hardtop Camper Truck Bed Topper Canopy Waterproof"},"content":{"rendered":"<div id=\"detail_decorate_root\" data-magic-global=\"%7B%22bizId%22%3A2212677814337%2C%22pageId%22%3A21705156419%2C%22siteId%22%3A10002951017%7D\">\n<style>#detail_decorate_root .magic-0{width:750px}#detail_decorate_root .magic-1{overflow:hidden;width:750px;height:843.75px;margin-top:0;margin-bottom:0;margin-left:0;margin-right:0}#detail_decorate_root .magic-2{margin-top:0;margin-left:0;width:750px;height:843.75px}#detail_decorate_root .magic-3{border-bottom-style:solid;border-bottom-color:#53647a;font-family:Roboto;font-size:24px;color:#53647a;font-style:normal;border-bottom-width:2px;padding-top:8px;padding-bottom:4px}#detail_decorate_root .magic-4{width:750px;border-collapse:collapse}#detail_decorate_root .magic-5{min-height:28px;padding:5px 10px;width:274px;min-height:28px;box-sizing:content-box}#detail_decorate_root .magic-6{text-align:center}#detail_decorate_root .magic-7{font-size:14px}#detail_decorate_root .magic-8{min-height:28px;padding:5px 10px;width:432px;min-height:28px;box-sizing:content-box}#detail_decorate_root .magic-9{text-align:justify}#detail_decorate_root .magic-10{margin-bottom:10px;line-height:0}#detail_decorate_root .magic-11{width:750px;height:1770px;overflow:hidden;margin-bottom:0}#detail_decorate_root .magic-12{position:relative;left:0;top:16px;width:750px;height:1757.2916666666665px}#detail_decorate_root .magic-13{margin-bottom:0}#detail_decorate_root .magic-14{position:relative;width:100%}#detail_decorate_root .magic-15{margin-bottom:10px;overflow:hidden}#detail_decorate_root .magic-16{overflow:hidden;width:750px;height:610.4430379746836px;margin-top:0;margin-bottom:0;margin-left:0;margin-right:0}#detail_decorate_root .magic-17{margin-top:0;margin-left:0;width:750.0000000000001px;height:610.4430379746836px}#detail_decorate_root .magic-18{vertical-align:top}#detail_decorate_root .magic-19{vertical-align:top;display:block;padding-right:4px;box-sizing:border-box;padding-left:4px}#detail_decorate_root .magic-20{vertical-align:top;padding-bottom:4px;box-sizing:border-box;padding-top:4px}#detail_decorate_root .magic-21{padding:0;margin:0;white-space:pre-wrap;font-size:14px}#detail_decorate_root .magic-22{overflow:hidden;width:750px;height:1087.0253164556964px;margin-top:0;margin-bottom:0;margin-left:0;margin-right:0}#detail_decorate_root .magic-23{margin-top:0;margin-left:0;width:750.0000000000001px;height:1087.0253164556964px}#detail_decorate_root .magic-24{overflow:hidden;width:750px;height:2103.7974683544307px;margin-top:0;margin-bottom:0;margin-left:0;margin-right:0}#detail_decorate_root .magic-25{margin-top:0;margin-left:0;width:750.0000000000001px;height:2103.7974683544307px}<\/style>\n<div class=\"J_module\">\n<div class=\"icbu-pc-images magic-0\">\n<div>\n<div class=\"flex-layout-v\">\n<div class=\"flex-layout-h magic-0\">\n<div class=\"magic-1\"><img decoding=\"async\" class=\"magic-2\" src=\"https:\/\/sc04.alicdn.com\/kf\/Hf81e5b5935f7468c8add0114568807ceP\/254772214\/Hf81e5b5935f7468c8add0114568807ceP.jpg\" data-src=\"\/\/sc04.alicdn.com\/kf\/Hf81e5b5935f7468c8add0114568807ceP\/254772214\/Hf81e5b5935f7468c8add0114568807ceP.jpg\" \/><\/div>\n<\/div>\n<\/div>\n<\/div>\n<\/div>\n<\/div>\n<div class=\"J_module\">\n<div id=\"ali-anchor-AliMagic-uwtun4\" class=\"magic-3\" data-section=\"AliMagic-uwtun4\" data-section-title=\"Products Description\">Produktbeschreibung<\/div>\n<\/div>\n<div class=\"J_module\">\n<div class=\"ife-detail-decorate-table\">\n<table class=\"has-title hight-light-first-column all magic-4\">\n<tbody>\n<tr>\n<td colspan=\"1\" rowspan=\"1\">\n<div class=\"magic-5\">\n<div class=\"magic-6\" data-spm-anchor-id=\"a2700.custom-template.0.i28.79423333oXQkDE\"><b><span class=\"magic-7\">Produktname<\/span><\/b><\/div>\n<\/div>\n<\/td>\n<td colspan=\"1\" rowspan=\"1\">\n<div class=\"magic-8\">\n<div class=\"magic-9\" data-spm-anchor-id=\"a2700.custom-template.0.i51.79423333oXQkDE\">BESTWYLL Offroad 4\u00d74 Hardtop Camper Truck Bed Topper \u00dcberdachung wasserdicht f\u00fcr Chevrolet Silverado<\/div>\n<\/div>\n<\/td>\n<\/tr>\n<tr>\n<td colspan=\"1\" rowspan=\"1\">\n<div class=\"magic-5\">\n<div class=\"magic-6\" data-spm-anchor-id=\"a2700.custom-template.0.i25.79423333oXQkDE\"><b><span class=\"magic-7\">Modus<\/span><\/b><\/div>\n<\/div>\n<\/td>\n<td colspan=\"1\" rowspan=\"1\">\n<div class=\"magic-8\">\n<div class=\"magic-9\" data-spm-anchor-id=\"a2700.custom-template.0.i52.79423333oXQkDE\">Manuel<\/div>\n<\/div>\n<\/td>\n<\/tr>\n<tr>\n<td colspan=\"1\" rowspan=\"1\">\n<div class=\"magic-5\">\n<div class=\"magic-6\" data-spm-anchor-id=\"a2700.custom-template.0.i22.79423333oXQkDE\"><b><span class=\"magic-7\">Material<\/span><\/b><\/div>\n<\/div>\n<\/td>\n<td colspan=\"1\" rowspan=\"1\">\n<div class=\"magic-8\">\n<div class=\"magic-9\" data-spm-anchor-id=\"a2700.custom-template.0.i23.79423333oXQkDE\"><span class=\"magic-7\">Aluminiumlegierung<\/span><\/div>\n<\/div>\n<\/td>\n<\/tr>\n<tr>\n<td colspan=\"1\" rowspan=\"1\">\n<div class=\"magic-5\">\n<div class=\"magic-6\" data-spm-anchor-id=\"a2700.custom-template.0.i31.79423333oXQkDE\"><b data-spm-anchor-id=\"a2700.custom-template.0.i38.79423333oXQkDE\"><span class=\"magic-7\">Lieferzeit<\/span><\/b><\/div>\n<\/div>\n<\/td>\n<td colspan=\"1\" rowspan=\"1\">\n<div class=\"magic-8\">\n<div class=\"magic-9\" data-spm-anchor-id=\"a2700.custom-template.0.i34.79423333oXQkDE\"><span class=\"magic-7\">Innerhalb von 7-15 Tagen nach Zahlung<\/span><\/div>\n<\/div>\n<\/td>\n<\/tr>\n<tr>\n<td colspan=\"1\" rowspan=\"1\">\n<div class=\"magic-5\">\n<div class=\"magic-6\"><b><span class=\"magic-7\">OEM<\/span><\/b><\/div>\n<\/div>\n<\/td>\n<td colspan=\"1\" rowspan=\"1\">\n<div class=\"magic-8\">\n<div class=\"magic-9\">Kundenspezifisch verf\u00fcgbar<\/div>\n<\/div>\n<\/td>\n<\/tr>\n<\/tbody>\n<\/table>\n<\/div>\n<\/div>\n<div class=\"J_module\">\n<div class=\"icbu-pc-detailManyImage magic-10\">\n<div class=\"magic-11\"><img decoding=\"async\" class=\"magic-12\" src=\"https:\/\/sc04.alicdn.com\/kf\/Hf6b5bd86a0924d64a6f8937f20b61136K\/254772214\/Hf6b5bd86a0924d64a6f8937f20b61136K.jpg\" data-src=\"\/\/sc04.alicdn.com\/kf\/Hf6b5bd86a0924d64a6f8937f20b61136K\/254772214\/Hf6b5bd86a0924d64a6f8937f20b61136K.jpg\" \/><\/div>\n<div class=\"magic-13\"><img decoding=\"async\" class=\"magic-14\" src=\"https:\/\/sc04.alicdn.com\/kf\/H76099798a16b4f0abd6fdac05aba32e3s\/254772214\/H76099798a16b4f0abd6fdac05aba32e3s.jpg\" data-src=\"\/\/sc04.alicdn.com\/kf\/H76099798a16b4f0abd6fdac05aba32e3s\/254772214\/H76099798a16b4f0abd6fdac05aba32e3s.jpg\" \/><\/div>\n<div class=\"magic-13\"><img decoding=\"async\" class=\"magic-14\" src=\"https:\/\/sc04.alicdn.com\/kf\/H90f742038af846ce98cdc1a261a91ad2f\/254772214\/H90f742038af846ce98cdc1a261a91ad2f.jpg\" data-src=\"\/\/sc04.alicdn.com\/kf\/H90f742038af846ce98cdc1a261a91ad2f\/254772214\/H90f742038af846ce98cdc1a261a91ad2f.jpg\" \/><\/div>\n<\/div>\n<\/div>\n<div class=\"J_module\">\n<div class=\"icbu-pc-images magic-0\">\n<div>\n<div class=\"flex-layout-v\">\n<div class=\"flex-layout-h magic-0\">\n<div class=\"magic-16\"><img decoding=\"async\" class=\"magic-17\" src=\"https:\/\/sc04.alicdn.com\/kf\/H43de1079ab784874b4ad2a39be4a3935w\/254772214\/H43de1079ab784874b4ad2a39be4a3935w.jpg\" data-src=\"\/\/sc04.alicdn.com\/kf\/H43de1079ab784874b4ad2a39be4a3935w\/254772214\/H43de1079ab784874b4ad2a39be4a3935w.jpg\" \/><\/div>\n<\/div>\n<\/div>\n<\/div>\n<\/div>\n<\/div>\n<div class=\"J_module\">\n<div class=\"detail-decorate-json-renderer-container\">\n<div class=\"magic-18\">\n<div class=\"magic-19\">\n<div class=\"magic-20\">\n<div class=\"magic-21\">\n<p>Bestwyll wurde 2014 als Hersteller und Exporteur von Autozubeh\u00f6r gegr\u00fcndet und ist heute ein f\u00fchrender spezialisierter Entwickler und Hersteller von einziehbaren Ladefl\u00e4chenabdeckungen f\u00fcr Pickups und dem dazugeh\u00f6rigen Zubeh\u00f6r, ELC-Trittstufen, Sportb\u00fcgeln usw.<\/p>\n<div>Bestwyll befindet sich im Foshan Geely Industrial Park und verf\u00fcgt \u00fcber mehr als 15.000 m\u00b2 B\u00fcro- und Produktionsfl\u00e4che. Das Unternehmen wird von einem Team begeisterter Mitarbeiter gef\u00fchrt, die seit \u00fcber 20 Jahren in diesem Bereich t\u00e4tig sind. Bestwyll ist nicht nur ein nach IATF 16949 zertifiziertes Unternehmen, sondern auch der erste und bislang einzige chinesische Hersteller von Pickup-Laderaumabdeckungen mit EMARK-Zertifikat.<\/div>\n<div>Bestwyll verf\u00fcgt \u00fcber Dutzende von Patenten, die in China, den USA, Europa und S\u00fcdostasien registriert sind. Auch die Marke \u201eBESTWYLL\u201c ist in China, Europa, den USA, Kambodscha, Vietnam, Malaysia usw. registriert. Wir sind stolz darauf, der EINZIGE qualifizierte Hersteller von OEM-Laderaumabdeckungen nach h\u00f6chsten Standards auf dem chinesischen Festland zu sein.<\/div>\n<div>Dank unserer erfolgreichen Erfahrung in den Bereichen OEM, ODM, Gro\u00dfhandelsmarken und Eigenmarken decken unsere Vertriebskan\u00e4le nicht nur den chinesischen Inlandsmarkt ab, sondern auch die Regionen Nordamerika, S\u00fcdamerika, S\u00fcdostasien, Europa und Naher Osten usw. Wir freuen uns darauf, Ihr zuverl\u00e4ssiger Partner zu sein und suchen weltweit nach weiteren Win-Win-Distributoren.<\/div>\n<\/div>\n<\/div>\n<\/div>\n<\/div>\n<\/div>\n<\/div>\n<div class=\"J_module\">\n<div class=\"icbu-pc-images magic-0\">\n<div>\n<div class=\"flex-layout-v\">\n<div class=\"flex-layout-h magic-0\">\n<div class=\"magic-22\"><img decoding=\"async\" class=\"magic-23\" src=\"https:\/\/sc04.alicdn.com\/kf\/Hfe07a2e120524b5ea67a87b064805d15v\/254772214\/Hfe07a2e120524b5ea67a87b064805d15v.jpg\" data-src=\"\/\/sc04.alicdn.com\/kf\/Hfe07a2e120524b5ea67a87b064805d15v\/254772214\/Hfe07a2e120524b5ea67a87b064805d15v.jpg\" \/><\/div>\n<\/div>\n<\/div>\n<\/div>\n<\/div>\n<\/div>\n<div class=\"J_module\">\n<div class=\"icbu-pc-images magic-0\">\n<div>\n<div class=\"flex-layout-v\">\n<div class=\"flex-layout-h magic-0\">\n<div class=\"magic-24\"><img decoding=\"async\" class=\"magic-25\" src=\"https:\/\/sc04.alicdn.com\/kf\/He12e59147e7c4ee5b8fd3906a512fef0D\/254772214\/He12e59147e7c4ee5b8fd3906a512fef0D.jpg\" data-src=\"\/\/sc04.alicdn.com\/kf\/He12e59147e7c4ee5b8fd3906a512fef0D\/254772214\/He12e59147e7c4ee5b8fd3906a512fef0D.jpg\" \/><\/div>\n<\/div>\n<\/div>\n<\/div>\n<\/div>\n<\/div>\n<\/div>","protected":false},"excerpt":{"rendered":"<p>Produktbeschreibung Produktname BESTWYLL Off Road 4\u00d74 Hardtop Camper Truck Bed Topper Canopy Wasserdicht f\u00fcr Chevrolet Silverado Mode Manuel<\/p>","protected":false},"featured_media":5583,"template":"","meta":[],"product_brand":[],"product_cat":[21,134,114],"product_tag":[],"class_list":{"0":"post-5582","1":"product","2":"type-product","3":"status-publish","4":"has-post-thumbnail","6":"product_cat-canopy","7":"product_cat-for-volkswagen-canopy","8":"product_cat-volkswagen","10":"first","11":"instock","12":"shipping-taxable","13":"purchasable","14":"product-type-simple"},"_links":{"self":[{"href":"https:\/\/www.bestwyll.com\/de\/wp-json\/wp\/v2\/product\/5582","targetHints":{"allow":["GET"]}}],"collection":[{"href":"https:\/\/www.bestwyll.com\/de\/wp-json\/wp\/v2\/product"}],"about":[{"href":"https:\/\/www.bestwyll.com\/de\/wp-json\/wp\/v2\/types\/product"}],"version-history":[{"count":4,"href":"https:\/\/www.bestwyll.com\/de\/wp-json\/wp\/v2\/product\/5582\/revisions"}],"predecessor-version":[{"id":6439,"href":"https:\/\/www.bestwyll.com\/de\/wp-json\/wp\/v2\/product\/5582\/revisions\/6439"}],"wp:featuredmedia":[{"embeddable":true,"href":"https:\/\/www.bestwyll.com\/de\/wp-json\/wp\/v2\/media\/5583"}],"wp:attachment":[{"href":"https:\/\/www.bestwyll.com\/de\/wp-json\/wp\/v2\/media?parent=5582"}],"wp:term":[{"taxonomy":"product_brand","embeddable":true,"href":"https:\/\/www.bestwyll.com\/de\/wp-json\/wp\/v2\/product_brand?post=5582"},{"taxonomy":"product_cat","embeddable":true,"href":"https:\/\/www.bestwyll.com\/de\/wp-json\/wp\/v2\/product_cat?post=5582"},{"taxonomy":"product_tag","embeddable":true,"href":"https:\/\/www.bestwyll.com\/de\/wp-json\/wp\/v2\/product_tag?post=5582"}],"curies":[{"name":"wp","href":"https:\/\/api.w.org\/{rel}","templated":true}]}}