{"id":4939,"date":"2025-05-08T13:53:38","date_gmt":"2025-05-08T05:53:38","guid":{"rendered":"https:\/\/www.bestwyll.com\/product\/electric-retractable-side-step-for-ineos-grenadier\/"},"modified":"2025-05-28T14:57:03","modified_gmt":"2025-05-28T06:57:03","slug":"electric-retractable-side-step-for-ineos-grenadier","status":"publish","type":"product","link":"https:\/\/www.bestwyll.com\/de\/produkt\/electric-retractable-side-step-for-ineos-grenadier\/","title":{"rendered":"Elektrisch einziehbare Seitentrittstufe f\u00fcr Ineos Grenadier"},"content":{"rendered":"<div id=\"shopify-section-product-content\" class=\"shopify-section\">\n<section class=\"container\">\n<div id=\"product-48086470-content\" class=\"product-content anchor\">\n<div class=\"product-content__tabs anchor\" id=\"product-48086470-tabs\">\n<div class=\"product-tabs\">\n<div class=\"product-tabs__content\">\n<div id=\"block-product-content-description-662-1667466984685\" class=\"product-tabs__tab-item-wrapper\">\n                  <button class=\"collapsible-toggle heading heading--small hidden-lap-and-up\" aria-controls=\"block-product-content-description-662-1667466984685-content\" aria-expanded=\"true\">Beschreibung<svg width=\"12\" height=\"8\" class=\"icon icon--chevron\" viewbox=\"0 0 12 8\">\n        <path fill=\"none\" d=\"M1 1l5 5 5-5\" stroke=\"currentColor\" stroke-width=\"2\"><\/path>\n      <\/svg><\/button><\/p>\n<div class=\"product-tabs__tab-item-content rte\">\n<div>\n<div class=\"do-entry do-entry-separate\" data-e2e-name=\"quickDetail\" data-spm-anchor-id=\"a2700.details.0.i10.2c042d6fpZYvoh\">\n<div class=\"do-entry-title\">\n<div class=\"do-entry do-entry-separate\" data-e2e-name=\"quickDetail\">\n<div class=\"do-entry-title\">\n<div class=\"do-entry do-entry-separate\" data-e2e-name=\"quickDetail\">\u00a0<\/div>\n<div class=\"do-entry do-entry-full\" data-e2e-name=\"productPackaging\">\n<div class=\"do-entry-list\">\n<dl class=\"leadtime-table\">\n<dt class=\"leadtime-table__key\" title=\"Lieferzeit\"><\/dt>\n<dt class=\"leadtime-table__key\" title=\"Lieferzeit\">\n<table style=\"border-collapse: collapse;width: 100.042%\" border=\"1\">\n<tbody>\n<tr>\n<td style=\"width: 21.1889%\" width=\"98\"><span data-spm-anchor-id=\"a2700.details.0.i9.c116647e4iCCTd\">Funktion:<\/span><\/td>\n<td style=\"width: 23.8375%\" width=\"111\">\n<p data-spm-anchor-id=\"a2700.details.0.i10.310378e1ymz5Cp\">Elektrisch<\/p>\n<\/td>\n<td style=\"width: 27.9429%\" width=\"130\">Markenname:<\/td>\n<td style=\"width: 27.0158%\" width=\"69\">BESTWYLL<\/td>\n<\/tr>\n<tr>\n<td style=\"width: 21.1889%\"><span data-spm-anchor-id=\"a2700.details.0.i12.c116647e4iCCTd\">Seitenrutschentyp:<\/span><\/td>\n<td style=\"width: 23.8375%\">\n<p data-spm-anchor-id=\"a2700.details.0.i11.310378e1ymz5Cp\">\u00a0<\/p>\n<\/td>\n<td style=\"width: 27.9429%\"><span data-spm-anchor-id=\"a2700.details.0.i22.37183f4eli4pRQ\">Autotyp:<\/span><\/td>\n<td style=\"width: 27.0158%\">\n<p data-spm-anchor-id=\"a2700.details.0.i24.55b86d626q2qJO\">\u00a0F\u00fcr Ineos Grenadier<\/p>\n<\/td>\n<\/tr>\n<tr>\n<td style=\"width: 21.1889%\"><span data-spm-anchor-id=\"a2700.details.0.i16.c116647e4iCCTd\">Garantie:<\/span><\/td>\n<td style=\"width: 23.8375%\">1 Jahr<\/td>\n<td style=\"width: 27.9429%\">OEM\/ODM:<\/td>\n<td style=\"width: 27.0158%\">Verf\u00fcgbar<\/td>\n<\/tr>\n<tr>\n<td style=\"width: 21.1889%\">Mindestbestellmenge:<\/td>\n<td style=\"width: 23.8375%\">30 S\u00e4tze<\/td>\n<td style=\"width: 27.9429%\">LIEFERZEIT:<\/td>\n<td style=\"width: 27.0158%\">3-7 Tage<\/td>\n<\/tr>\n<\/tbody>\n<\/table>\n<p>\u00a0<\/p>\n<p>\u00a0<\/p>\n<table style=\"border-collapse: collapse;width: 100.042%\" border=\"1\">\n<tbody>\n<tr>\n<td style=\"width: 20.08%\">\n<div class=\"magic-6\" data-spm-anchor-id=\"a2700.details.0.i8.5e844a3dBoGd4F\">\n<div class=\"magic-7\" data-spm-anchor-id=\"a2700.custom-template.0.i28.79423333oXQkDE\"><strong><span class=\"magic-8\">Produktname<\/span><\/strong><\/div>\n<\/div>\n<\/td>\n<td style=\"width: 79.9313%\">\n<div class=\"magic-9\">\n<div class=\"magic-10\" data-spm-anchor-id=\"a2700.custom-template.0.i51.79423333oXQkDE\">BESTWYLL Electric Retractable Side Step For Ineos Grenadier<\/div>\n<\/div>\n<\/td>\n<\/tr>\n<tr>\n<td style=\"width: 20.08%\">\n<div class=\"magic-6\">\n<div class=\"magic-7\" data-spm-anchor-id=\"a2700.custom-template.0.i25.79423333oXQkDE\"><strong><span class=\"magic-8\">Modus<\/span><\/strong><\/div>\n<\/div>\n<\/td>\n<td style=\"width: 79.9313%\">\n<div class=\"magic-9\">\n<div class=\"magic-10\" data-spm-anchor-id=\"a2700.custom-template.0.i52.79423333oXQkDE\">Elektrisch<\/div>\n<\/div>\n<\/td>\n<\/tr>\n<tr>\n<td style=\"width: 20.08%\">\n<div class=\"magic-6\">\n<div class=\"magic-7\" data-spm-anchor-id=\"a2700.custom-template.0.i22.79423333oXQkDE\"><strong><span class=\"magic-8\">Material<\/span><\/strong><\/div>\n<\/div>\n<\/td>\n<td style=\"width: 79.9313%\">\n<div class=\"magic-9\">\n<div class=\"magic-10\" data-spm-anchor-id=\"a2700.custom-template.0.i23.79423333oXQkDE\"><span class=\"magic-8\">Aluminiumlegierung<\/span><\/div>\n<\/div>\n<\/td>\n<\/tr>\n<tr>\n<td style=\"width: 20.08%\">\n<div class=\"magic-6\">\n<div class=\"magic-7\" data-spm-anchor-id=\"a2700.custom-template.0.i27.79423333oXQkDE\"><strong><span class=\"magic-8\">IP-Schutzart<\/span><\/strong><\/div>\n<\/div>\n<\/td>\n<td style=\"width: 79.9313%\">\n<div class=\"magic-9\">\n<div class=\"magic-10\" data-spm-anchor-id=\"a2700.custom-template.0.i40.79423333oXQkDE\"><span class=\"magic-8\">IP56<\/span><\/div>\n<\/div>\n<\/td>\n<\/tr>\n<tr>\n<td style=\"width: 20.08%\">\n<div class=\"magic-6\" data-spm-anchor-id=\"a2700.details.0.i7.5e844a3dBoGd4F\">\n<div class=\"magic-7\" data-spm-anchor-id=\"a2700.custom-template.0.i31.79423333oXQkDE\"><strong data-spm-anchor-id=\"a2700.custom-template.0.i38.79423333oXQkDE\"><span class=\"magic-8\">Lieferzeit<\/span><\/strong><\/div>\n<\/div>\n<\/td>\n<td style=\"width: 79.9313%\">\n<div class=\"magic-9\">\n<div class=\"magic-10\" data-spm-anchor-id=\"a2700.custom-template.0.i34.79423333oXQkDE\">Innerhalb von 7-15 Tagen nach Zahlung<\/div>\n<\/div>\n<\/td>\n<\/tr>\n<tr>\n<td style=\"width: 20.08%\">\n<div class=\"magic-6\">\n<div class=\"magic-7\"><strong><span class=\"magic-8\">OEM<\/span><\/strong><\/div>\n<\/div>\n<\/td>\n<td style=\"width: 79.9313%\">\n<div class=\"magic-9\">\n<div class=\"magic-10\">Kundenspezifisch verf\u00fcgbar<\/div>\n<\/div>\n<\/td>\n<\/tr>\n<\/tbody>\n<\/table>\n<\/dt>\n<\/dl>\n<\/div>\n<\/div>\n<\/div>\n<\/div>\n<div class=\"do-entry do-entry-full\" data-e2e-name=\"productPackaging\">\n<div class=\"do-entry-list\">\u00a0<\/div>\n<\/div>\n<\/div>\n<\/div>\n<div class=\"do-entry do-entry-full\" data-e2e-name=\"productPackaging\">\n<div class=\"do-entry-list\">\u00a0<\/div>\n<\/div>\n<\/div>\n<\/div><\/div>\n<\/div>\n<\/div><\/div>\n<\/div>\n<\/section>\n<style>\n  .trust_icon_small img{\n    height: 35px;\n  }\n<\/style>\n<\/div>","protected":false},"excerpt":{"rendered":"<p>Unsere Produkte sind stilvoll und langlebig und f\u00fcr den t\u00e4glichen Einsatz unter allen Bedingungen konzipiert. Unsere engagierten Forschungs- und Entwicklungsteams in China wissen, wie anspruchsvoll das sein kann. Deshalb bieten wir Ihnen das Beste aus zwei Welten: Premiumqualit\u00e4t und Design, das den h\u00e4rtesten Bedingungen der Welt standh\u00e4lt.<\/p>","protected":false},"featured_media":4940,"template":"","meta":[],"product_brand":[],"product_cat":[22,78],"product_tag":[],"class_list":{"0":"post-4939","1":"product","2":"type-product","3":"status-publish","4":"has-post-thumbnail","6":"product_cat-electric-side-step","7":"product_cat-for-ineos-grenadier","9":"first","10":"instock","11":"shipping-taxable","12":"product-type-simple"},"_links":{"self":[{"href":"https:\/\/www.bestwyll.com\/de\/wp-json\/wp\/v2\/product\/4939","targetHints":{"allow":["GET"]}}],"collection":[{"href":"https:\/\/www.bestwyll.com\/de\/wp-json\/wp\/v2\/product"}],"about":[{"href":"https:\/\/www.bestwyll.com\/de\/wp-json\/wp\/v2\/types\/product"}],"version-history":[{"count":1,"href":"https:\/\/www.bestwyll.com\/de\/wp-json\/wp\/v2\/product\/4939\/revisions"}],"predecessor-version":[{"id":4947,"href":"https:\/\/www.bestwyll.com\/de\/wp-json\/wp\/v2\/product\/4939\/revisions\/4947"}],"wp:featuredmedia":[{"embeddable":true,"href":"https:\/\/www.bestwyll.com\/de\/wp-json\/wp\/v2\/media\/4940"}],"wp:attachment":[{"href":"https:\/\/www.bestwyll.com\/de\/wp-json\/wp\/v2\/media?parent=4939"}],"wp:term":[{"taxonomy":"product_brand","embeddable":true,"href":"https:\/\/www.bestwyll.com\/de\/wp-json\/wp\/v2\/product_brand?post=4939"},{"taxonomy":"product_cat","embeddable":true,"href":"https:\/\/www.bestwyll.com\/de\/wp-json\/wp\/v2\/product_cat?post=4939"},{"taxonomy":"product_tag","embeddable":true,"href":"https:\/\/www.bestwyll.com\/de\/wp-json\/wp\/v2\/product_tag?post=4939"}],"curies":[{"name":"wp","href":"https:\/\/api.w.org\/{rel}","templated":true}]}}