{"id":4645,"date":"2025-05-22T11:57:48","date_gmt":"2025-05-22T03:57:48","guid":{"rendered":"https:\/\/www.bestwyll.com\/product\/hard-fold-cover-for-2015-now-ford-f-150-6-5-bed-z09\/"},"modified":"2025-05-28T17:31:16","modified_gmt":"2025-05-28T09:31:16","slug":"hard-fold-cover-for-2015-now-ford-f-150-6-5-bed-z09","status":"publish","type":"product","link":"https:\/\/www.bestwyll.com\/de\/produkt\/hard-fold-cover-for-2015-now-ford-f-150-6-5-bed-z09\/","title":{"rendered":"Harte Faltabdeckung f\u00fcr Ford F-150 (ab 2015), 6,5-Fu\u00df-Ladefl\u00e4che Z09"},"content":{"rendered":"<div id=\"shopify-section-product-content\" class=\"shopify-section\">\n<section class=\"container\">\n<div id=\"product-46717052-content\" class=\"product-content anchor\">\n<div class=\"product-content__tabs anchor\" id=\"product-46717052-tabs\">\n<div class=\"product-tabs\">\n<div class=\"product-tabs__content\">\n<div id=\"block-product-content-description-662-1667466984685\" class=\"product-tabs__tab-item-wrapper\">\n                  <button class=\"collapsible-toggle heading heading--small hidden-lap-and-up\" aria-controls=\"block-product-content-description-662-1667466984685-content\" aria-expanded=\"true\">Beschreibung<svg width=\"12\" height=\"8\" class=\"icon icon--chevron\" viewbox=\"0 0 12 8\">\n        <path fill=\"none\" d=\"M1 1l5 5 5-5\" stroke=\"currentColor\" stroke-width=\"2\"><\/path>\n      <\/svg><\/button><\/p>\n<div class=\"product-tabs__tab-item-content rte\">\n<div>\n<table style=\"border-collapse: collapse;width: 100%\" border=\"1\">\n<tbody>\n<tr>\n<td style=\"width: 22.1053%\" width=\"98\"><span data-spm-anchor-id=\"a2700.details.0.i9.c116647e4iCCTd\">Funktion:<\/span><\/td>\n<td style=\"width: 25.0105%\" width=\"111\">\n<p data-spm-anchor-id=\"a2700.details.0.i10.310378e1ymz5Cp\">Wasserdicht<\/p>\n<\/td>\n<td style=\"width: 29.1789%\" width=\"130\">Markenname:<\/td>\n<td style=\"width: 23.7474%\" width=\"69\">BESTWYLL<\/td>\n<\/tr>\n<tr>\n<td style=\"width: 22.1053%\"><span data-spm-anchor-id=\"a2700.details.0.i13.71005863S3ir28\">Style:<\/span><\/td>\n<td style=\"width: 25.0105%\">Hard Trifold<\/td>\n<td style=\"width: 29.1789%\">Paket:<\/td>\n<td style=\"width: 23.7474%\">\n<p data-spm-anchor-id=\"a2700.details.0.i20.74746c73nBXrnk\">Karton<\/p>\n<\/td>\n<\/tr>\n<tr>\n<td style=\"width: 22.1053%\"><span data-spm-anchor-id=\"a2700.details.0.i16.c116647e4iCCTd\">Garantie:<\/span><\/td>\n<td style=\"width: 25.0105%\">1 Jahr<\/td>\n<td style=\"width: 29.1789%\">OEM\/ODM:<\/td>\n<td style=\"width: 23.7474%\">Kundenspezifisch erh\u00e4ltlich<\/td>\n<\/tr>\n<tr>\n<td style=\"width: 22.1053%\">Mindestbestellmenge:<\/td>\n<td style=\"width: 25.0105%\">10 S\u00e4tze<\/td>\n<td style=\"width: 29.1789%\">LIEFERZEIT:<\/td>\n<td style=\"width: 23.7474%\">7\u201315 Tage<\/td>\n<\/tr>\n<\/tbody>\n<\/table>\n<p>\u00a0<\/p>\n<table style=\"border-collapse: collapse;width: 100.042%\" border=\"1\">\n<tbody>\n<tr>\n<td style=\"width: 13.3838%\">\n<div class=\"magic-6\" data-spm-anchor-id=\"a2700.details.0.i8.e7f33521ljUuod\">\n<div class=\"magic-7\" data-spm-anchor-id=\"a2700.custom-template.0.i28.79423333oXQkDE\"><strong><span class=\"magic-8\">Produktname<\/span><\/strong><\/div>\n<\/div>\n<\/td>\n<td style=\"width: 86.6162%\">\n<div class=\"magic-9\">\n<div class=\"magic-10\" data-spm-anchor-id=\"a2700.custom-template.0.i51.79423333oXQkDE\">BESTWYLL Hard Fold Cover For 2015-Now Ford F-150, 6.5&#8242; Bed Z09<\/div>\n<\/div>\n<\/td>\n<\/tr>\n<tr>\n<td style=\"width: 13.3838%\">\n<div class=\"magic-6\">\n<div class=\"magic-7\" data-spm-anchor-id=\"a2700.custom-template.0.i25.79423333oXQkDE\"><strong><span class=\"magic-8\">Modus<\/span><\/strong><\/div>\n<\/div>\n<\/td>\n<td style=\"width: 86.6162%\">\n<div class=\"magic-9\">\n<div class=\"magic-10\" data-spm-anchor-id=\"a2700.custom-template.0.i52.79423333oXQkDE\"><span class=\"magic-8\">Handbuch<\/span><\/div>\n<\/div>\n<\/td>\n<\/tr>\n<tr>\n<td style=\"width: 13.3838%\">\n<div class=\"magic-6\">\n<div class=\"magic-7\" data-spm-anchor-id=\"a2700.custom-template.0.i22.79423333oXQkDE\"><strong><span class=\"magic-8\">Material<\/span><\/strong><\/div>\n<\/div>\n<\/td>\n<td style=\"width: 86.6162%\">\n<div class=\"magic-9\">\n<div class=\"magic-10\" data-spm-anchor-id=\"a2700.custom-template.0.i23.79423333oXQkDE\"><span class=\"magic-8\">Aluminiumlegierung<\/span><\/div>\n<\/div>\n<\/td>\n<\/tr>\n<tr>\n<td style=\"width: 13.3838%\">\n<div class=\"magic-6\">\n<div class=\"magic-7\" data-spm-anchor-id=\"a2700.custom-template.0.i27.79423333oXQkDE\"><strong><span class=\"magic-8\">IP-Schutzart<\/span><\/strong><\/div>\n<\/div>\n<\/td>\n<td style=\"width: 86.6162%\">\n<div class=\"magic-9\">\n<div class=\"magic-10\" data-spm-anchor-id=\"a2700.custom-template.0.i40.79423333oXQkDE\"><span class=\"magic-8\">IP56<\/span><\/div>\n<\/div>\n<\/td>\n<\/tr>\n<tr>\n<td style=\"width: 13.3838%\">\n<div class=\"magic-6\">\n<div class=\"magic-7\" data-spm-anchor-id=\"a2700.custom-template.0.i31.79423333oXQkDE\"><strong data-spm-anchor-id=\"a2700.custom-template.0.i38.79423333oXQkDE\"><span class=\"magic-8\">Lieferzeit<\/span><\/strong><\/div>\n<\/div>\n<\/td>\n<td style=\"width: 86.6162%\">\n<div class=\"magic-9\">\n<div class=\"magic-10\" data-spm-anchor-id=\"a2700.custom-template.0.i34.79423333oXQkDE\"><span class=\"magic-8\">Innerhalb von 7\u201315 Tagen nach Zahlung<\/span><\/div>\n<\/div>\n<\/td>\n<\/tr>\n<tr>\n<td style=\"width: 13.3838%\">\n<div class=\"magic-6\">\n<div class=\"magic-7\"><strong><span class=\"magic-8\">OEM<\/span><\/strong><\/div>\n<\/div>\n<\/td>\n<td style=\"width: 86.6162%\">\n<div class=\"magic-9\">\n<div class=\"magic-10\">Kundenspezifisch verf\u00fcgbar<\/div>\n<\/div>\n<\/td>\n<\/tr>\n<\/tbody>\n<\/table>\n<\/div>\n<\/div><\/div>\n<\/div>\n<\/div><\/div>\n<\/div>\n<\/section>\n<style>\n  .trust_icon_small img{\n    height: 35px;\n  }\n<\/style>\n<\/div>","protected":false},"excerpt":{"rendered":"<p>Unsere Produkte sind stilvoll und langlebig und f\u00fcr den t\u00e4glichen Einsatz unter allen Bedingungen konzipiert. Unsere engagierten Forschungs- und Entwicklungsteams in China wissen, wie anspruchsvoll das sein kann. Deshalb bieten wir Ihnen das Beste aus zwei Welten: Premiumqualit\u00e4t und Design, das den h\u00e4rtesten Bedingungen der Welt standh\u00e4lt.<\/p>","protected":false},"featured_media":4646,"template":"","meta":[],"product_brand":[],"product_cat":[16,44,105],"product_tag":[],"class_list":{"0":"post-4645","1":"product","2":"type-product","3":"status-publish","4":"has-post-thumbnail","6":"product_cat-hard-tri-fold","7":"product_cat-for-ford-hard-tri-fold","8":"product_cat-ford","10":"first","11":"instock","12":"shipping-taxable","13":"product-type-simple"},"_links":{"self":[{"href":"https:\/\/www.bestwyll.com\/de\/wp-json\/wp\/v2\/product\/4645","targetHints":{"allow":["GET"]}}],"collection":[{"href":"https:\/\/www.bestwyll.com\/de\/wp-json\/wp\/v2\/product"}],"about":[{"href":"https:\/\/www.bestwyll.com\/de\/wp-json\/wp\/v2\/types\/product"}],"version-history":[{"count":1,"href":"https:\/\/www.bestwyll.com\/de\/wp-json\/wp\/v2\/product\/4645\/revisions"}],"predecessor-version":[{"id":4653,"href":"https:\/\/www.bestwyll.com\/de\/wp-json\/wp\/v2\/product\/4645\/revisions\/4653"}],"wp:featuredmedia":[{"embeddable":true,"href":"https:\/\/www.bestwyll.com\/de\/wp-json\/wp\/v2\/media\/4646"}],"wp:attachment":[{"href":"https:\/\/www.bestwyll.com\/de\/wp-json\/wp\/v2\/media?parent=4645"}],"wp:term":[{"taxonomy":"product_brand","embeddable":true,"href":"https:\/\/www.bestwyll.com\/de\/wp-json\/wp\/v2\/product_brand?post=4645"},{"taxonomy":"product_cat","embeddable":true,"href":"https:\/\/www.bestwyll.com\/de\/wp-json\/wp\/v2\/product_cat?post=4645"},{"taxonomy":"product_tag","embeddable":true,"href":"https:\/\/www.bestwyll.com\/de\/wp-json\/wp\/v2\/product_tag?post=4645"}],"curies":[{"name":"wp","href":"https:\/\/api.w.org\/{rel}","templated":true}]}}