{"id":3792,"date":"2025-05-22T11:13:44","date_gmt":"2025-05-22T03:13:44","guid":{"rendered":"https:\/\/www.bestwyll.com\/product\/manual-retractable-tonneau-cover-for-ford-f150-raptor-k22\/"},"modified":"2025-05-28T17:19:24","modified_gmt":"2025-05-28T09:19:24","slug":"manual-retractable-tonneau-cover-for-ford-f150-raptor-k22","status":"publish","type":"product","link":"https:\/\/www.bestwyll.com\/de\/produkt\/manual-retractable-tonneau-cover-for-ford-f150-raptor-k22\/","title":{"rendered":"Manuell einziehbare Persenning f\u00fcr Ford F150 Raptor K22"},"content":{"rendered":"<div id=\"shopify-section-product-content\" class=\"shopify-section\">\n<section class=\"container\">\n<div id=\"product-47902651-content\" class=\"product-content anchor\">\n<div class=\"product-content__tabs anchor\" id=\"product-47902651-tabs\">\n<div class=\"product-tabs\">\n<div class=\"product-tabs__content\">\n<div id=\"block-product-content-description-662-1667466984685\" class=\"product-tabs__tab-item-wrapper\">\n                  <button class=\"collapsible-toggle heading heading--small hidden-lap-and-up\" aria-controls=\"block-product-content-description-662-1667466984685-content\" aria-expanded=\"true\">Beschreibung<svg width=\"12\" height=\"8\" class=\"icon icon--chevron\" viewbox=\"0 0 12 8\">\n        <path fill=\"none\" d=\"M1 1l5 5 5-5\" stroke=\"currentColor\" stroke-width=\"2\"><\/path>\n      <\/svg><\/button><\/p>\n<div class=\"product-tabs__tab-item-content rte\">\n<div>\n<table style=\"border-collapse: collapse;width: 100.055%\" border=\"1\">\n<tbody>\n<tr>\n<td style=\"width: 22.093%\" width=\"98\"><span data-spm-anchor-id=\"a2700.details.0.i9.c116647e4iCCTd\">Funktion:<\/span><\/td>\n<td style=\"width: 24.9169%\" width=\"111\">\n<p data-spm-anchor-id=\"a2700.details.0.i10.310378e1ymz5Cp\">Wasserdicht<\/p>\n<\/td>\n<td style=\"width: 29.0698%\" width=\"130\">Markenname:<\/td>\n<td style=\"width: 23.7542%\" width=\"69\">BESTWYLL<\/td>\n<\/tr>\n<tr>\n<td style=\"width: 22.093%\"><span data-spm-anchor-id=\"a2700.details.0.i15.13b960141rY4JI\">Autotyp:<\/span><\/td>\n<td style=\"width: 24.9169%\">\n<p data-spm-anchor-id=\"a2700.details.0.i16.13b960141rY4JI\">6.8&#8217;bed<\/p>\n<\/td>\n<td style=\"width: 29.0698%\"><span data-spm-anchor-id=\"a2700.details.0.i10.5ede4a8bT1iVHT\">Mehr Design f\u00fcr:<\/span><\/td>\n<td style=\"width: 23.7542%\">\n<p data-spm-anchor-id=\"a2700.details.0.i9.191d5c5fbV5X6P\">For Ford F150 Raptor 2015-2020<\/p>\n<\/td>\n<\/tr>\n<tr>\n<td style=\"width: 22.093%\"><span data-spm-anchor-id=\"a2700.details.0.i16.c116647e4iCCTd\">Garantie:<\/span><\/td>\n<td style=\"width: 24.9169%\">1 Jahr<\/td>\n<td style=\"width: 29.0698%\">OEM\/ODM:<\/td>\n<td style=\"width: 23.7542%\">Kundenspezifisch erh\u00e4ltlich<\/td>\n<\/tr>\n<tr>\n<td style=\"width: 22.093%\">Mindestbestellmenge:<\/td>\n<td style=\"width: 24.9169%\">10 S\u00e4tze<\/td>\n<td style=\"width: 29.0698%\">LIEFERZEIT:<\/td>\n<td style=\"width: 23.7542%\">7\u201315 Tage<\/td>\n<\/tr>\n<\/tbody>\n<\/table>\n<p>\u00a0<\/p>\n<table style=\"border-collapse: collapse;width: 100.055%\" border=\"1\">\n<tbody>\n<tr>\n<td style=\"width: 20.4319%\">\n<div class=\"magic-6\">\n<div class=\"magic-7\" data-spm-anchor-id=\"a2700.custom-template.0.i28.79423333oXQkDE\"><strong><span class=\"magic-8\">Produktname<\/span><\/strong><\/div>\n<\/div>\n<\/td>\n<td style=\"width: 79.5681%\">\n<div class=\"magic-9\">\n<div class=\"magic-10\" data-spm-anchor-id=\"a2700.custom-template.0.i51.79423333oXQkDE\">BESTWYLL Manual Retractable Tonneau Cover For Ford F150 Raptor K22<\/div>\n<\/div>\n<\/td>\n<\/tr>\n<tr>\n<td style=\"width: 20.4319%\">\n<div class=\"magic-6\">\n<div class=\"magic-7\" data-spm-anchor-id=\"a2700.custom-template.0.i25.79423333oXQkDE\"><strong><span class=\"magic-8\">Modus<\/span><\/strong><\/div>\n<\/div>\n<\/td>\n<td style=\"width: 79.5681%\">\n<div class=\"magic-9\">\n<div class=\"magic-10\" data-spm-anchor-id=\"a2700.custom-template.0.i52.79423333oXQkDE\">Handbuch<\/div>\n<\/div>\n<\/td>\n<\/tr>\n<tr>\n<td style=\"width: 20.4319%\">\n<div class=\"magic-6\">\n<div class=\"magic-7\" data-spm-anchor-id=\"a2700.custom-template.0.i22.79423333oXQkDE\"><strong><span class=\"magic-8\">Material<\/span><\/strong><\/div>\n<\/div>\n<\/td>\n<td style=\"width: 79.5681%\">\n<div class=\"magic-9\">\n<div class=\"magic-10\" data-spm-anchor-id=\"a2700.custom-template.0.i23.79423333oXQkDE\"><span class=\"magic-8\">Aluminiumlegierung<\/span><\/div>\n<\/div>\n<\/td>\n<\/tr>\n<tr>\n<td style=\"width: 20.4319%\">\n<div class=\"magic-6\">\n<div class=\"magic-7\" data-spm-anchor-id=\"a2700.custom-template.0.i27.79423333oXQkDE\"><strong><span class=\"magic-8\">IP-Schutzart<\/span><\/strong><\/div>\n<\/div>\n<\/td>\n<td style=\"width: 79.5681%\">\n<div class=\"magic-9\">\n<div class=\"magic-10\" data-spm-anchor-id=\"a2700.custom-template.0.i40.79423333oXQkDE\"><span class=\"magic-8\">IP56<\/span><\/div>\n<\/div>\n<\/td>\n<\/tr>\n<tr>\n<td style=\"width: 20.4319%\">\n<div class=\"magic-6\">\n<div class=\"magic-7\" data-spm-anchor-id=\"a2700.custom-template.0.i31.79423333oXQkDE\"><strong data-spm-anchor-id=\"a2700.custom-template.0.i38.79423333oXQkDE\"><span class=\"magic-8\">Lieferzeit<\/span><\/strong><\/div>\n<\/div>\n<\/td>\n<td style=\"width: 79.5681%\">\n<div class=\"magic-9\">\n<div class=\"magic-10\" data-spm-anchor-id=\"a2700.custom-template.0.i34.79423333oXQkDE\"><span class=\"magic-8\">Innerhalb von 7\u201315 Tagen nach Zahlung<\/span><\/div>\n<\/div>\n<\/td>\n<\/tr>\n<tr>\n<td style=\"width: 20.4319%\">\n<div class=\"magic-6\">\n<div class=\"magic-7\"><strong><span class=\"magic-8\">OEM<\/span><\/strong><\/div>\n<\/div>\n<\/td>\n<td style=\"width: 79.5681%\">\n<div class=\"magic-9\">\n<div class=\"magic-10\">Kundenspezifisch verf\u00fcgbar<\/div>\n<\/div>\n<\/td>\n<\/tr>\n<\/tbody>\n<\/table>\n<\/div>\n<\/div><\/div>\n<\/div>\n<\/div><\/div>\n<\/div>\n<\/section>\n<style>\n  .trust_icon_small img{\n    height: 35px;\n  }\n<\/style>\n<\/div>","protected":false},"excerpt":{"rendered":"<p>Unsere Produkte sind stilvoll und langlebig und f\u00fcr den t\u00e4glichen Einsatz unter allen Bedingungen konzipiert. Unsere engagierten Forschungs- und Entwicklungsteams in China wissen, wie anspruchsvoll das sein kann. Deshalb bieten wir Ihnen das Beste aus zwei Welten: Premiumqualit\u00e4t und Design, das den h\u00e4rtesten Bedingungen der Welt standh\u00e4lt.<\/p>","protected":false},"featured_media":3793,"template":"","meta":[],"product_brand":[],"product_cat":[83,24,105],"product_tag":[],"class_list":{"0":"post-3792","1":"product","2":"type-product","3":"status-publish","4":"has-post-thumbnail","6":"product_cat-tonneau-cover","7":"product_cat-for-ford","8":"product_cat-ford","10":"first","11":"instock","12":"shipping-taxable","13":"product-type-simple"},"_links":{"self":[{"href":"https:\/\/www.bestwyll.com\/de\/wp-json\/wp\/v2\/product\/3792","targetHints":{"allow":["GET"]}}],"collection":[{"href":"https:\/\/www.bestwyll.com\/de\/wp-json\/wp\/v2\/product"}],"about":[{"href":"https:\/\/www.bestwyll.com\/de\/wp-json\/wp\/v2\/types\/product"}],"version-history":[{"count":1,"href":"https:\/\/www.bestwyll.com\/de\/wp-json\/wp\/v2\/product\/3792\/revisions"}],"predecessor-version":[{"id":3803,"href":"https:\/\/www.bestwyll.com\/de\/wp-json\/wp\/v2\/product\/3792\/revisions\/3803"}],"wp:featuredmedia":[{"embeddable":true,"href":"https:\/\/www.bestwyll.com\/de\/wp-json\/wp\/v2\/media\/3793"}],"wp:attachment":[{"href":"https:\/\/www.bestwyll.com\/de\/wp-json\/wp\/v2\/media?parent=3792"}],"wp:term":[{"taxonomy":"product_brand","embeddable":true,"href":"https:\/\/www.bestwyll.com\/de\/wp-json\/wp\/v2\/product_brand?post=3792"},{"taxonomy":"product_cat","embeddable":true,"href":"https:\/\/www.bestwyll.com\/de\/wp-json\/wp\/v2\/product_cat?post=3792"},{"taxonomy":"product_tag","embeddable":true,"href":"https:\/\/www.bestwyll.com\/de\/wp-json\/wp\/v2\/product_tag?post=3792"}],"curies":[{"name":"wp","href":"https:\/\/api.w.org\/{rel}","templated":true}]}}