{"id":3297,"date":"2025-05-08T11:01:39","date_gmt":"2025-05-08T03:01:39","guid":{"rendered":"https:\/\/www.bestwyll.com\/product\/electric-truck-cover-for-benz-mercedes-x-class-compatible-with-hilux-revo-2017-e-k11\/"},"modified":"2025-05-08T11:01:48","modified_gmt":"2025-05-08T03:01:48","slug":"electric-truck-cover-for-benz-mercedes-x-class-compatible-with-hilux-revo-2017-e-k11","status":"publish","type":"product","link":"https:\/\/www.bestwyll.com\/de\/produkt\/electric-truck-cover-for-benz-mercedes-x-class-compatible-with-hilux-revo-2017-e-k11\/","title":{"rendered":"Elektro-LKW-Abdeckung f\u00fcr Benz Mercedes X-Klasse (kompatibel mit Hilux Revo) 2017+ E-K11"},"content":{"rendered":"<div id=\"shopify-section-product-content\" class=\"shopify-section\">\n<section class=\"container\">\n<div id=\"product-46717806-content\" class=\"product-content anchor\">\n<div class=\"product-content__tabs anchor\" id=\"product-46717806-tabs\">\n<div class=\"product-tabs\">\n<div class=\"product-tabs__content\">\n<div id=\"block-product-content-description-662-1667466984685\" class=\"product-tabs__tab-item-wrapper\">\n                  <button class=\"collapsible-toggle heading heading--small hidden-lap-and-up\" aria-controls=\"block-product-content-description-662-1667466984685-content\" aria-expanded=\"true\">Beschreibung<svg width=\"12\" height=\"8\" class=\"icon icon--chevron\" viewbox=\"0 0 12 8\">\n        <path fill=\"none\" d=\"M1 1l5 5 5-5\" stroke=\"currentColor\" stroke-width=\"2\"><\/path>\n      <\/svg><\/button><\/p>\n<div class=\"product-tabs__tab-item-content rte\">\n<div>\n<table style=\"border-collapse: collapse;width: 100.042%\" border=\"1\">\n<tbody>\n<tr>\n<td style=\"width: 22.096%\" width=\"98\"><span data-spm-anchor-id=\"a2700.details.0.i9.c116647e4iCCTd\">Funktion:<\/span><\/td>\n<td style=\"width: 25%\" width=\"111\">\n<p data-spm-anchor-id=\"a2700.details.0.i10.310378e1ymz5Cp\">Wasserdicht<\/p>\n<\/td>\n<td style=\"width: 29.1667%\" width=\"130\">Markenname:<\/td>\n<td style=\"width: 23.7374%\" width=\"69\">BESTWYLL<\/td>\n<\/tr>\n<tr>\n<td style=\"width: 22.096%\"><span data-spm-anchor-id=\"a2700.details.0.i12.c116647e4iCCTd\">Seitenrutschentyp:<\/span><\/td>\n<td style=\"width: 25%\">\n<p data-spm-anchor-id=\"a2700.details.0.i11.310378e1ymz5Cp\">K-Typ, Y-Typ optional<\/p>\n<\/td>\n<td style=\"width: 29.1667%\">Anwendung<\/td>\n<td style=\"width: 23.7374%\">\n<p data-spm-anchor-id=\"a2700.details.0.i24.55b86d626q2qJO\">4\u00d74 Offroad-Zubeh\u00f6r<\/p>\n<\/td>\n<\/tr>\n<tr>\n<td style=\"width: 22.096%\"><span data-spm-anchor-id=\"a2700.details.0.i16.c116647e4iCCTd\">Garantie:<\/span><\/td>\n<td style=\"width: 25%\">1 Jahr<\/td>\n<td style=\"width: 29.1667%\">OEM\/ODM:<\/td>\n<td style=\"width: 23.7374%\">Kundenspezifisch erh\u00e4ltlich<\/td>\n<\/tr>\n<tr>\n<td style=\"width: 22.096%\">Mindestbestellmenge:<\/td>\n<td style=\"width: 25%\">10 S\u00e4tze<\/td>\n<td style=\"width: 29.1667%\">LIEFERZEIT:<\/td>\n<td style=\"width: 23.7374%\">7\u201315 Tage<\/td>\n<\/tr>\n<\/tbody>\n<\/table>\n<p>\u00a0<\/p>\n<table style=\"border-collapse: collapse;width: 100.042%\" border=\"1\">\n<tbody>\n<tr>\n<td style=\"width: 12.7525%\">\n<div class=\"magic-6\" data-spm-anchor-id=\"a2700.details.0.i8.4ac47a6eNbIiCX\">\n<div class=\"magic-7\" data-spm-anchor-id=\"a2700.custom-template.0.i28.79423333oXQkDE\"><strong><span class=\"magic-8\">Produktname<\/span><\/strong><\/div>\n<\/div>\n<\/td>\n<td style=\"width: 87.2475%\">\n<div class=\"magic-9\">\n<div class=\"magic-10\" data-spm-anchor-id=\"a2700.custom-template.0.i51.79423333oXQkDE\">BESTWYLL Elektro-LKW-Abdeckung f\u00fcr Benz Mercedes X-Klasse (kompatibel mit Hilux Revo) 2017+ E-K11<\/div>\n<\/div>\n<\/td>\n<\/tr>\n<tr>\n<td style=\"width: 12.7525%\">\n<div class=\"magic-6\">\n<div class=\"magic-7\" data-spm-anchor-id=\"a2700.custom-template.0.i25.79423333oXQkDE\"><strong><span class=\"magic-8\">Modus<\/span><\/strong><\/div>\n<\/div>\n<\/td>\n<td style=\"width: 87.2475%\">\n<div class=\"magic-9\">\n<div class=\"magic-10\" data-spm-anchor-id=\"a2700.custom-template.0.i52.79423333oXQkDE\"><span class=\"magic-8\">Elektrisch<\/span><\/div>\n<\/div>\n<\/td>\n<\/tr>\n<tr>\n<td style=\"width: 12.7525%\">\n<div class=\"magic-6\">\n<div class=\"magic-7\" data-spm-anchor-id=\"a2700.custom-template.0.i22.79423333oXQkDE\"><strong><span class=\"magic-8\">Material<\/span><\/strong><\/div>\n<\/div>\n<\/td>\n<td style=\"width: 87.2475%\">\n<div class=\"magic-9\">\n<div class=\"magic-10\" data-spm-anchor-id=\"a2700.custom-template.0.i23.79423333oXQkDE\"><span class=\"magic-8\">Aluminiumlegierung<\/span><\/div>\n<\/div>\n<\/td>\n<\/tr>\n<tr>\n<td style=\"width: 12.7525%\">\n<div class=\"magic-6\">\n<div class=\"magic-7\" data-spm-anchor-id=\"a2700.custom-template.0.i27.79423333oXQkDE\"><strong><span class=\"magic-8\">IP-Schutzart<\/span><\/strong><\/div>\n<\/div>\n<\/td>\n<td style=\"width: 87.2475%\">\n<div class=\"magic-9\">\n<div class=\"magic-10\" data-spm-anchor-id=\"a2700.custom-template.0.i40.79423333oXQkDE\"><span class=\"magic-8\">IP56<\/span><\/div>\n<\/div>\n<\/td>\n<\/tr>\n<tr>\n<td style=\"width: 12.7525%\">\n<div class=\"magic-6\">\n<div class=\"magic-7\" data-spm-anchor-id=\"a2700.custom-template.0.i31.79423333oXQkDE\"><strong data-spm-anchor-id=\"a2700.custom-template.0.i38.79423333oXQkDE\"><span class=\"magic-8\">Lieferzeit<\/span><\/strong><\/div>\n<\/div>\n<\/td>\n<td style=\"width: 87.2475%\">\n<div class=\"magic-9\">\n<div class=\"magic-10\" data-spm-anchor-id=\"a2700.custom-template.0.i34.79423333oXQkDE\"><span class=\"magic-8\">Innerhalb von 7\u201315 Tagen nach Zahlung<\/span><\/div>\n<\/div>\n<\/td>\n<\/tr>\n<tr>\n<td style=\"width: 12.7525%\">\n<div class=\"magic-6\">\n<div class=\"magic-7\"><strong><span class=\"magic-8\">OEM<\/span><\/strong><\/div>\n<\/div>\n<\/td>\n<td style=\"width: 87.2475%\">\n<div class=\"magic-9\">\n<div class=\"magic-10\">Kundenspezifisch verf\u00fcgbar<\/div>\n<\/div>\n<\/td>\n<\/tr>\n<\/tbody>\n<\/table>\n<\/div>\n<\/div><\/div>\n<\/div>\n<\/div><\/div>\n<\/div>\n<\/section>\n<style>\n  .trust_icon_small img{\n    height: 35px;\n  }\n<\/style>\n<\/div>","protected":false},"excerpt":{"rendered":"<p>Unsere Produkte sind stilvoll und langlebig und f\u00fcr den t\u00e4glichen Einsatz unter allen Bedingungen konzipiert. Unsere engagierten Forschungs- und Entwicklungsteams in China wissen, wie anspruchsvoll das sein kann. Deshalb bieten wir Ihnen das Beste aus zwei Welten: Premiumqualit\u00e4t und Design, das den h\u00e4rtesten Bedingungen der Welt standh\u00e4lt.<\/p>","protected":false},"featured_media":3298,"template":"","meta":[],"product_brand":[],"product_cat":[83],"product_tag":[],"class_list":{"0":"post-3297","1":"product","2":"type-product","3":"status-publish","4":"has-post-thumbnail","6":"product_cat-tonneau-cover","8":"first","9":"instock","10":"shipping-taxable","11":"product-type-simple"},"_links":{"self":[{"href":"https:\/\/www.bestwyll.com\/de\/wp-json\/wp\/v2\/product\/3297","targetHints":{"allow":["GET"]}}],"collection":[{"href":"https:\/\/www.bestwyll.com\/de\/wp-json\/wp\/v2\/product"}],"about":[{"href":"https:\/\/www.bestwyll.com\/de\/wp-json\/wp\/v2\/types\/product"}],"version-history":[{"count":1,"href":"https:\/\/www.bestwyll.com\/de\/wp-json\/wp\/v2\/product\/3297\/revisions"}],"predecessor-version":[{"id":3305,"href":"https:\/\/www.bestwyll.com\/de\/wp-json\/wp\/v2\/product\/3297\/revisions\/3305"}],"wp:featuredmedia":[{"embeddable":true,"href":"https:\/\/www.bestwyll.com\/de\/wp-json\/wp\/v2\/media\/3298"}],"wp:attachment":[{"href":"https:\/\/www.bestwyll.com\/de\/wp-json\/wp\/v2\/media?parent=3297"}],"wp:term":[{"taxonomy":"product_brand","embeddable":true,"href":"https:\/\/www.bestwyll.com\/de\/wp-json\/wp\/v2\/product_brand?post=3297"},{"taxonomy":"product_cat","embeddable":true,"href":"https:\/\/www.bestwyll.com\/de\/wp-json\/wp\/v2\/product_cat?post=3297"},{"taxonomy":"product_tag","embeddable":true,"href":"https:\/\/www.bestwyll.com\/de\/wp-json\/wp\/v2\/product_tag?post=3297"}],"curies":[{"name":"wp","href":"https:\/\/api.w.org\/{rel}","templated":true}]}}