{"id":3058,"date":"2025-05-22T10:55:42","date_gmt":"2025-05-22T02:55:42","guid":{"rendered":"https:\/\/www.bestwyll.com\/product\/electric-tonneau-cover-for-e-f03-2018-chevrolet-colorado-high-countrythailand-version\/"},"modified":"2025-09-27T10:00:15","modified_gmt":"2025-09-27T02:00:15","slug":"electric-tonneau-cover-for-e-f03-2018-chevrolet-colorado-high-countrythailand-version","status":"publish","type":"product","link":"https:\/\/www.bestwyll.com\/de\/produkt\/electric-tonneau-cover-for-e-f03-2018-chevrolet-colorado-high-countrythailand-version\/","title":{"rendered":"Elektrische Ladefl\u00e4chenabdeckung f\u00fcr E-F03 2018 Chevrolet Colorado High Country (Thailand-Version)"},"content":{"rendered":"<div id=\"shopify-section-product-content\" class=\"shopify-section\">\n<section class=\"container\">\n<div id=\"product-46716477-content\" class=\"product-content anchor\">\n<div class=\"product-content__tabs anchor\" id=\"product-46716477-tabs\">\n<div class=\"product-tabs\">\n<div class=\"product-tabs__content\">\n<div id=\"block-product-content-description-662-1667466984685\" class=\"product-tabs__tab-item-wrapper\">\n                  <button class=\"collapsible-toggle heading heading--small hidden-lap-and-up\" aria-controls=\"block-product-content-description-662-1667466984685-content\" aria-expanded=\"true\">Beschreibung<svg width=\"12\" height=\"8\" class=\"icon icon--chevron\" viewbox=\"0 0 12 8\">\n        <path fill=\"none\" d=\"M1 1l5 5 5-5\" stroke=\"currentColor\" stroke-width=\"2\"><\/path>\n      <\/svg><\/button><\/p>\n<div class=\"product-tabs__tab-item-content rte\">\n<div>\n<table style=\"border-collapse: collapse;width: 100.055%\" border=\"1\">\n<tbody>\n<tr>\n<td style=\"height: 14pt;width: 21.9269%\" width=\"69\" height=\"19\"><span style=\"vertical-align: baseline\" title=\"Function\" data-spm-anchor-id=\"a2700.details.0.i9.c116647e4iCCTd\">Funktion:<\/span><\/td>\n<td style=\"width: 20.7641%\" width=\"69\">Warranty<\/td>\n<td style=\"width: 26.2458%\" width=\"69\"><span lang=\"EN-US\">Markenname:<\/span><\/td>\n<td style=\"width: 31.0631%\" width=\"69\">BESTWYLL<\/td>\n<\/tr>\n<tr>\n<td style=\"height: 14pt;width: 21.9269%\" height=\"19\"><span style=\"vertical-align: baseline\" title=\"Side Chute Type\" data-spm-anchor-id=\"a2700.details.0.i12.c116647e4iCCTd\">Seitenrutschentyp:<\/span><\/td>\n<td style=\"width: 20.7641%\"><span style=\"text-align: start\">F Type<\/span><\/td>\n<td style=\"width: 26.2458%\"><span lang=\"EN-US\">Autotyp:<\/span><\/td>\n<td style=\"width: 31.0631%\"><span lang=\"EN-US\">5.8ft Bed,6.5ft Bed, 6.8ft Bed, 8ft Bed<\/span><\/td>\n<\/tr>\n<tr>\n<td style=\"height: 14pt;width: 21.9269%\" height=\"19\"><span style=\"vertical-align: baseline\" title=\"Warranty\" data-spm-anchor-id=\"a2700.details.0.i16.c116647e4iCCTd\">Garantie:<\/span><\/td>\n<td style=\"width: 20.7641%\"><span lang=\"EN-US\">1 Jahr<\/span><\/td>\n<td style=\"width: 26.2458%\"><span lang=\"EN-US\">OEM\/ODM:<\/span><\/td>\n<td style=\"width: 31.0631%\"><span lang=\"EN-US\">Kundenspezifisch verf\u00fcgbar<\/span><\/td>\n<\/tr>\n<tr>\n<td style=\"height: 14pt;width: 21.9269%\" height=\"19\"><span lang=\"EN-US\">Mindestbestellmenge:<\/span><\/td>\n<td style=\"width: 20.7641%\"><span lang=\"EN-US\">10 S\u00e4tze<\/span><\/td>\n<td style=\"width: 26.2458%\"><span lang=\"EN-US\">LIEFERZEIT:<\/span><\/td>\n<td style=\"width: 31.0631%\"><span lang=\"EN-US\">7-15 Tage<\/span><\/td>\n<\/tr>\n<\/tbody>\n<\/table>\n<p>\u00a0<\/p>\n<table style=\"border-collapse: collapse;width: 100%\" border=\"1\">\n<tbody>\n<tr>\n<td style=\"width: 20.711%\">\n<div class=\"magic-6\">\n<div class=\"magic-7\" data-spm-anchor-id=\"a2700.custom-template.0.i28.79423333oXQkDE\"><strong><span class=\"magic-8\">Produktname<\/span><\/strong><\/div>\n<\/div>\n<\/td>\n<td style=\"width: 79.289%\">\n<div class=\"magic-9\">\n<div class=\"magic-10\" data-spm-anchor-id=\"a2700.custom-template.0.i51.79423333oXQkDE\">BESTWYLL Electric Tonneau Cover For E-F03 2018 Chevrolet Colorado High Country(Thailand Version)<\/div>\n<\/div>\n<\/td>\n<\/tr>\n<tr>\n<td style=\"width: 20.711%\">\n<div class=\"magic-6\">\n<div class=\"magic-7\" data-spm-anchor-id=\"a2700.custom-template.0.i25.79423333oXQkDE\"><strong><span class=\"magic-8\">Modus<\/span><\/strong><\/div>\n<\/div>\n<\/td>\n<td style=\"width: 79.289%\">\n<div class=\"magic-9\" data-spm-anchor-id=\"a2700.details.0.i7.c116647e4iCCTd\">\n<div class=\"magic-10\" data-spm-anchor-id=\"a2700.custom-template.0.i52.79423333oXQkDE\"><span class=\"magic-8\">Elektrisch<\/span><\/div>\n<\/div>\n<\/td>\n<\/tr>\n<tr>\n<td style=\"width: 20.711%\">\n<div class=\"magic-6\">\n<div class=\"magic-7\" data-spm-anchor-id=\"a2700.custom-template.0.i22.79423333oXQkDE\"><strong><span class=\"magic-8\">Material<\/span><\/strong><\/div>\n<\/div>\n<\/td>\n<td style=\"width: 79.289%\">\n<div class=\"magic-9\">\n<div class=\"magic-10\" data-spm-anchor-id=\"a2700.custom-template.0.i23.79423333oXQkDE\"><span class=\"magic-8\">Aluminiumlegierung<\/span><\/div>\n<\/div>\n<\/td>\n<\/tr>\n<tr>\n<td style=\"width: 20.711%\">\n<div class=\"magic-6\">\n<div class=\"magic-7\" data-spm-anchor-id=\"a2700.custom-template.0.i27.79423333oXQkDE\"><strong><span class=\"magic-8\">IP-Schutzart<\/span><\/strong><\/div>\n<\/div>\n<\/td>\n<td style=\"width: 79.289%\">\n<div class=\"magic-9\">\n<div class=\"magic-10\" data-spm-anchor-id=\"a2700.custom-template.0.i40.79423333oXQkDE\"><span class=\"magic-8\">IP56<\/span><\/div>\n<\/div>\n<\/td>\n<\/tr>\n<tr>\n<td style=\"width: 20.711%\">\n<div class=\"magic-6\">\n<div class=\"magic-7\" data-spm-anchor-id=\"a2700.custom-template.0.i31.79423333oXQkDE\"><strong data-spm-anchor-id=\"a2700.custom-template.0.i38.79423333oXQkDE\"><span class=\"magic-8\">Lieferzeit<\/span><\/strong><\/div>\n<\/div>\n<\/td>\n<td style=\"width: 79.289%\">\n<div class=\"magic-9\">\n<div class=\"magic-10\" data-spm-anchor-id=\"a2700.custom-template.0.i34.79423333oXQkDE\"><span class=\"magic-8\">Innerhalb von 7-15 Tagen nach Zahlung<\/span><\/div>\n<\/div>\n<\/td>\n<\/tr>\n<tr>\n<td style=\"width: 20.711%\">\n<div class=\"magic-6\">\n<div class=\"magic-7\"><strong><span class=\"magic-8\">OEM<\/span><\/strong><\/div>\n<\/div>\n<\/td>\n<td style=\"width: 79.289%\">\n<div class=\"magic-9\">\n<div class=\"magic-10\">Kundenspezifisch verf\u00fcgbar<\/div>\n<\/div>\n<\/td>\n<\/tr>\n<\/tbody>\n<\/table>\n<\/div>\n<\/div><\/div>\n<\/div>\n<\/div><\/div>\n<\/div>\n<\/section>\n<style>\n  .trust_icon_small img{\n    height: 35px;\n  }\n<\/style>\n<\/div>","protected":false},"excerpt":{"rendered":"<p>Unsere Produkte sind stilvoll und langlebig und f\u00fcr den t\u00e4glichen Einsatz unter allen Bedingungen konzipiert. Unsere engagierten Forschungs- und Entwicklungsteams in China wissen, wie anspruchsvoll das sein kann. Deshalb bieten wir Ihnen das Beste aus zwei Welten: Premiumqualit\u00e4t und Design, das den h\u00e4rtesten Bedingungen der Welt standh\u00e4lt.<\/p>","protected":false},"featured_media":3059,"template":"","meta":[],"product_brand":[],"product_cat":[83,32,103],"product_tag":[],"class_list":{"0":"post-3058","1":"product","2":"type-product","3":"status-publish","4":"has-post-thumbnail","6":"product_cat-tonneau-cover","7":"product_cat-for-chevrolet","8":"product_cat-chevrolet","10":"first","11":"instock","12":"shipping-taxable","13":"product-type-simple"},"_links":{"self":[{"href":"https:\/\/www.bestwyll.com\/de\/wp-json\/wp\/v2\/product\/3058","targetHints":{"allow":["GET"]}}],"collection":[{"href":"https:\/\/www.bestwyll.com\/de\/wp-json\/wp\/v2\/product"}],"about":[{"href":"https:\/\/www.bestwyll.com\/de\/wp-json\/wp\/v2\/types\/product"}],"version-history":[{"count":1,"href":"https:\/\/www.bestwyll.com\/de\/wp-json\/wp\/v2\/product\/3058\/revisions"}],"predecessor-version":[{"id":3063,"href":"https:\/\/www.bestwyll.com\/de\/wp-json\/wp\/v2\/product\/3058\/revisions\/3063"}],"wp:featuredmedia":[{"embeddable":true,"href":"https:\/\/www.bestwyll.com\/de\/wp-json\/wp\/v2\/media\/3059"}],"wp:attachment":[{"href":"https:\/\/www.bestwyll.com\/de\/wp-json\/wp\/v2\/media?parent=3058"}],"wp:term":[{"taxonomy":"product_brand","embeddable":true,"href":"https:\/\/www.bestwyll.com\/de\/wp-json\/wp\/v2\/product_brand?post=3058"},{"taxonomy":"product_cat","embeddable":true,"href":"https:\/\/www.bestwyll.com\/de\/wp-json\/wp\/v2\/product_cat?post=3058"},{"taxonomy":"product_tag","embeddable":true,"href":"https:\/\/www.bestwyll.com\/de\/wp-json\/wp\/v2\/product_tag?post=3058"}],"curies":[{"name":"wp","href":"https:\/\/api.w.org\/{rel}","templated":true}]}}